{"id":800,"date":"2025-04-25T15:21:58","date_gmt":"2025-04-25T13:21:58","guid":{"rendered":"https:\/\/italboats.es\/boat\/avantgarde-a-700\/"},"modified":"2025-05-16T14:53:10","modified_gmt":"2025-05-16T12:53:10","slug":"avantgarde-a-700","status":"publish","type":"product","link":"https:\/\/italboats.es\/es\/barco\/avantgarde-a-700\/","title":{"rendered":"Avantgarde A700"},"content":{"rendered":"<p class=\"\" data-start=\"102\" data-end=\"533\">La m\u00e1s reciente construcci\u00f3n y dise\u00f1o del astillero Italboats, el Italboats 700 combina navegaci\u00f3n costera y rendimiento en mar abierto para crear el RIB definitivo de 7 metros. Como parte de la gama Predator, el modelo 700 ofrece una relaci\u00f3n calidad-precio excepcional, con una mezcla de caracter\u00edsticas incre\u00edbles que lo convierten en la embarcaci\u00f3n ideal para que toda la familia disfrute de un d\u00eda completo en el agua.<\/p>\n<p class=\"\" data-start=\"535\" data-end=\"839\">Todas las Italboats est\u00e1n construidas a mano con los m\u00e1s altos est\u00e1ndares de calidad en ITALIA, y son ampliamente reconocidas como una de las marcas m\u00e1s populares de Europa. El astillero Italboats ha estado construyendo embarcaciones desde 1987, acumulando m\u00e1s de 33 a\u00f1os de experiencia en el sector.<\/p>\n","protected":false},"excerpt":{"rendered":"<div id=\"_rich_text-33-1385\" class=\"oxy-rich-text\">\n<p>El dise\u00f1o y construcci\u00f3n m\u00e1s reciente, el <strong data-start=\"883\" data-end=\"900\">Italboats 700<\/strong>, combina navegaci\u00f3n diurna y rendimiento en mar abierto para ofrecer el RIB de 7 metros definitivo.<\/p>\n<\/div>\n","protected":false},"featured_media":714,"comment_status":"open","ping_status":"closed","template":"","meta":{"_acf_changed":false},"product_brand":[17],"product_cat":[31],"product_tag":[],"class_list":{"0":"post-800","1":"product","2":"type-product","3":"status-publish","4":"has-post-thumbnail","6":"product_brand-italboats","7":"product_cat-avant-garde-es","10":"first","11":"instock","12":"shipping-taxable","13":"product-type-simple"},"acf":[],"yoast_head":"<!-- This site is optimized with the Yoast SEO plugin v25.0 - https:\/\/yoast.com\/wordpress\/plugins\/seo\/ -->\n<title>Lancha RIB Avantgarde A700 | Distribuidor Oficial Italboats Espa\u00f1a<\/title>\n<meta name=\"description\" content=\"Resistente y compacta, la lancha RIB Avantgarde A550 es ideal para buceo, navegaci\u00f3n o rutas costeras. Disponible en Italboats Espa\u00f1a.\" \/>\n<meta name=\"robots\" content=\"index, follow, max-snippet:-1, max-image-preview:large, max-video-preview:-1\" \/>\n<link rel=\"canonical\" href=\"https:\/\/italboats.es\/es\/barco\/avantgarde-a-700\/\" \/>\n<meta property=\"og:locale\" content=\"es_ES\" \/>\n<meta property=\"og:type\" content=\"article\" \/>\n<meta property=\"og:title\" content=\"Lancha RIB Avantgarde A700 | Distribuidor Oficial Italboats Espa\u00f1a\" \/>\n<meta property=\"og:description\" content=\"Resistente y compacta, la lancha RIB Avantgarde A550 es ideal para buceo, navegaci\u00f3n o rutas costeras. Disponible en Italboats Espa\u00f1a.\" \/>\n<meta property=\"og:url\" content=\"https:\/\/italboats.es\/es\/barco\/avantgarde-a-700\/\" \/>\n<meta property=\"og:site_name\" content=\"Italboats Espa\u00f1a\" \/>\n<meta property=\"article:modified_time\" content=\"2025-05-16T12:53:10+00:00\" \/>\n<meta property=\"og:image\" content=\"https:\/\/italboats.es\/wp-content\/uploads\/2025\/04\/Avantgarde-A700-Italboats-Spain-1.jpg\" \/>\n\t<meta property=\"og:image:width\" content=\"1619\" \/>\n\t<meta property=\"og:image:height\" content=\"1080\" \/>\n\t<meta property=\"og:image:type\" content=\"image\/jpeg\" \/>\n<meta name=\"twitter:card\" content=\"summary_large_image\" \/>\n<meta name=\"twitter:label1\" content=\"Tiempo de lectura\" \/>\n\t<meta name=\"twitter:data1\" content=\"1 minuto\" \/>\n<script type=\"application\/ld+json\" class=\"yoast-schema-graph\">{\"@context\":\"https:\/\/schema.org\",\"@graph\":[{\"@type\":\"WebPage\",\"@id\":\"https:\/\/italboats.es\/es\/barco\/avantgarde-a-700\/\",\"url\":\"https:\/\/italboats.es\/es\/barco\/avantgarde-a-700\/\",\"name\":\"Lancha RIB Avantgarde A700 | Distribuidor Oficial Italboats Espa\u00f1a\",\"isPartOf\":{\"@id\":\"https:\/\/italboats.es\/es\/#website\"},\"primaryImageOfPage\":{\"@id\":\"https:\/\/italboats.es\/es\/barco\/avantgarde-a-700\/#primaryimage\"},\"image\":{\"@id\":\"https:\/\/italboats.es\/es\/barco\/avantgarde-a-700\/#primaryimage\"},\"thumbnailUrl\":\"https:\/\/italboats.es\/wp-content\/uploads\/2025\/04\/Avantgarde-A700-Italboats-Spain-1.jpg\",\"datePublished\":\"2025-04-25T13:21:58+00:00\",\"dateModified\":\"2025-05-16T12:53:10+00:00\",\"description\":\"Resistente y compacta, la lancha RIB Avantgarde A550 es ideal para buceo, navegaci\u00f3n o rutas costeras. Disponible en Italboats Espa\u00f1a.\",\"breadcrumb\":{\"@id\":\"https:\/\/italboats.es\/es\/barco\/avantgarde-a-700\/#breadcrumb\"},\"inLanguage\":\"es\",\"potentialAction\":[{\"@type\":\"ReadAction\",\"target\":[\"https:\/\/italboats.es\/es\/barco\/avantgarde-a-700\/\"]}]},{\"@type\":\"ImageObject\",\"inLanguage\":\"es\",\"@id\":\"https:\/\/italboats.es\/es\/barco\/avantgarde-a-700\/#primaryimage\",\"url\":\"https:\/\/italboats.es\/wp-content\/uploads\/2025\/04\/Avantgarde-A700-Italboats-Spain-1.jpg\",\"contentUrl\":\"https:\/\/italboats.es\/wp-content\/uploads\/2025\/04\/Avantgarde-A700-Italboats-Spain-1.jpg\",\"width\":1619,\"height\":1080,\"caption\":\"Avantgarde A700 RIB boat\"},{\"@type\":\"BreadcrumbList\",\"@id\":\"https:\/\/italboats.es\/es\/barco\/avantgarde-a-700\/#breadcrumb\",\"itemListElement\":[{\"@type\":\"ListItem\",\"position\":1,\"name\":\"Home\",\"item\":\"https:\/\/italboats.es\/es\/italboats\/\"},{\"@type\":\"ListItem\",\"position\":2,\"name\":\"Nuestra selecci\u00f3n\",\"item\":\"https:\/\/italboats.es\/es\/nuestra-seleccion\/\"},{\"@type\":\"ListItem\",\"position\":3,\"name\":\"Avantgarde A700\"}]},{\"@type\":\"WebSite\",\"@id\":\"https:\/\/italboats.es\/es\/#website\",\"url\":\"https:\/\/italboats.es\/es\/\",\"name\":\"Italboats Espa\u00f1a\",\"description\":\"\",\"publisher\":{\"@id\":\"https:\/\/italboats.es\/es\/#organization\"},\"potentialAction\":[{\"@type\":\"SearchAction\",\"target\":{\"@type\":\"EntryPoint\",\"urlTemplate\":\"https:\/\/italboats.es\/es\/?s={search_term_string}\"},\"query-input\":{\"@type\":\"PropertyValueSpecification\",\"valueRequired\":true,\"valueName\":\"search_term_string\"}}],\"inLanguage\":\"es\"},{\"@type\":\"Organization\",\"@id\":\"https:\/\/italboats.es\/es\/#organization\",\"name\":\"Italboats Espa\u00f1a\",\"url\":\"https:\/\/italboats.es\/es\/\",\"logo\":{\"@type\":\"ImageObject\",\"inLanguage\":\"es\",\"@id\":\"https:\/\/italboats.es\/es\/#\/schema\/logo\/image\/\",\"url\":\"https:\/\/italboats.es\/wp-content\/uploads\/2025\/04\/Italboats_logo_light_wide-2.png\",\"contentUrl\":\"https:\/\/italboats.es\/wp-content\/uploads\/2025\/04\/Italboats_logo_light_wide-2.png\",\"width\":1251,\"height\":153,\"caption\":\"Italboats Espa\u00f1a\"},\"image\":{\"@id\":\"https:\/\/italboats.es\/es\/#\/schema\/logo\/image\/\"}}]}<\/script>\n<!-- \/ Yoast SEO plugin. -->","yoast_head_json":{"title":"Lancha RIB Avantgarde A700 | Distribuidor Oficial Italboats Espa\u00f1a","description":"Resistente y compacta, la lancha RIB Avantgarde A550 es ideal para buceo, navegaci\u00f3n o rutas costeras. Disponible en Italboats Espa\u00f1a.","robots":{"index":"index","follow":"follow","max-snippet":"max-snippet:-1","max-image-preview":"max-image-preview:large","max-video-preview":"max-video-preview:-1"},"canonical":"https:\/\/italboats.es\/es\/barco\/avantgarde-a-700\/","og_locale":"es_ES","og_type":"article","og_title":"Lancha RIB Avantgarde A700 | Distribuidor Oficial Italboats Espa\u00f1a","og_description":"Resistente y compacta, la lancha RIB Avantgarde A550 es ideal para buceo, navegaci\u00f3n o rutas costeras. Disponible en Italboats Espa\u00f1a.","og_url":"https:\/\/italboats.es\/es\/barco\/avantgarde-a-700\/","og_site_name":"Italboats Espa\u00f1a","article_modified_time":"2025-05-16T12:53:10+00:00","og_image":[{"width":1619,"height":1080,"url":"https:\/\/italboats.es\/wp-content\/uploads\/2025\/04\/Avantgarde-A700-Italboats-Spain-1.jpg","type":"image\/jpeg"}],"twitter_card":"summary_large_image","twitter_misc":{"Tiempo de lectura":"1 minuto"},"schema":{"@context":"https:\/\/schema.org","@graph":[{"@type":"WebPage","@id":"https:\/\/italboats.es\/es\/barco\/avantgarde-a-700\/","url":"https:\/\/italboats.es\/es\/barco\/avantgarde-a-700\/","name":"Lancha RIB Avantgarde A700 | Distribuidor Oficial Italboats Espa\u00f1a","isPartOf":{"@id":"https:\/\/italboats.es\/es\/#website"},"primaryImageOfPage":{"@id":"https:\/\/italboats.es\/es\/barco\/avantgarde-a-700\/#primaryimage"},"image":{"@id":"https:\/\/italboats.es\/es\/barco\/avantgarde-a-700\/#primaryimage"},"thumbnailUrl":"https:\/\/italboats.es\/wp-content\/uploads\/2025\/04\/Avantgarde-A700-Italboats-Spain-1.jpg","datePublished":"2025-04-25T13:21:58+00:00","dateModified":"2025-05-16T12:53:10+00:00","description":"Resistente y compacta, la lancha RIB Avantgarde A550 es ideal para buceo, navegaci\u00f3n o rutas costeras. Disponible en Italboats Espa\u00f1a.","breadcrumb":{"@id":"https:\/\/italboats.es\/es\/barco\/avantgarde-a-700\/#breadcrumb"},"inLanguage":"es","potentialAction":[{"@type":"ReadAction","target":["https:\/\/italboats.es\/es\/barco\/avantgarde-a-700\/"]}]},{"@type":"ImageObject","inLanguage":"es","@id":"https:\/\/italboats.es\/es\/barco\/avantgarde-a-700\/#primaryimage","url":"https:\/\/italboats.es\/wp-content\/uploads\/2025\/04\/Avantgarde-A700-Italboats-Spain-1.jpg","contentUrl":"https:\/\/italboats.es\/wp-content\/uploads\/2025\/04\/Avantgarde-A700-Italboats-Spain-1.jpg","width":1619,"height":1080,"caption":"Avantgarde A700 RIB boat"},{"@type":"BreadcrumbList","@id":"https:\/\/italboats.es\/es\/barco\/avantgarde-a-700\/#breadcrumb","itemListElement":[{"@type":"ListItem","position":1,"name":"Home","item":"https:\/\/italboats.es\/es\/italboats\/"},{"@type":"ListItem","position":2,"name":"Nuestra selecci\u00f3n","item":"https:\/\/italboats.es\/es\/nuestra-seleccion\/"},{"@type":"ListItem","position":3,"name":"Avantgarde A700"}]},{"@type":"WebSite","@id":"https:\/\/italboats.es\/es\/#website","url":"https:\/\/italboats.es\/es\/","name":"Italboats Espa\u00f1a","description":"","publisher":{"@id":"https:\/\/italboats.es\/es\/#organization"},"potentialAction":[{"@type":"SearchAction","target":{"@type":"EntryPoint","urlTemplate":"https:\/\/italboats.es\/es\/?s={search_term_string}"},"query-input":{"@type":"PropertyValueSpecification","valueRequired":true,"valueName":"search_term_string"}}],"inLanguage":"es"},{"@type":"Organization","@id":"https:\/\/italboats.es\/es\/#organization","name":"Italboats Espa\u00f1a","url":"https:\/\/italboats.es\/es\/","logo":{"@type":"ImageObject","inLanguage":"es","@id":"https:\/\/italboats.es\/es\/#\/schema\/logo\/image\/","url":"https:\/\/italboats.es\/wp-content\/uploads\/2025\/04\/Italboats_logo_light_wide-2.png","contentUrl":"https:\/\/italboats.es\/wp-content\/uploads\/2025\/04\/Italboats_logo_light_wide-2.png","width":1251,"height":153,"caption":"Italboats Espa\u00f1a"},"image":{"@id":"https:\/\/italboats.es\/es\/#\/schema\/logo\/image\/"}}]}},"_links":{"self":[{"href":"https:\/\/italboats.es\/es\/wp-json\/wp\/v2\/product\/800","targetHints":{"allow":["GET"]}}],"collection":[{"href":"https:\/\/italboats.es\/es\/wp-json\/wp\/v2\/product"}],"about":[{"href":"https:\/\/italboats.es\/es\/wp-json\/wp\/v2\/types\/product"}],"replies":[{"embeddable":true,"href":"https:\/\/italboats.es\/es\/wp-json\/wp\/v2\/comments?post=800"}],"wp:featuredmedia":[{"embeddable":true,"href":"https:\/\/italboats.es\/es\/wp-json\/wp\/v2\/media\/714"}],"wp:attachment":[{"href":"https:\/\/italboats.es\/es\/wp-json\/wp\/v2\/media?parent=800"}],"wp:term":[{"taxonomy":"product_brand","embeddable":true,"href":"https:\/\/italboats.es\/es\/wp-json\/wp\/v2\/product_brand?post=800"},{"taxonomy":"product_cat","embeddable":true,"href":"https:\/\/italboats.es\/es\/wp-json\/wp\/v2\/product_cat?post=800"},{"taxonomy":"product_tag","embeddable":true,"href":"https:\/\/italboats.es\/es\/wp-json\/wp\/v2\/product_tag?post=800"}],"curies":[{"name":"wp","href":"https:\/\/api.w.org\/{rel}","templated":true}]}}