{"id":798,"date":"2025-04-26T10:19:06","date_gmt":"2025-04-26T08:19:06","guid":{"rendered":"https:\/\/italboats.es\/boat\/predator-500\/"},"modified":"2025-05-16T14:51:02","modified_gmt":"2025-05-16T12:51:02","slug":"predator-500","status":"publish","type":"product","link":"https:\/\/italboats.es\/es\/barco\/predator-500\/","title":{"rendered":"Predator 500"},"content":{"rendered":"<p class=\"\" data-start=\"80\" data-end=\"223\">Dise\u00f1ado para familias activas que disfrutan superar sus l\u00edmites, la reconocida gama Predator te permite llevar la navegaci\u00f3n a otro nivel.<\/p>\n<p class=\"\" data-start=\"225\" data-end=\"584\">El Predator 500 ofrece un excelente aprovechamiento del espacio de descanso y asientos para crear una sensaci\u00f3n relajada y lujosa, al mismo tiempo que brinda una navegaci\u00f3n incre\u00edble. Ya sea que pases el d\u00eda navegando, saltando de ubicaci\u00f3n en ubicaci\u00f3n o simplemente traslad\u00e1ndote hacia y desde tu embarcaci\u00f3n, el modelo Predator 500 \u00a1puede hacerlo todo!<\/p>\n","protected":false},"excerpt":{"rendered":"<div id=\"_rich_text-33-1385\" class=\"oxy-rich-text\">\n<p>El reconocido Predator 500 brinda una sensaci\u00f3n relajada y lujosa mientras ofrece una experiencia de navegaci\u00f3n excepcional.<\/p>\n<\/div>\n","protected":false},"featured_media":586,"comment_status":"open","ping_status":"closed","template":"","meta":{"_acf_changed":false},"product_brand":[17],"product_cat":[32],"product_tag":[],"class_list":{"0":"post-798","1":"product","2":"type-product","3":"status-publish","4":"has-post-thumbnail","6":"product_brand-italboats","7":"product_cat-predator-es","10":"first","11":"instock","12":"shipping-taxable","13":"product-type-simple"},"acf":[],"yoast_head":"<!-- This site is optimized with the Yoast SEO plugin v25.0 - https:\/\/yoast.com\/wordpress\/plugins\/seo\/ -->\n<title>Lancha RIB Predator 500 | Embarcaciones RIB Italboats Espa\u00f1a<\/title>\n<meta name=\"description\" content=\"La lancha Predator 500 est\u00e1 hecha para la aventura. Ideal para navegar, bucear o escapadas r\u00e1pidas por la costa. Solo en Italboats Espa\u00f1a.\" \/>\n<meta name=\"robots\" content=\"index, follow, max-snippet:-1, max-image-preview:large, max-video-preview:-1\" \/>\n<link rel=\"canonical\" href=\"https:\/\/italboats.es\/es\/barco\/predator-500\/\" \/>\n<meta property=\"og:locale\" content=\"es_ES\" \/>\n<meta property=\"og:type\" content=\"article\" \/>\n<meta property=\"og:title\" content=\"Lancha RIB Predator 500 | Embarcaciones RIB Italboats Espa\u00f1a\" \/>\n<meta property=\"og:description\" content=\"La lancha Predator 500 est\u00e1 hecha para la aventura. Ideal para navegar, bucear o escapadas r\u00e1pidas por la costa. Solo en Italboats Espa\u00f1a.\" \/>\n<meta property=\"og:url\" content=\"https:\/\/italboats.es\/es\/barco\/predator-500\/\" \/>\n<meta property=\"og:site_name\" content=\"Italboats Espa\u00f1a\" \/>\n<meta property=\"article:modified_time\" content=\"2025-05-16T12:51:02+00:00\" \/>\n<meta property=\"og:image\" content=\"https:\/\/italboats.es\/wp-content\/uploads\/2025\/04\/500-WEBSITE-3-min-1.jpg\" \/>\n\t<meta property=\"og:image:width\" content=\"1622\" \/>\n\t<meta property=\"og:image:height\" content=\"1080\" \/>\n\t<meta property=\"og:image:type\" content=\"image\/jpeg\" \/>\n<meta name=\"twitter:card\" content=\"summary_large_image\" \/>\n<meta name=\"twitter:label1\" content=\"Tiempo de lectura\" \/>\n\t<meta name=\"twitter:data1\" content=\"1 minuto\" \/>\n<script type=\"application\/ld+json\" class=\"yoast-schema-graph\">{\"@context\":\"https:\/\/schema.org\",\"@graph\":[{\"@type\":\"WebPage\",\"@id\":\"https:\/\/italboats.es\/es\/barco\/predator-500\/\",\"url\":\"https:\/\/italboats.es\/es\/barco\/predator-500\/\",\"name\":\"Lancha RIB Predator 500 | Embarcaciones RIB Italboats Espa\u00f1a\",\"isPartOf\":{\"@id\":\"https:\/\/italboats.es\/es\/#website\"},\"primaryImageOfPage\":{\"@id\":\"https:\/\/italboats.es\/es\/barco\/predator-500\/#primaryimage\"},\"image\":{\"@id\":\"https:\/\/italboats.es\/es\/barco\/predator-500\/#primaryimage\"},\"thumbnailUrl\":\"https:\/\/italboats.es\/wp-content\/uploads\/2025\/04\/500-WEBSITE-3-min-1.jpg\",\"datePublished\":\"2025-04-26T08:19:06+00:00\",\"dateModified\":\"2025-05-16T12:51:02+00:00\",\"description\":\"La lancha Predator 500 est\u00e1 hecha para la aventura. Ideal para navegar, bucear o escapadas r\u00e1pidas por la costa. Solo en Italboats Espa\u00f1a.\",\"breadcrumb\":{\"@id\":\"https:\/\/italboats.es\/es\/barco\/predator-500\/#breadcrumb\"},\"inLanguage\":\"es\",\"potentialAction\":[{\"@type\":\"ReadAction\",\"target\":[\"https:\/\/italboats.es\/es\/barco\/predator-500\/\"]}]},{\"@type\":\"ImageObject\",\"inLanguage\":\"es\",\"@id\":\"https:\/\/italboats.es\/es\/barco\/predator-500\/#primaryimage\",\"url\":\"https:\/\/italboats.es\/wp-content\/uploads\/2025\/04\/500-WEBSITE-3-min-1.jpg\",\"contentUrl\":\"https:\/\/italboats.es\/wp-content\/uploads\/2025\/04\/500-WEBSITE-3-min-1.jpg\",\"width\":1622,\"height\":1080,\"caption\":\"Predator 500 RIB boat\"},{\"@type\":\"BreadcrumbList\",\"@id\":\"https:\/\/italboats.es\/es\/barco\/predator-500\/#breadcrumb\",\"itemListElement\":[{\"@type\":\"ListItem\",\"position\":1,\"name\":\"Home\",\"item\":\"https:\/\/italboats.es\/es\/italboats\/\"},{\"@type\":\"ListItem\",\"position\":2,\"name\":\"Nuestra selecci\u00f3n\",\"item\":\"https:\/\/italboats.es\/es\/nuestra-seleccion\/\"},{\"@type\":\"ListItem\",\"position\":3,\"name\":\"Predator 500\"}]},{\"@type\":\"WebSite\",\"@id\":\"https:\/\/italboats.es\/es\/#website\",\"url\":\"https:\/\/italboats.es\/es\/\",\"name\":\"Italboats Espa\u00f1a\",\"description\":\"\",\"publisher\":{\"@id\":\"https:\/\/italboats.es\/es\/#organization\"},\"potentialAction\":[{\"@type\":\"SearchAction\",\"target\":{\"@type\":\"EntryPoint\",\"urlTemplate\":\"https:\/\/italboats.es\/es\/?s={search_term_string}\"},\"query-input\":{\"@type\":\"PropertyValueSpecification\",\"valueRequired\":true,\"valueName\":\"search_term_string\"}}],\"inLanguage\":\"es\"},{\"@type\":\"Organization\",\"@id\":\"https:\/\/italboats.es\/es\/#organization\",\"name\":\"Italboats Espa\u00f1a\",\"url\":\"https:\/\/italboats.es\/es\/\",\"logo\":{\"@type\":\"ImageObject\",\"inLanguage\":\"es\",\"@id\":\"https:\/\/italboats.es\/es\/#\/schema\/logo\/image\/\",\"url\":\"https:\/\/italboats.es\/wp-content\/uploads\/2025\/04\/Italboats_logo_light_wide-2.png\",\"contentUrl\":\"https:\/\/italboats.es\/wp-content\/uploads\/2025\/04\/Italboats_logo_light_wide-2.png\",\"width\":1251,\"height\":153,\"caption\":\"Italboats Espa\u00f1a\"},\"image\":{\"@id\":\"https:\/\/italboats.es\/es\/#\/schema\/logo\/image\/\"}}]}<\/script>\n<!-- \/ Yoast SEO plugin. -->","yoast_head_json":{"title":"Lancha RIB Predator 500 | Embarcaciones RIB Italboats Espa\u00f1a","description":"La lancha Predator 500 est\u00e1 hecha para la aventura. Ideal para navegar, bucear o escapadas r\u00e1pidas por la costa. Solo en Italboats Espa\u00f1a.","robots":{"index":"index","follow":"follow","max-snippet":"max-snippet:-1","max-image-preview":"max-image-preview:large","max-video-preview":"max-video-preview:-1"},"canonical":"https:\/\/italboats.es\/es\/barco\/predator-500\/","og_locale":"es_ES","og_type":"article","og_title":"Lancha RIB Predator 500 | Embarcaciones RIB Italboats Espa\u00f1a","og_description":"La lancha Predator 500 est\u00e1 hecha para la aventura. Ideal para navegar, bucear o escapadas r\u00e1pidas por la costa. Solo en Italboats Espa\u00f1a.","og_url":"https:\/\/italboats.es\/es\/barco\/predator-500\/","og_site_name":"Italboats Espa\u00f1a","article_modified_time":"2025-05-16T12:51:02+00:00","og_image":[{"width":1622,"height":1080,"url":"https:\/\/italboats.es\/wp-content\/uploads\/2025\/04\/500-WEBSITE-3-min-1.jpg","type":"image\/jpeg"}],"twitter_card":"summary_large_image","twitter_misc":{"Tiempo de lectura":"1 minuto"},"schema":{"@context":"https:\/\/schema.org","@graph":[{"@type":"WebPage","@id":"https:\/\/italboats.es\/es\/barco\/predator-500\/","url":"https:\/\/italboats.es\/es\/barco\/predator-500\/","name":"Lancha RIB Predator 500 | Embarcaciones RIB Italboats Espa\u00f1a","isPartOf":{"@id":"https:\/\/italboats.es\/es\/#website"},"primaryImageOfPage":{"@id":"https:\/\/italboats.es\/es\/barco\/predator-500\/#primaryimage"},"image":{"@id":"https:\/\/italboats.es\/es\/barco\/predator-500\/#primaryimage"},"thumbnailUrl":"https:\/\/italboats.es\/wp-content\/uploads\/2025\/04\/500-WEBSITE-3-min-1.jpg","datePublished":"2025-04-26T08:19:06+00:00","dateModified":"2025-05-16T12:51:02+00:00","description":"La lancha Predator 500 est\u00e1 hecha para la aventura. Ideal para navegar, bucear o escapadas r\u00e1pidas por la costa. Solo en Italboats Espa\u00f1a.","breadcrumb":{"@id":"https:\/\/italboats.es\/es\/barco\/predator-500\/#breadcrumb"},"inLanguage":"es","potentialAction":[{"@type":"ReadAction","target":["https:\/\/italboats.es\/es\/barco\/predator-500\/"]}]},{"@type":"ImageObject","inLanguage":"es","@id":"https:\/\/italboats.es\/es\/barco\/predator-500\/#primaryimage","url":"https:\/\/italboats.es\/wp-content\/uploads\/2025\/04\/500-WEBSITE-3-min-1.jpg","contentUrl":"https:\/\/italboats.es\/wp-content\/uploads\/2025\/04\/500-WEBSITE-3-min-1.jpg","width":1622,"height":1080,"caption":"Predator 500 RIB boat"},{"@type":"BreadcrumbList","@id":"https:\/\/italboats.es\/es\/barco\/predator-500\/#breadcrumb","itemListElement":[{"@type":"ListItem","position":1,"name":"Home","item":"https:\/\/italboats.es\/es\/italboats\/"},{"@type":"ListItem","position":2,"name":"Nuestra selecci\u00f3n","item":"https:\/\/italboats.es\/es\/nuestra-seleccion\/"},{"@type":"ListItem","position":3,"name":"Predator 500"}]},{"@type":"WebSite","@id":"https:\/\/italboats.es\/es\/#website","url":"https:\/\/italboats.es\/es\/","name":"Italboats Espa\u00f1a","description":"","publisher":{"@id":"https:\/\/italboats.es\/es\/#organization"},"potentialAction":[{"@type":"SearchAction","target":{"@type":"EntryPoint","urlTemplate":"https:\/\/italboats.es\/es\/?s={search_term_string}"},"query-input":{"@type":"PropertyValueSpecification","valueRequired":true,"valueName":"search_term_string"}}],"inLanguage":"es"},{"@type":"Organization","@id":"https:\/\/italboats.es\/es\/#organization","name":"Italboats Espa\u00f1a","url":"https:\/\/italboats.es\/es\/","logo":{"@type":"ImageObject","inLanguage":"es","@id":"https:\/\/italboats.es\/es\/#\/schema\/logo\/image\/","url":"https:\/\/italboats.es\/wp-content\/uploads\/2025\/04\/Italboats_logo_light_wide-2.png","contentUrl":"https:\/\/italboats.es\/wp-content\/uploads\/2025\/04\/Italboats_logo_light_wide-2.png","width":1251,"height":153,"caption":"Italboats Espa\u00f1a"},"image":{"@id":"https:\/\/italboats.es\/es\/#\/schema\/logo\/image\/"}}]}},"_links":{"self":[{"href":"https:\/\/italboats.es\/es\/wp-json\/wp\/v2\/product\/798","targetHints":{"allow":["GET"]}}],"collection":[{"href":"https:\/\/italboats.es\/es\/wp-json\/wp\/v2\/product"}],"about":[{"href":"https:\/\/italboats.es\/es\/wp-json\/wp\/v2\/types\/product"}],"replies":[{"embeddable":true,"href":"https:\/\/italboats.es\/es\/wp-json\/wp\/v2\/comments?post=798"}],"wp:featuredmedia":[{"embeddable":true,"href":"https:\/\/italboats.es\/es\/wp-json\/wp\/v2\/media\/586"}],"wp:attachment":[{"href":"https:\/\/italboats.es\/es\/wp-json\/wp\/v2\/media?parent=798"}],"wp:term":[{"taxonomy":"product_brand","embeddable":true,"href":"https:\/\/italboats.es\/es\/wp-json\/wp\/v2\/product_brand?post=798"},{"taxonomy":"product_cat","embeddable":true,"href":"https:\/\/italboats.es\/es\/wp-json\/wp\/v2\/product_cat?post=798"},{"taxonomy":"product_tag","embeddable":true,"href":"https:\/\/italboats.es\/es\/wp-json\/wp\/v2\/product_tag?post=798"}],"curies":[{"name":"wp","href":"https:\/\/api.w.org\/{rel}","templated":true}]}}