{"id":794,"date":"2025-04-26T11:21:37","date_gmt":"2025-04-26T09:21:37","guid":{"rendered":"https:\/\/italboats.es\/boat\/predator-570\/"},"modified":"2025-05-16T14:46:31","modified_gmt":"2025-05-16T12:46:31","slug":"predator-570","status":"publish","type":"product","link":"https:\/\/italboats.es\/es\/barco\/predator-570\/","title":{"rendered":"Predator 570"},"content":{"rendered":"<p class=\"\" data-start=\"80\" data-end=\"359\">Uno de nuestros favoritos, el Predator 570 navega como un sue\u00f1o y, con su amplio espacio interior, es perfecto para esos largos d\u00edas de verano en el agua. Personaliza tu 570 con tubos de distintos colores, gelcoat, posici\u00f3n de la consola y una gran variedad de extras opcionales.<\/p>\n<p class=\"\" data-start=\"361\" data-end=\"602\">Con una manga de 2.58\u202fm, el Predator 570 es extremadamente estable en reposo y una excelente opci\u00f3n para pasar el d\u00eda navegando. El casco en V profunda tambi\u00e9n maximiza el rendimiento y la navegaci\u00f3n incluso en las condiciones m\u00e1s exigentes.<\/p>\n<p class=\"\" data-start=\"604\" data-end=\"925\">\u00bfTe gusta el estilo del Predator 570 pero prefieres un espacio trasero un poco m\u00e1s vers\u00e1til para tomar el sol y relajarte? \u00a1Echa un vistazo al modelo Predator 570 \u2018Avantgarde\u2019 de Italboats!<\/p>\n","protected":false},"excerpt":{"rendered":"<div id=\"_rich_text-33-1385\" class=\"oxy-rich-text\">\n<p>El Predator 570 navega como un sue\u00f1o y, con su amplio espacio interior, es perfecto para esos largos d\u00edas de verano en el agua.<\/p>\n<\/div>\n","protected":false},"featured_media":601,"comment_status":"open","ping_status":"closed","template":"","meta":{"_acf_changed":false},"product_brand":[17],"product_cat":[32],"product_tag":[],"class_list":{"0":"post-794","1":"product","2":"type-product","3":"status-publish","4":"has-post-thumbnail","6":"product_brand-italboats","7":"product_cat-predator-es","10":"first","11":"instock","12":"shipping-taxable","13":"product-type-simple"},"acf":[],"yoast_head":"<!-- This site is optimized with the Yoast SEO plugin v25.0 - https:\/\/yoast.com\/wordpress\/plugins\/seo\/ -->\n<title>Lancha RIB Predator 540 | El Modelo M\u00e1s Popular de Espa\u00f1a<\/title>\n<meta name=\"description\" content=\"Con gran maniobrabilidad y espacio para relajarse, la lancha RIB Predator 570 es ideal para salidas familiares. Solo en Italboats Espa\u00f1a.\" \/>\n<meta name=\"robots\" content=\"index, follow, max-snippet:-1, max-image-preview:large, max-video-preview:-1\" \/>\n<link rel=\"canonical\" href=\"https:\/\/italboats.es\/es\/barco\/predator-570\/\" \/>\n<meta property=\"og:locale\" content=\"es_ES\" \/>\n<meta property=\"og:type\" content=\"article\" \/>\n<meta property=\"og:title\" content=\"Lancha RIB Predator 540 | El Modelo M\u00e1s Popular de Espa\u00f1a\" \/>\n<meta property=\"og:description\" content=\"Con gran maniobrabilidad y espacio para relajarse, la lancha RIB Predator 570 es ideal para salidas familiares. Solo en Italboats Espa\u00f1a.\" \/>\n<meta property=\"og:url\" content=\"https:\/\/italboats.es\/es\/barco\/predator-570\/\" \/>\n<meta property=\"og:site_name\" content=\"Italboats Espa\u00f1a\" \/>\n<meta property=\"article:modified_time\" content=\"2025-05-16T12:46:31+00:00\" \/>\n<meta property=\"og:image\" content=\"https:\/\/italboats.es\/wp-content\/uploads\/2025\/04\/Predator-570-italboats-spain.jpg\" \/>\n\t<meta property=\"og:image:width\" content=\"1620\" \/>\n\t<meta property=\"og:image:height\" content=\"1077\" \/>\n\t<meta property=\"og:image:type\" content=\"image\/jpeg\" \/>\n<meta name=\"twitter:card\" content=\"summary_large_image\" \/>\n<meta name=\"twitter:label1\" content=\"Tiempo de lectura\" \/>\n\t<meta name=\"twitter:data1\" content=\"1 minuto\" \/>\n<script type=\"application\/ld+json\" class=\"yoast-schema-graph\">{\"@context\":\"https:\/\/schema.org\",\"@graph\":[{\"@type\":\"WebPage\",\"@id\":\"https:\/\/italboats.es\/es\/barco\/predator-570\/\",\"url\":\"https:\/\/italboats.es\/es\/barco\/predator-570\/\",\"name\":\"Lancha RIB Predator 540 | El Modelo M\u00e1s Popular de Espa\u00f1a\",\"isPartOf\":{\"@id\":\"https:\/\/italboats.es\/es\/#website\"},\"primaryImageOfPage\":{\"@id\":\"https:\/\/italboats.es\/es\/barco\/predator-570\/#primaryimage\"},\"image\":{\"@id\":\"https:\/\/italboats.es\/es\/barco\/predator-570\/#primaryimage\"},\"thumbnailUrl\":\"https:\/\/italboats.es\/wp-content\/uploads\/2025\/04\/Predator-570-italboats-spain.jpg\",\"datePublished\":\"2025-04-26T09:21:37+00:00\",\"dateModified\":\"2025-05-16T12:46:31+00:00\",\"description\":\"Con gran maniobrabilidad y espacio para relajarse, la lancha RIB Predator 570 es ideal para salidas familiares. Solo en Italboats Espa\u00f1a.\",\"breadcrumb\":{\"@id\":\"https:\/\/italboats.es\/es\/barco\/predator-570\/#breadcrumb\"},\"inLanguage\":\"es\",\"potentialAction\":[{\"@type\":\"ReadAction\",\"target\":[\"https:\/\/italboats.es\/es\/barco\/predator-570\/\"]}]},{\"@type\":\"ImageObject\",\"inLanguage\":\"es\",\"@id\":\"https:\/\/italboats.es\/es\/barco\/predator-570\/#primaryimage\",\"url\":\"https:\/\/italboats.es\/wp-content\/uploads\/2025\/04\/Predator-570-italboats-spain.jpg\",\"contentUrl\":\"https:\/\/italboats.es\/wp-content\/uploads\/2025\/04\/Predator-570-italboats-spain.jpg\",\"width\":1620,\"height\":1077,\"caption\":\"Predator 570 RIB boat italboats\"},{\"@type\":\"BreadcrumbList\",\"@id\":\"https:\/\/italboats.es\/es\/barco\/predator-570\/#breadcrumb\",\"itemListElement\":[{\"@type\":\"ListItem\",\"position\":1,\"name\":\"Home\",\"item\":\"https:\/\/italboats.es\/es\/italboats\/\"},{\"@type\":\"ListItem\",\"position\":2,\"name\":\"Nuestra selecci\u00f3n\",\"item\":\"https:\/\/italboats.es\/es\/nuestra-seleccion\/\"},{\"@type\":\"ListItem\",\"position\":3,\"name\":\"Predator 570\"}]},{\"@type\":\"WebSite\",\"@id\":\"https:\/\/italboats.es\/es\/#website\",\"url\":\"https:\/\/italboats.es\/es\/\",\"name\":\"Italboats Espa\u00f1a\",\"description\":\"\",\"publisher\":{\"@id\":\"https:\/\/italboats.es\/es\/#organization\"},\"potentialAction\":[{\"@type\":\"SearchAction\",\"target\":{\"@type\":\"EntryPoint\",\"urlTemplate\":\"https:\/\/italboats.es\/es\/?s={search_term_string}\"},\"query-input\":{\"@type\":\"PropertyValueSpecification\",\"valueRequired\":true,\"valueName\":\"search_term_string\"}}],\"inLanguage\":\"es\"},{\"@type\":\"Organization\",\"@id\":\"https:\/\/italboats.es\/es\/#organization\",\"name\":\"Italboats Espa\u00f1a\",\"url\":\"https:\/\/italboats.es\/es\/\",\"logo\":{\"@type\":\"ImageObject\",\"inLanguage\":\"es\",\"@id\":\"https:\/\/italboats.es\/es\/#\/schema\/logo\/image\/\",\"url\":\"https:\/\/italboats.es\/wp-content\/uploads\/2025\/04\/Italboats_logo_light_wide-2.png\",\"contentUrl\":\"https:\/\/italboats.es\/wp-content\/uploads\/2025\/04\/Italboats_logo_light_wide-2.png\",\"width\":1251,\"height\":153,\"caption\":\"Italboats Espa\u00f1a\"},\"image\":{\"@id\":\"https:\/\/italboats.es\/es\/#\/schema\/logo\/image\/\"}}]}<\/script>\n<!-- \/ Yoast SEO plugin. -->","yoast_head_json":{"title":"Lancha RIB Predator 540 | El Modelo M\u00e1s Popular de Espa\u00f1a","description":"Con gran maniobrabilidad y espacio para relajarse, la lancha RIB Predator 570 es ideal para salidas familiares. Solo en Italboats Espa\u00f1a.","robots":{"index":"index","follow":"follow","max-snippet":"max-snippet:-1","max-image-preview":"max-image-preview:large","max-video-preview":"max-video-preview:-1"},"canonical":"https:\/\/italboats.es\/es\/barco\/predator-570\/","og_locale":"es_ES","og_type":"article","og_title":"Lancha RIB Predator 540 | El Modelo M\u00e1s Popular de Espa\u00f1a","og_description":"Con gran maniobrabilidad y espacio para relajarse, la lancha RIB Predator 570 es ideal para salidas familiares. Solo en Italboats Espa\u00f1a.","og_url":"https:\/\/italboats.es\/es\/barco\/predator-570\/","og_site_name":"Italboats Espa\u00f1a","article_modified_time":"2025-05-16T12:46:31+00:00","og_image":[{"width":1620,"height":1077,"url":"https:\/\/italboats.es\/wp-content\/uploads\/2025\/04\/Predator-570-italboats-spain.jpg","type":"image\/jpeg"}],"twitter_card":"summary_large_image","twitter_misc":{"Tiempo de lectura":"1 minuto"},"schema":{"@context":"https:\/\/schema.org","@graph":[{"@type":"WebPage","@id":"https:\/\/italboats.es\/es\/barco\/predator-570\/","url":"https:\/\/italboats.es\/es\/barco\/predator-570\/","name":"Lancha RIB Predator 540 | El Modelo M\u00e1s Popular de Espa\u00f1a","isPartOf":{"@id":"https:\/\/italboats.es\/es\/#website"},"primaryImageOfPage":{"@id":"https:\/\/italboats.es\/es\/barco\/predator-570\/#primaryimage"},"image":{"@id":"https:\/\/italboats.es\/es\/barco\/predator-570\/#primaryimage"},"thumbnailUrl":"https:\/\/italboats.es\/wp-content\/uploads\/2025\/04\/Predator-570-italboats-spain.jpg","datePublished":"2025-04-26T09:21:37+00:00","dateModified":"2025-05-16T12:46:31+00:00","description":"Con gran maniobrabilidad y espacio para relajarse, la lancha RIB Predator 570 es ideal para salidas familiares. Solo en Italboats Espa\u00f1a.","breadcrumb":{"@id":"https:\/\/italboats.es\/es\/barco\/predator-570\/#breadcrumb"},"inLanguage":"es","potentialAction":[{"@type":"ReadAction","target":["https:\/\/italboats.es\/es\/barco\/predator-570\/"]}]},{"@type":"ImageObject","inLanguage":"es","@id":"https:\/\/italboats.es\/es\/barco\/predator-570\/#primaryimage","url":"https:\/\/italboats.es\/wp-content\/uploads\/2025\/04\/Predator-570-italboats-spain.jpg","contentUrl":"https:\/\/italboats.es\/wp-content\/uploads\/2025\/04\/Predator-570-italboats-spain.jpg","width":1620,"height":1077,"caption":"Predator 570 RIB boat italboats"},{"@type":"BreadcrumbList","@id":"https:\/\/italboats.es\/es\/barco\/predator-570\/#breadcrumb","itemListElement":[{"@type":"ListItem","position":1,"name":"Home","item":"https:\/\/italboats.es\/es\/italboats\/"},{"@type":"ListItem","position":2,"name":"Nuestra selecci\u00f3n","item":"https:\/\/italboats.es\/es\/nuestra-seleccion\/"},{"@type":"ListItem","position":3,"name":"Predator 570"}]},{"@type":"WebSite","@id":"https:\/\/italboats.es\/es\/#website","url":"https:\/\/italboats.es\/es\/","name":"Italboats Espa\u00f1a","description":"","publisher":{"@id":"https:\/\/italboats.es\/es\/#organization"},"potentialAction":[{"@type":"SearchAction","target":{"@type":"EntryPoint","urlTemplate":"https:\/\/italboats.es\/es\/?s={search_term_string}"},"query-input":{"@type":"PropertyValueSpecification","valueRequired":true,"valueName":"search_term_string"}}],"inLanguage":"es"},{"@type":"Organization","@id":"https:\/\/italboats.es\/es\/#organization","name":"Italboats Espa\u00f1a","url":"https:\/\/italboats.es\/es\/","logo":{"@type":"ImageObject","inLanguage":"es","@id":"https:\/\/italboats.es\/es\/#\/schema\/logo\/image\/","url":"https:\/\/italboats.es\/wp-content\/uploads\/2025\/04\/Italboats_logo_light_wide-2.png","contentUrl":"https:\/\/italboats.es\/wp-content\/uploads\/2025\/04\/Italboats_logo_light_wide-2.png","width":1251,"height":153,"caption":"Italboats Espa\u00f1a"},"image":{"@id":"https:\/\/italboats.es\/es\/#\/schema\/logo\/image\/"}}]}},"_links":{"self":[{"href":"https:\/\/italboats.es\/es\/wp-json\/wp\/v2\/product\/794","targetHints":{"allow":["GET"]}}],"collection":[{"href":"https:\/\/italboats.es\/es\/wp-json\/wp\/v2\/product"}],"about":[{"href":"https:\/\/italboats.es\/es\/wp-json\/wp\/v2\/types\/product"}],"replies":[{"embeddable":true,"href":"https:\/\/italboats.es\/es\/wp-json\/wp\/v2\/comments?post=794"}],"wp:featuredmedia":[{"embeddable":true,"href":"https:\/\/italboats.es\/es\/wp-json\/wp\/v2\/media\/601"}],"wp:attachment":[{"href":"https:\/\/italboats.es\/es\/wp-json\/wp\/v2\/media?parent=794"}],"wp:term":[{"taxonomy":"product_brand","embeddable":true,"href":"https:\/\/italboats.es\/es\/wp-json\/wp\/v2\/product_brand?post=794"},{"taxonomy":"product_cat","embeddable":true,"href":"https:\/\/italboats.es\/es\/wp-json\/wp\/v2\/product_cat?post=794"},{"taxonomy":"product_tag","embeddable":true,"href":"https:\/\/italboats.es\/es\/wp-json\/wp\/v2\/product_tag?post=794"}],"curies":[{"name":"wp","href":"https:\/\/api.w.org\/{rel}","templated":true}]}}