{"id":787,"date":"2025-04-26T12:50:01","date_gmt":"2025-04-26T10:50:01","guid":{"rendered":"https:\/\/italboats.es\/boat\/predator-700\/"},"modified":"2025-05-16T14:37:46","modified_gmt":"2025-05-16T12:37:46","slug":"predator-700","status":"publish","type":"product","link":"https:\/\/italboats.es\/es\/barco\/predator-700\/","title":{"rendered":"Predator 700"},"content":{"rendered":"<p class=\"\" data-start=\"0\" data-end=\"460\">La m\u00e1s reciente construcci\u00f3n y dise\u00f1o de la f\u00e1brica Italboats, el Italboats 700 combina la navegaci\u00f3n de recreo con un rendimiento \u00f3ptimo en mar abierto, creando la semirr\u00edgida definitiva de 7 metros. Como parte de la gama Predator, el modelo 700 ofrece una excelente relaci\u00f3n calidad-precio, con una mezcla de caracter\u00edsticas excepcionales que lo convierten en la embarcaci\u00f3n ideal para que toda la familia pase el d\u00eda a bordo y lo disfrute al m\u00e1ximo.<\/p>\n<p class=\"\" data-start=\"462\" data-end=\"796\">Todos los modelos de Italboats est\u00e1n construidos a mano con los m\u00e1s altos est\u00e1ndares de calidad en ITALIA, y la marca es ampliamente reconocida como una de las m\u00e1s populares de Europa. La f\u00e1brica Italboats lleva construyendo embarcaciones desde 1987, lo que les aporta m\u00e1s de 33 a\u00f1os de experiencia en el sector n\u00e1utico<\/p>\n","protected":false},"excerpt":{"rendered":"<div id=\"_rich_text-33-1385\" class=\"oxy-rich-text\">\n<p>El <strong data-start=\"801\" data-end=\"817\">Predator 700<\/strong> combina navegaci\u00f3n de d\u00eda y rendimiento en alta mar para ofrecer la semirr\u00edgida de 7 metros definitiva.<\/p>\n<\/div>\n","protected":false},"featured_media":650,"comment_status":"open","ping_status":"closed","template":"","meta":{"_acf_changed":false},"product_brand":[17],"product_cat":[32],"product_tag":[],"class_list":{"0":"post-787","1":"product","2":"type-product","3":"status-publish","4":"has-post-thumbnail","6":"product_brand-italboats","7":"product_cat-predator-es","10":"first","11":"instock","12":"shipping-taxable","13":"product-type-simple"},"acf":[],"yoast_head":"<!-- This site is optimized with the Yoast SEO plugin v25.0 - https:\/\/yoast.com\/wordpress\/plugins\/seo\/ -->\n<title>Lancha RIB Predator 700 | Embarcaciones RIB Italboats Espa\u00f1a<\/title>\n<meta name=\"description\" content=\"Predator 700: una embarcaci\u00f3n RIB de 7m que combina confort familiar con un gran rendimiento. Exclusiva de Italboats Espa\u00f1a.\" \/>\n<meta name=\"robots\" content=\"index, follow, max-snippet:-1, max-image-preview:large, max-video-preview:-1\" \/>\n<link rel=\"canonical\" href=\"https:\/\/italboats.es\/es\/barco\/predator-700\/\" \/>\n<meta property=\"og:locale\" content=\"es_ES\" \/>\n<meta property=\"og:type\" content=\"article\" \/>\n<meta property=\"og:title\" content=\"Lancha RIB Predator 700 | Embarcaciones RIB Italboats Espa\u00f1a\" \/>\n<meta property=\"og:description\" content=\"Predator 700: una embarcaci\u00f3n RIB de 7m que combina confort familiar con un gran rendimiento. Exclusiva de Italboats Espa\u00f1a.\" \/>\n<meta property=\"og:url\" content=\"https:\/\/italboats.es\/es\/barco\/predator-700\/\" \/>\n<meta property=\"og:site_name\" content=\"Italboats Espa\u00f1a\" \/>\n<meta property=\"article:modified_time\" content=\"2025-05-16T12:37:46+00:00\" \/>\n<meta property=\"og:image\" content=\"https:\/\/italboats.es\/wp-content\/uploads\/2025\/04\/Predator-700-Italboats-Espana-20.jpg\" \/>\n\t<meta property=\"og:image:width\" content=\"1620\" \/>\n\t<meta property=\"og:image:height\" content=\"1081\" \/>\n\t<meta property=\"og:image:type\" content=\"image\/jpeg\" \/>\n<meta name=\"twitter:card\" content=\"summary_large_image\" \/>\n<meta name=\"twitter:label1\" content=\"Tiempo de lectura\" \/>\n\t<meta name=\"twitter:data1\" content=\"1 minuto\" \/>\n<script type=\"application\/ld+json\" class=\"yoast-schema-graph\">{\"@context\":\"https:\/\/schema.org\",\"@graph\":[{\"@type\":\"WebPage\",\"@id\":\"https:\/\/italboats.es\/es\/barco\/predator-700\/\",\"url\":\"https:\/\/italboats.es\/es\/barco\/predator-700\/\",\"name\":\"Lancha RIB Predator 700 | Embarcaciones RIB Italboats Espa\u00f1a\",\"isPartOf\":{\"@id\":\"https:\/\/italboats.es\/es\/#website\"},\"primaryImageOfPage\":{\"@id\":\"https:\/\/italboats.es\/es\/barco\/predator-700\/#primaryimage\"},\"image\":{\"@id\":\"https:\/\/italboats.es\/es\/barco\/predator-700\/#primaryimage\"},\"thumbnailUrl\":\"https:\/\/italboats.es\/wp-content\/uploads\/2025\/04\/Predator-700-Italboats-Espana-20.jpg\",\"datePublished\":\"2025-04-26T10:50:01+00:00\",\"dateModified\":\"2025-05-16T12:37:46+00:00\",\"description\":\"Predator 700: una embarcaci\u00f3n RIB de 7m que combina confort familiar con un gran rendimiento. Exclusiva de Italboats Espa\u00f1a.\",\"breadcrumb\":{\"@id\":\"https:\/\/italboats.es\/es\/barco\/predator-700\/#breadcrumb\"},\"inLanguage\":\"es\",\"potentialAction\":[{\"@type\":\"ReadAction\",\"target\":[\"https:\/\/italboats.es\/es\/barco\/predator-700\/\"]}]},{\"@type\":\"ImageObject\",\"inLanguage\":\"es\",\"@id\":\"https:\/\/italboats.es\/es\/barco\/predator-700\/#primaryimage\",\"url\":\"https:\/\/italboats.es\/wp-content\/uploads\/2025\/04\/Predator-700-Italboats-Espana-20.jpg\",\"contentUrl\":\"https:\/\/italboats.es\/wp-content\/uploads\/2025\/04\/Predator-700-Italboats-Espana-20.jpg\",\"width\":1620,\"height\":1081,\"caption\":\"Predator 700 RIB boat\"},{\"@type\":\"BreadcrumbList\",\"@id\":\"https:\/\/italboats.es\/es\/barco\/predator-700\/#breadcrumb\",\"itemListElement\":[{\"@type\":\"ListItem\",\"position\":1,\"name\":\"Home\",\"item\":\"https:\/\/italboats.es\/es\/italboats\/\"},{\"@type\":\"ListItem\",\"position\":2,\"name\":\"Nuestra selecci\u00f3n\",\"item\":\"https:\/\/italboats.es\/es\/nuestra-seleccion\/\"},{\"@type\":\"ListItem\",\"position\":3,\"name\":\"Predator 700\"}]},{\"@type\":\"WebSite\",\"@id\":\"https:\/\/italboats.es\/es\/#website\",\"url\":\"https:\/\/italboats.es\/es\/\",\"name\":\"Italboats Espa\u00f1a\",\"description\":\"\",\"publisher\":{\"@id\":\"https:\/\/italboats.es\/es\/#organization\"},\"potentialAction\":[{\"@type\":\"SearchAction\",\"target\":{\"@type\":\"EntryPoint\",\"urlTemplate\":\"https:\/\/italboats.es\/es\/?s={search_term_string}\"},\"query-input\":{\"@type\":\"PropertyValueSpecification\",\"valueRequired\":true,\"valueName\":\"search_term_string\"}}],\"inLanguage\":\"es\"},{\"@type\":\"Organization\",\"@id\":\"https:\/\/italboats.es\/es\/#organization\",\"name\":\"Italboats Espa\u00f1a\",\"url\":\"https:\/\/italboats.es\/es\/\",\"logo\":{\"@type\":\"ImageObject\",\"inLanguage\":\"es\",\"@id\":\"https:\/\/italboats.es\/es\/#\/schema\/logo\/image\/\",\"url\":\"https:\/\/italboats.es\/wp-content\/uploads\/2025\/04\/Italboats_logo_light_wide-2.png\",\"contentUrl\":\"https:\/\/italboats.es\/wp-content\/uploads\/2025\/04\/Italboats_logo_light_wide-2.png\",\"width\":1251,\"height\":153,\"caption\":\"Italboats Espa\u00f1a\"},\"image\":{\"@id\":\"https:\/\/italboats.es\/es\/#\/schema\/logo\/image\/\"}}]}<\/script>\n<!-- \/ Yoast SEO plugin. -->","yoast_head_json":{"title":"Lancha RIB Predator 700 | Embarcaciones RIB Italboats Espa\u00f1a","description":"Predator 700: una embarcaci\u00f3n RIB de 7m que combina confort familiar con un gran rendimiento. Exclusiva de Italboats Espa\u00f1a.","robots":{"index":"index","follow":"follow","max-snippet":"max-snippet:-1","max-image-preview":"max-image-preview:large","max-video-preview":"max-video-preview:-1"},"canonical":"https:\/\/italboats.es\/es\/barco\/predator-700\/","og_locale":"es_ES","og_type":"article","og_title":"Lancha RIB Predator 700 | Embarcaciones RIB Italboats Espa\u00f1a","og_description":"Predator 700: una embarcaci\u00f3n RIB de 7m que combina confort familiar con un gran rendimiento. Exclusiva de Italboats Espa\u00f1a.","og_url":"https:\/\/italboats.es\/es\/barco\/predator-700\/","og_site_name":"Italboats Espa\u00f1a","article_modified_time":"2025-05-16T12:37:46+00:00","og_image":[{"width":1620,"height":1081,"url":"https:\/\/italboats.es\/wp-content\/uploads\/2025\/04\/Predator-700-Italboats-Espana-20.jpg","type":"image\/jpeg"}],"twitter_card":"summary_large_image","twitter_misc":{"Tiempo de lectura":"1 minuto"},"schema":{"@context":"https:\/\/schema.org","@graph":[{"@type":"WebPage","@id":"https:\/\/italboats.es\/es\/barco\/predator-700\/","url":"https:\/\/italboats.es\/es\/barco\/predator-700\/","name":"Lancha RIB Predator 700 | Embarcaciones RIB Italboats Espa\u00f1a","isPartOf":{"@id":"https:\/\/italboats.es\/es\/#website"},"primaryImageOfPage":{"@id":"https:\/\/italboats.es\/es\/barco\/predator-700\/#primaryimage"},"image":{"@id":"https:\/\/italboats.es\/es\/barco\/predator-700\/#primaryimage"},"thumbnailUrl":"https:\/\/italboats.es\/wp-content\/uploads\/2025\/04\/Predator-700-Italboats-Espana-20.jpg","datePublished":"2025-04-26T10:50:01+00:00","dateModified":"2025-05-16T12:37:46+00:00","description":"Predator 700: una embarcaci\u00f3n RIB de 7m que combina confort familiar con un gran rendimiento. Exclusiva de Italboats Espa\u00f1a.","breadcrumb":{"@id":"https:\/\/italboats.es\/es\/barco\/predator-700\/#breadcrumb"},"inLanguage":"es","potentialAction":[{"@type":"ReadAction","target":["https:\/\/italboats.es\/es\/barco\/predator-700\/"]}]},{"@type":"ImageObject","inLanguage":"es","@id":"https:\/\/italboats.es\/es\/barco\/predator-700\/#primaryimage","url":"https:\/\/italboats.es\/wp-content\/uploads\/2025\/04\/Predator-700-Italboats-Espana-20.jpg","contentUrl":"https:\/\/italboats.es\/wp-content\/uploads\/2025\/04\/Predator-700-Italboats-Espana-20.jpg","width":1620,"height":1081,"caption":"Predator 700 RIB boat"},{"@type":"BreadcrumbList","@id":"https:\/\/italboats.es\/es\/barco\/predator-700\/#breadcrumb","itemListElement":[{"@type":"ListItem","position":1,"name":"Home","item":"https:\/\/italboats.es\/es\/italboats\/"},{"@type":"ListItem","position":2,"name":"Nuestra selecci\u00f3n","item":"https:\/\/italboats.es\/es\/nuestra-seleccion\/"},{"@type":"ListItem","position":3,"name":"Predator 700"}]},{"@type":"WebSite","@id":"https:\/\/italboats.es\/es\/#website","url":"https:\/\/italboats.es\/es\/","name":"Italboats Espa\u00f1a","description":"","publisher":{"@id":"https:\/\/italboats.es\/es\/#organization"},"potentialAction":[{"@type":"SearchAction","target":{"@type":"EntryPoint","urlTemplate":"https:\/\/italboats.es\/es\/?s={search_term_string}"},"query-input":{"@type":"PropertyValueSpecification","valueRequired":true,"valueName":"search_term_string"}}],"inLanguage":"es"},{"@type":"Organization","@id":"https:\/\/italboats.es\/es\/#organization","name":"Italboats Espa\u00f1a","url":"https:\/\/italboats.es\/es\/","logo":{"@type":"ImageObject","inLanguage":"es","@id":"https:\/\/italboats.es\/es\/#\/schema\/logo\/image\/","url":"https:\/\/italboats.es\/wp-content\/uploads\/2025\/04\/Italboats_logo_light_wide-2.png","contentUrl":"https:\/\/italboats.es\/wp-content\/uploads\/2025\/04\/Italboats_logo_light_wide-2.png","width":1251,"height":153,"caption":"Italboats Espa\u00f1a"},"image":{"@id":"https:\/\/italboats.es\/es\/#\/schema\/logo\/image\/"}}]}},"_links":{"self":[{"href":"https:\/\/italboats.es\/es\/wp-json\/wp\/v2\/product\/787","targetHints":{"allow":["GET"]}}],"collection":[{"href":"https:\/\/italboats.es\/es\/wp-json\/wp\/v2\/product"}],"about":[{"href":"https:\/\/italboats.es\/es\/wp-json\/wp\/v2\/types\/product"}],"replies":[{"embeddable":true,"href":"https:\/\/italboats.es\/es\/wp-json\/wp\/v2\/comments?post=787"}],"wp:featuredmedia":[{"embeddable":true,"href":"https:\/\/italboats.es\/es\/wp-json\/wp\/v2\/media\/650"}],"wp:attachment":[{"href":"https:\/\/italboats.es\/es\/wp-json\/wp\/v2\/media?parent=787"}],"wp:term":[{"taxonomy":"product_brand","embeddable":true,"href":"https:\/\/italboats.es\/es\/wp-json\/wp\/v2\/product_brand?post=787"},{"taxonomy":"product_cat","embeddable":true,"href":"https:\/\/italboats.es\/es\/wp-json\/wp\/v2\/product_cat?post=787"},{"taxonomy":"product_tag","embeddable":true,"href":"https:\/\/italboats.es\/es\/wp-json\/wp\/v2\/product_tag?post=787"}],"curies":[{"name":"wp","href":"https:\/\/api.w.org\/{rel}","templated":true}]}}