{"id":785,"date":"2025-04-26T14:14:10","date_gmt":"2025-04-26T12:14:10","guid":{"rendered":"https:\/\/italboats.es\/boat\/predator-750\/"},"modified":"2025-05-16T14:29:07","modified_gmt":"2025-05-16T12:29:07","slug":"predator-750","status":"publish","type":"product","link":"https:\/\/italboats.es\/es\/barco\/predator-750\/","title":{"rendered":"Predator 750"},"content":{"rendered":"<p class=\"\" data-start=\"0\" data-end=\"479\">El Predator 750 combina lujo con practicidad, ofreci\u00e9ndote la plataforma perfecta para disfrutar de la navegaci\u00f3n todo el d\u00eda, todos los d\u00edas en el agua. De serie incluye una amplia gama de opciones y mucho espacio para moverse c\u00f3modamente por la embarcaci\u00f3n, lo que lo convierte en uno de los productos m\u00e1s destacados de la gama Predator. Personaliza tu Predator 750 con diferentes colores de flotadores, gelcoat, posici\u00f3n de la consola y una gran variedad de extras opcionales.<\/p>\n<p class=\"\" data-start=\"481\" data-end=\"856\">Con una manga amplia de 2,9 m, el Predator 750 es extremadamente estable en reposo y una excelente opci\u00f3n para pasar el d\u00eda en el agua. El casco en V profunda tambi\u00e9n maximiza el rendimiento y la navegaci\u00f3n incluso en las condiciones m\u00e1s exigentes.<\/p>\n","protected":false},"excerpt":{"rendered":"<div id=\"_rich_text-33-1385\" class=\"oxy-rich-text\">\n<p>El Predator 650 Touring combina lujo con funcionalidad para disfrutar de la navegaci\u00f3n todos los d\u00edas en el agua.<\/p>\n<\/div>\n","protected":false},"featured_media":669,"comment_status":"open","ping_status":"closed","template":"","meta":{"_acf_changed":false},"product_brand":[17],"product_cat":[32],"product_tag":[],"class_list":{"0":"post-785","1":"product","2":"type-product","3":"status-publish","4":"has-post-thumbnail","6":"product_brand-italboats","7":"product_cat-predator-es","10":"first","11":"instock","12":"shipping-taxable","13":"product-type-simple"},"acf":[],"yoast_head":"<!-- This site is optimized with the Yoast SEO plugin v25.0 - https:\/\/yoast.com\/wordpress\/plugins\/seo\/ -->\n<title>Lancha RIB Predator 750 | Lancha Premium de 7.5 m en Venta<\/title>\n<meta name=\"description\" content=\"La lancha RIB Predator 750 ofrece comodidad, espacio y potencia para navegar en alta mar. Perfecta para un d\u00eda completo en el mar. Italboats Espa\u00f1a.\" \/>\n<meta name=\"robots\" content=\"index, follow, max-snippet:-1, max-image-preview:large, max-video-preview:-1\" \/>\n<link rel=\"canonical\" href=\"https:\/\/italboats.es\/es\/barco\/predator-750\/\" \/>\n<meta property=\"og:locale\" content=\"es_ES\" \/>\n<meta property=\"og:type\" content=\"article\" \/>\n<meta property=\"og:title\" content=\"Lancha RIB Predator 750 | Lancha Premium de 7.5 m en Venta\" \/>\n<meta property=\"og:description\" content=\"La lancha RIB Predator 750 ofrece comodidad, espacio y potencia para navegar en alta mar. Perfecta para un d\u00eda completo en el mar. Italboats Espa\u00f1a.\" \/>\n<meta property=\"og:url\" content=\"https:\/\/italboats.es\/es\/barco\/predator-750\/\" \/>\n<meta property=\"og:site_name\" content=\"Italboats Espa\u00f1a\" \/>\n<meta property=\"article:modified_time\" content=\"2025-05-16T12:29:07+00:00\" \/>\n<meta property=\"og:image\" content=\"https:\/\/italboats.es\/wp-content\/uploads\/2025\/04\/750-WEBSITE-1-min-1.jpg\" \/>\n\t<meta property=\"og:image:width\" content=\"1403\" \/>\n\t<meta property=\"og:image:height\" content=\"935\" \/>\n\t<meta property=\"og:image:type\" content=\"image\/jpeg\" \/>\n<meta name=\"twitter:card\" content=\"summary_large_image\" \/>\n<meta name=\"twitter:label1\" content=\"Tiempo de lectura\" \/>\n\t<meta name=\"twitter:data1\" content=\"1 minuto\" \/>\n<script type=\"application\/ld+json\" class=\"yoast-schema-graph\">{\"@context\":\"https:\/\/schema.org\",\"@graph\":[{\"@type\":\"WebPage\",\"@id\":\"https:\/\/italboats.es\/es\/barco\/predator-750\/\",\"url\":\"https:\/\/italboats.es\/es\/barco\/predator-750\/\",\"name\":\"Lancha RIB Predator 750 | Lancha Premium de 7.5 m en Venta\",\"isPartOf\":{\"@id\":\"https:\/\/italboats.es\/es\/#website\"},\"primaryImageOfPage\":{\"@id\":\"https:\/\/italboats.es\/es\/barco\/predator-750\/#primaryimage\"},\"image\":{\"@id\":\"https:\/\/italboats.es\/es\/barco\/predator-750\/#primaryimage\"},\"thumbnailUrl\":\"https:\/\/italboats.es\/wp-content\/uploads\/2025\/04\/750-WEBSITE-1-min-1.jpg\",\"datePublished\":\"2025-04-26T12:14:10+00:00\",\"dateModified\":\"2025-05-16T12:29:07+00:00\",\"description\":\"La lancha RIB Predator 750 ofrece comodidad, espacio y potencia para navegar en alta mar. Perfecta para un d\u00eda completo en el mar. Italboats Espa\u00f1a.\",\"breadcrumb\":{\"@id\":\"https:\/\/italboats.es\/es\/barco\/predator-750\/#breadcrumb\"},\"inLanguage\":\"es\",\"potentialAction\":[{\"@type\":\"ReadAction\",\"target\":[\"https:\/\/italboats.es\/es\/barco\/predator-750\/\"]}]},{\"@type\":\"ImageObject\",\"inLanguage\":\"es\",\"@id\":\"https:\/\/italboats.es\/es\/barco\/predator-750\/#primaryimage\",\"url\":\"https:\/\/italboats.es\/wp-content\/uploads\/2025\/04\/750-WEBSITE-1-min-1.jpg\",\"contentUrl\":\"https:\/\/italboats.es\/wp-content\/uploads\/2025\/04\/750-WEBSITE-1-min-1.jpg\",\"width\":1403,\"height\":935,\"caption\":\"Predator 750 RIB boat\"},{\"@type\":\"BreadcrumbList\",\"@id\":\"https:\/\/italboats.es\/es\/barco\/predator-750\/#breadcrumb\",\"itemListElement\":[{\"@type\":\"ListItem\",\"position\":1,\"name\":\"Home\",\"item\":\"https:\/\/italboats.es\/es\/italboats\/\"},{\"@type\":\"ListItem\",\"position\":2,\"name\":\"Nuestra selecci\u00f3n\",\"item\":\"https:\/\/italboats.es\/es\/nuestra-seleccion\/\"},{\"@type\":\"ListItem\",\"position\":3,\"name\":\"Predator 750\"}]},{\"@type\":\"WebSite\",\"@id\":\"https:\/\/italboats.es\/es\/#website\",\"url\":\"https:\/\/italboats.es\/es\/\",\"name\":\"Italboats Espa\u00f1a\",\"description\":\"\",\"publisher\":{\"@id\":\"https:\/\/italboats.es\/es\/#organization\"},\"potentialAction\":[{\"@type\":\"SearchAction\",\"target\":{\"@type\":\"EntryPoint\",\"urlTemplate\":\"https:\/\/italboats.es\/es\/?s={search_term_string}\"},\"query-input\":{\"@type\":\"PropertyValueSpecification\",\"valueRequired\":true,\"valueName\":\"search_term_string\"}}],\"inLanguage\":\"es\"},{\"@type\":\"Organization\",\"@id\":\"https:\/\/italboats.es\/es\/#organization\",\"name\":\"Italboats Espa\u00f1a\",\"url\":\"https:\/\/italboats.es\/es\/\",\"logo\":{\"@type\":\"ImageObject\",\"inLanguage\":\"es\",\"@id\":\"https:\/\/italboats.es\/es\/#\/schema\/logo\/image\/\",\"url\":\"https:\/\/italboats.es\/wp-content\/uploads\/2025\/04\/Italboats_logo_light_wide-2.png\",\"contentUrl\":\"https:\/\/italboats.es\/wp-content\/uploads\/2025\/04\/Italboats_logo_light_wide-2.png\",\"width\":1251,\"height\":153,\"caption\":\"Italboats Espa\u00f1a\"},\"image\":{\"@id\":\"https:\/\/italboats.es\/es\/#\/schema\/logo\/image\/\"}}]}<\/script>\n<!-- \/ Yoast SEO plugin. -->","yoast_head_json":{"title":"Lancha RIB Predator 750 | Lancha Premium de 7.5 m en Venta","description":"La lancha RIB Predator 750 ofrece comodidad, espacio y potencia para navegar en alta mar. Perfecta para un d\u00eda completo en el mar. Italboats Espa\u00f1a.","robots":{"index":"index","follow":"follow","max-snippet":"max-snippet:-1","max-image-preview":"max-image-preview:large","max-video-preview":"max-video-preview:-1"},"canonical":"https:\/\/italboats.es\/es\/barco\/predator-750\/","og_locale":"es_ES","og_type":"article","og_title":"Lancha RIB Predator 750 | Lancha Premium de 7.5 m en Venta","og_description":"La lancha RIB Predator 750 ofrece comodidad, espacio y potencia para navegar en alta mar. Perfecta para un d\u00eda completo en el mar. Italboats Espa\u00f1a.","og_url":"https:\/\/italboats.es\/es\/barco\/predator-750\/","og_site_name":"Italboats Espa\u00f1a","article_modified_time":"2025-05-16T12:29:07+00:00","og_image":[{"width":1403,"height":935,"url":"https:\/\/italboats.es\/wp-content\/uploads\/2025\/04\/750-WEBSITE-1-min-1.jpg","type":"image\/jpeg"}],"twitter_card":"summary_large_image","twitter_misc":{"Tiempo de lectura":"1 minuto"},"schema":{"@context":"https:\/\/schema.org","@graph":[{"@type":"WebPage","@id":"https:\/\/italboats.es\/es\/barco\/predator-750\/","url":"https:\/\/italboats.es\/es\/barco\/predator-750\/","name":"Lancha RIB Predator 750 | Lancha Premium de 7.5 m en Venta","isPartOf":{"@id":"https:\/\/italboats.es\/es\/#website"},"primaryImageOfPage":{"@id":"https:\/\/italboats.es\/es\/barco\/predator-750\/#primaryimage"},"image":{"@id":"https:\/\/italboats.es\/es\/barco\/predator-750\/#primaryimage"},"thumbnailUrl":"https:\/\/italboats.es\/wp-content\/uploads\/2025\/04\/750-WEBSITE-1-min-1.jpg","datePublished":"2025-04-26T12:14:10+00:00","dateModified":"2025-05-16T12:29:07+00:00","description":"La lancha RIB Predator 750 ofrece comodidad, espacio y potencia para navegar en alta mar. Perfecta para un d\u00eda completo en el mar. Italboats Espa\u00f1a.","breadcrumb":{"@id":"https:\/\/italboats.es\/es\/barco\/predator-750\/#breadcrumb"},"inLanguage":"es","potentialAction":[{"@type":"ReadAction","target":["https:\/\/italboats.es\/es\/barco\/predator-750\/"]}]},{"@type":"ImageObject","inLanguage":"es","@id":"https:\/\/italboats.es\/es\/barco\/predator-750\/#primaryimage","url":"https:\/\/italboats.es\/wp-content\/uploads\/2025\/04\/750-WEBSITE-1-min-1.jpg","contentUrl":"https:\/\/italboats.es\/wp-content\/uploads\/2025\/04\/750-WEBSITE-1-min-1.jpg","width":1403,"height":935,"caption":"Predator 750 RIB boat"},{"@type":"BreadcrumbList","@id":"https:\/\/italboats.es\/es\/barco\/predator-750\/#breadcrumb","itemListElement":[{"@type":"ListItem","position":1,"name":"Home","item":"https:\/\/italboats.es\/es\/italboats\/"},{"@type":"ListItem","position":2,"name":"Nuestra selecci\u00f3n","item":"https:\/\/italboats.es\/es\/nuestra-seleccion\/"},{"@type":"ListItem","position":3,"name":"Predator 750"}]},{"@type":"WebSite","@id":"https:\/\/italboats.es\/es\/#website","url":"https:\/\/italboats.es\/es\/","name":"Italboats Espa\u00f1a","description":"","publisher":{"@id":"https:\/\/italboats.es\/es\/#organization"},"potentialAction":[{"@type":"SearchAction","target":{"@type":"EntryPoint","urlTemplate":"https:\/\/italboats.es\/es\/?s={search_term_string}"},"query-input":{"@type":"PropertyValueSpecification","valueRequired":true,"valueName":"search_term_string"}}],"inLanguage":"es"},{"@type":"Organization","@id":"https:\/\/italboats.es\/es\/#organization","name":"Italboats Espa\u00f1a","url":"https:\/\/italboats.es\/es\/","logo":{"@type":"ImageObject","inLanguage":"es","@id":"https:\/\/italboats.es\/es\/#\/schema\/logo\/image\/","url":"https:\/\/italboats.es\/wp-content\/uploads\/2025\/04\/Italboats_logo_light_wide-2.png","contentUrl":"https:\/\/italboats.es\/wp-content\/uploads\/2025\/04\/Italboats_logo_light_wide-2.png","width":1251,"height":153,"caption":"Italboats Espa\u00f1a"},"image":{"@id":"https:\/\/italboats.es\/es\/#\/schema\/logo\/image\/"}}]}},"_links":{"self":[{"href":"https:\/\/italboats.es\/es\/wp-json\/wp\/v2\/product\/785","targetHints":{"allow":["GET"]}}],"collection":[{"href":"https:\/\/italboats.es\/es\/wp-json\/wp\/v2\/product"}],"about":[{"href":"https:\/\/italboats.es\/es\/wp-json\/wp\/v2\/types\/product"}],"replies":[{"embeddable":true,"href":"https:\/\/italboats.es\/es\/wp-json\/wp\/v2\/comments?post=785"}],"wp:featuredmedia":[{"embeddable":true,"href":"https:\/\/italboats.es\/es\/wp-json\/wp\/v2\/media\/669"}],"wp:attachment":[{"href":"https:\/\/italboats.es\/es\/wp-json\/wp\/v2\/media?parent=785"}],"wp:term":[{"taxonomy":"product_brand","embeddable":true,"href":"https:\/\/italboats.es\/es\/wp-json\/wp\/v2\/product_brand?post=785"},{"taxonomy":"product_cat","embeddable":true,"href":"https:\/\/italboats.es\/es\/wp-json\/wp\/v2\/product_cat?post=785"},{"taxonomy":"product_tag","embeddable":true,"href":"https:\/\/italboats.es\/es\/wp-json\/wp\/v2\/product_tag?post=785"}],"curies":[{"name":"wp","href":"https:\/\/api.w.org\/{rel}","templated":true}]}}