{"id":783,"date":"2025-04-27T13:06:54","date_gmt":"2025-04-27T11:06:54","guid":{"rendered":"https:\/\/italboats.es\/boat\/stingher-340-fast-rike\/"},"modified":"2025-05-16T14:26:33","modified_gmt":"2025-05-16T12:26:33","slug":"stingher-340-fast-rike","status":"publish","type":"product","link":"https:\/\/italboats.es\/es\/barco\/stingher-340-fast-rike\/","title":{"rendered":"Stingher 340 Fast Rike"},"content":{"rendered":"<p class=\"\" data-start=\"0\" data-end=\"110\">El primer modelo de la l\u00ednea Fast Rike es la combinaci\u00f3n perfecta de practicidad y rendimiento en solo 3.40 m.<\/p>\n<p class=\"\" data-start=\"112\" data-end=\"382\">Su tama\u00f1o compacto sigue ofreciendo espacio para hasta 5 pasajeros. La nariz de proa es caminable y est\u00e1 equipada con un bolardo retr\u00e1ctil para no obstruir el paso, y gracias a su dise\u00f1o, que no sobresale de los tubos, permite un acceso cercano a los yates sin da\u00f1arlos.<\/p>\n<p class=\"\" data-start=\"384\" data-end=\"511\">Con un motor fuera de borda de 40 hp como m\u00e1ximo, alcanza velocidades de hasta 30 nudos, ofreciendo un rendimiento excepcional.<\/p>\n<p class=\"\" data-start=\"513\" data-end=\"805\">Y si buscas algo a\u00fan m\u00e1s exclusivo, puedes agregar un bimini con una barra antivuelco de acero inoxidable, revestimiento de teca personalizable, luces LED de cortes\u00eda en la cubierta y \u00e1rea de popa, y un casco y cubierta totalmente personalizables. \u00a1No tendr\u00e1s nada que envidiar a otros yates!<\/p>\n","protected":false},"excerpt":{"rendered":"<div id=\"_rich_text-33-1385\" class=\"oxy-rich-text\">\n<p>El primer modelo de la l\u00ednea Fast Rike es la combinaci\u00f3n perfecta de practicidad y rendimiento en solo 3.40 m con espacio para hasta 5 pasajeros.<\/p>\n<\/div>\n","protected":false},"featured_media":506,"comment_status":"open","ping_status":"closed","template":"","meta":{"_acf_changed":false},"product_brand":[17],"product_cat":[30],"product_tag":[],"class_list":{"0":"post-783","1":"product","2":"type-product","3":"status-publish","4":"has-post-thumbnail","6":"product_brand-italboats","7":"product_cat-stingher","10":"first","11":"instock","12":"shipping-taxable","13":"product-type-simple"},"acf":[],"yoast_head":"<!-- This site is optimized with the Yoast SEO plugin v25.0 - https:\/\/yoast.com\/wordpress\/plugins\/seo\/ -->\n<title>Lancha RIB Stingher 340 Fast Rike | Italboats Espa\u00f1a<\/title>\n<meta name=\"description\" content=\"Peque\u00f1a pero potente: la lancha RIB Stingher 340 es perfecta para maniobras \u00e1giles y navegaci\u00f3n relajada. Explora toda nuestra gama.\" \/>\n<meta name=\"robots\" content=\"index, follow, max-snippet:-1, max-image-preview:large, max-video-preview:-1\" \/>\n<link rel=\"canonical\" href=\"https:\/\/italboats.es\/es\/barco\/stingher-340-fast-rike\/\" \/>\n<meta property=\"og:locale\" content=\"es_ES\" \/>\n<meta property=\"og:type\" content=\"article\" \/>\n<meta property=\"og:title\" content=\"Lancha RIB Stingher 340 Fast Rike | Italboats Espa\u00f1a\" \/>\n<meta property=\"og:description\" content=\"Peque\u00f1a pero potente: la lancha RIB Stingher 340 es perfecta para maniobras \u00e1giles y navegaci\u00f3n relajada. Explora toda nuestra gama.\" \/>\n<meta property=\"og:url\" content=\"https:\/\/italboats.es\/es\/barco\/stingher-340-fast-rike\/\" \/>\n<meta property=\"og:site_name\" content=\"Italboats Espa\u00f1a\" \/>\n<meta property=\"article:modified_time\" content=\"2025-05-16T12:26:33+00:00\" \/>\n<meta property=\"og:image\" content=\"https:\/\/italboats.es\/wp-content\/uploads\/2025\/04\/340FR-Italboats-4-1.jpg\" \/>\n\t<meta property=\"og:image:width\" content=\"1620\" \/>\n\t<meta property=\"og:image:height\" content=\"1079\" \/>\n\t<meta property=\"og:image:type\" content=\"image\/jpeg\" \/>\n<meta name=\"twitter:card\" content=\"summary_large_image\" \/>\n<meta name=\"twitter:label1\" content=\"Tiempo de lectura\" \/>\n\t<meta name=\"twitter:data1\" content=\"1 minuto\" \/>\n<script type=\"application\/ld+json\" class=\"yoast-schema-graph\">{\"@context\":\"https:\/\/schema.org\",\"@graph\":[{\"@type\":\"WebPage\",\"@id\":\"https:\/\/italboats.es\/es\/barco\/stingher-340-fast-rike\/\",\"url\":\"https:\/\/italboats.es\/es\/barco\/stingher-340-fast-rike\/\",\"name\":\"Lancha RIB Stingher 340 Fast Rike | Italboats Espa\u00f1a\",\"isPartOf\":{\"@id\":\"https:\/\/italboats.es\/es\/#website\"},\"primaryImageOfPage\":{\"@id\":\"https:\/\/italboats.es\/es\/barco\/stingher-340-fast-rike\/#primaryimage\"},\"image\":{\"@id\":\"https:\/\/italboats.es\/es\/barco\/stingher-340-fast-rike\/#primaryimage\"},\"thumbnailUrl\":\"https:\/\/italboats.es\/wp-content\/uploads\/2025\/04\/340FR-Italboats-4-1.jpg\",\"datePublished\":\"2025-04-27T11:06:54+00:00\",\"dateModified\":\"2025-05-16T12:26:33+00:00\",\"description\":\"Peque\u00f1a pero potente: la lancha RIB Stingher 340 es perfecta para maniobras \u00e1giles y navegaci\u00f3n relajada. Explora toda nuestra gama.\",\"breadcrumb\":{\"@id\":\"https:\/\/italboats.es\/es\/barco\/stingher-340-fast-rike\/#breadcrumb\"},\"inLanguage\":\"es\",\"potentialAction\":[{\"@type\":\"ReadAction\",\"target\":[\"https:\/\/italboats.es\/es\/barco\/stingher-340-fast-rike\/\"]}]},{\"@type\":\"ImageObject\",\"inLanguage\":\"es\",\"@id\":\"https:\/\/italboats.es\/es\/barco\/stingher-340-fast-rike\/#primaryimage\",\"url\":\"https:\/\/italboats.es\/wp-content\/uploads\/2025\/04\/340FR-Italboats-4-1.jpg\",\"contentUrl\":\"https:\/\/italboats.es\/wp-content\/uploads\/2025\/04\/340FR-Italboats-4-1.jpg\",\"width\":1620,\"height\":1079,\"caption\":\"Stingher 340 Fast Rike RIB boat\"},{\"@type\":\"BreadcrumbList\",\"@id\":\"https:\/\/italboats.es\/es\/barco\/stingher-340-fast-rike\/#breadcrumb\",\"itemListElement\":[{\"@type\":\"ListItem\",\"position\":1,\"name\":\"Home\",\"item\":\"https:\/\/italboats.es\/es\/italboats\/\"},{\"@type\":\"ListItem\",\"position\":2,\"name\":\"Nuestra selecci\u00f3n\",\"item\":\"https:\/\/italboats.es\/es\/nuestra-seleccion\/\"},{\"@type\":\"ListItem\",\"position\":3,\"name\":\"Stingher 340 Fast Rike\"}]},{\"@type\":\"WebSite\",\"@id\":\"https:\/\/italboats.es\/es\/#website\",\"url\":\"https:\/\/italboats.es\/es\/\",\"name\":\"Italboats Espa\u00f1a\",\"description\":\"\",\"publisher\":{\"@id\":\"https:\/\/italboats.es\/es\/#organization\"},\"potentialAction\":[{\"@type\":\"SearchAction\",\"target\":{\"@type\":\"EntryPoint\",\"urlTemplate\":\"https:\/\/italboats.es\/es\/?s={search_term_string}\"},\"query-input\":{\"@type\":\"PropertyValueSpecification\",\"valueRequired\":true,\"valueName\":\"search_term_string\"}}],\"inLanguage\":\"es\"},{\"@type\":\"Organization\",\"@id\":\"https:\/\/italboats.es\/es\/#organization\",\"name\":\"Italboats Espa\u00f1a\",\"url\":\"https:\/\/italboats.es\/es\/\",\"logo\":{\"@type\":\"ImageObject\",\"inLanguage\":\"es\",\"@id\":\"https:\/\/italboats.es\/es\/#\/schema\/logo\/image\/\",\"url\":\"https:\/\/italboats.es\/wp-content\/uploads\/2025\/04\/Italboats_logo_light_wide-2.png\",\"contentUrl\":\"https:\/\/italboats.es\/wp-content\/uploads\/2025\/04\/Italboats_logo_light_wide-2.png\",\"width\":1251,\"height\":153,\"caption\":\"Italboats Espa\u00f1a\"},\"image\":{\"@id\":\"https:\/\/italboats.es\/es\/#\/schema\/logo\/image\/\"}}]}<\/script>\n<!-- \/ Yoast SEO plugin. -->","yoast_head_json":{"title":"Lancha RIB Stingher 340 Fast Rike | Italboats Espa\u00f1a","description":"Peque\u00f1a pero potente: la lancha RIB Stingher 340 es perfecta para maniobras \u00e1giles y navegaci\u00f3n relajada. Explora toda nuestra gama.","robots":{"index":"index","follow":"follow","max-snippet":"max-snippet:-1","max-image-preview":"max-image-preview:large","max-video-preview":"max-video-preview:-1"},"canonical":"https:\/\/italboats.es\/es\/barco\/stingher-340-fast-rike\/","og_locale":"es_ES","og_type":"article","og_title":"Lancha RIB Stingher 340 Fast Rike | Italboats Espa\u00f1a","og_description":"Peque\u00f1a pero potente: la lancha RIB Stingher 340 es perfecta para maniobras \u00e1giles y navegaci\u00f3n relajada. Explora toda nuestra gama.","og_url":"https:\/\/italboats.es\/es\/barco\/stingher-340-fast-rike\/","og_site_name":"Italboats Espa\u00f1a","article_modified_time":"2025-05-16T12:26:33+00:00","og_image":[{"width":1620,"height":1079,"url":"https:\/\/italboats.es\/wp-content\/uploads\/2025\/04\/340FR-Italboats-4-1.jpg","type":"image\/jpeg"}],"twitter_card":"summary_large_image","twitter_misc":{"Tiempo de lectura":"1 minuto"},"schema":{"@context":"https:\/\/schema.org","@graph":[{"@type":"WebPage","@id":"https:\/\/italboats.es\/es\/barco\/stingher-340-fast-rike\/","url":"https:\/\/italboats.es\/es\/barco\/stingher-340-fast-rike\/","name":"Lancha RIB Stingher 340 Fast Rike | Italboats Espa\u00f1a","isPartOf":{"@id":"https:\/\/italboats.es\/es\/#website"},"primaryImageOfPage":{"@id":"https:\/\/italboats.es\/es\/barco\/stingher-340-fast-rike\/#primaryimage"},"image":{"@id":"https:\/\/italboats.es\/es\/barco\/stingher-340-fast-rike\/#primaryimage"},"thumbnailUrl":"https:\/\/italboats.es\/wp-content\/uploads\/2025\/04\/340FR-Italboats-4-1.jpg","datePublished":"2025-04-27T11:06:54+00:00","dateModified":"2025-05-16T12:26:33+00:00","description":"Peque\u00f1a pero potente: la lancha RIB Stingher 340 es perfecta para maniobras \u00e1giles y navegaci\u00f3n relajada. Explora toda nuestra gama.","breadcrumb":{"@id":"https:\/\/italboats.es\/es\/barco\/stingher-340-fast-rike\/#breadcrumb"},"inLanguage":"es","potentialAction":[{"@type":"ReadAction","target":["https:\/\/italboats.es\/es\/barco\/stingher-340-fast-rike\/"]}]},{"@type":"ImageObject","inLanguage":"es","@id":"https:\/\/italboats.es\/es\/barco\/stingher-340-fast-rike\/#primaryimage","url":"https:\/\/italboats.es\/wp-content\/uploads\/2025\/04\/340FR-Italboats-4-1.jpg","contentUrl":"https:\/\/italboats.es\/wp-content\/uploads\/2025\/04\/340FR-Italboats-4-1.jpg","width":1620,"height":1079,"caption":"Stingher 340 Fast Rike RIB boat"},{"@type":"BreadcrumbList","@id":"https:\/\/italboats.es\/es\/barco\/stingher-340-fast-rike\/#breadcrumb","itemListElement":[{"@type":"ListItem","position":1,"name":"Home","item":"https:\/\/italboats.es\/es\/italboats\/"},{"@type":"ListItem","position":2,"name":"Nuestra selecci\u00f3n","item":"https:\/\/italboats.es\/es\/nuestra-seleccion\/"},{"@type":"ListItem","position":3,"name":"Stingher 340 Fast Rike"}]},{"@type":"WebSite","@id":"https:\/\/italboats.es\/es\/#website","url":"https:\/\/italboats.es\/es\/","name":"Italboats Espa\u00f1a","description":"","publisher":{"@id":"https:\/\/italboats.es\/es\/#organization"},"potentialAction":[{"@type":"SearchAction","target":{"@type":"EntryPoint","urlTemplate":"https:\/\/italboats.es\/es\/?s={search_term_string}"},"query-input":{"@type":"PropertyValueSpecification","valueRequired":true,"valueName":"search_term_string"}}],"inLanguage":"es"},{"@type":"Organization","@id":"https:\/\/italboats.es\/es\/#organization","name":"Italboats Espa\u00f1a","url":"https:\/\/italboats.es\/es\/","logo":{"@type":"ImageObject","inLanguage":"es","@id":"https:\/\/italboats.es\/es\/#\/schema\/logo\/image\/","url":"https:\/\/italboats.es\/wp-content\/uploads\/2025\/04\/Italboats_logo_light_wide-2.png","contentUrl":"https:\/\/italboats.es\/wp-content\/uploads\/2025\/04\/Italboats_logo_light_wide-2.png","width":1251,"height":153,"caption":"Italboats Espa\u00f1a"},"image":{"@id":"https:\/\/italboats.es\/es\/#\/schema\/logo\/image\/"}}]}},"_links":{"self":[{"href":"https:\/\/italboats.es\/es\/wp-json\/wp\/v2\/product\/783","targetHints":{"allow":["GET"]}}],"collection":[{"href":"https:\/\/italboats.es\/es\/wp-json\/wp\/v2\/product"}],"about":[{"href":"https:\/\/italboats.es\/es\/wp-json\/wp\/v2\/types\/product"}],"replies":[{"embeddable":true,"href":"https:\/\/italboats.es\/es\/wp-json\/wp\/v2\/comments?post=783"}],"wp:featuredmedia":[{"embeddable":true,"href":"https:\/\/italboats.es\/es\/wp-json\/wp\/v2\/media\/506"}],"wp:attachment":[{"href":"https:\/\/italboats.es\/es\/wp-json\/wp\/v2\/media?parent=783"}],"wp:term":[{"taxonomy":"product_brand","embeddable":true,"href":"https:\/\/italboats.es\/es\/wp-json\/wp\/v2\/product_brand?post=783"},{"taxonomy":"product_cat","embeddable":true,"href":"https:\/\/italboats.es\/es\/wp-json\/wp\/v2\/product_cat?post=783"},{"taxonomy":"product_tag","embeddable":true,"href":"https:\/\/italboats.es\/es\/wp-json\/wp\/v2\/product_tag?post=783"}],"curies":[{"name":"wp","href":"https:\/\/api.w.org\/{rel}","templated":true}]}}