{"id":782,"date":"2025-04-27T13:56:14","date_gmt":"2025-04-27T11:56:14","guid":{"rendered":"https:\/\/italboats.es\/boat\/stingher-380-fast-rike\/"},"modified":"2025-05-16T14:25:02","modified_gmt":"2025-05-16T12:25:02","slug":"stingher-380-fast-rike","status":"publish","type":"product","link":"https:\/\/italboats.es\/es\/barco\/stingher-380-fast-rike\/","title":{"rendered":"Stingher 380 Fast Rike"},"content":{"rendered":"<p class=\"\" data-start=\"0\" data-end=\"99\">El Stingher 380 FR naci\u00f3 de la evoluci\u00f3n del exitoso 340 FR, mejorando sus elementos fundamentales.<\/p>\n<p class=\"\" data-start=\"101\" data-end=\"283\">El casco es de nueva generaci\u00f3n: el V profundo y el tim\u00f3n de proa alargado ofrecen una navegaci\u00f3n m\u00e1s suave, seca y precisa, as\u00ed como un planeo inmediato incluso a bajas velocidades.<\/p>\n<p class=\"\" data-start=\"285\" data-end=\"413\">La consola de direcci\u00f3n permite instalar f\u00e1cilmente todos los instrumentos de navegaci\u00f3n esenciales, e incluso un navegador GPS.<\/p>\n<p class=\"\" data-start=\"415\" data-end=\"513\">La proa puede transformarse en una gran plataforma de sol instalando las 2 extensiones opcionales.<\/p>\n<p class=\"\" data-start=\"515\" data-end=\"668\">Los respaldos del sof\u00e1 de popa est\u00e1n inspirados en los coches deportivos cl\u00e1sicos, dando un toque de clase a una embarcaci\u00f3n con un dise\u00f1o ya distintivo.<\/p>\n<p class=\"\" data-start=\"670\" data-end=\"927\">El sof\u00e1 de popa, inspirado en los coches deportivos cl\u00e1sicos, a\u00f1ade un toque de clase y elegancia a una R.I.B. con un dise\u00f1o ya distintivo.<\/p>\n","protected":false},"excerpt":{"rendered":"<div id=\"_rich_text-33-1385\" class=\"oxy-rich-text\">\n<p>Evoluci\u00f3n continua de la l\u00ednea Fast Rike, con el 380FR perfeccionando los elementos clave de su predecesor, el 340FR.<\/p>\n<\/div>\n","protected":false},"featured_media":512,"comment_status":"open","ping_status":"closed","template":"","meta":{"_acf_changed":false},"product_brand":[17],"product_cat":[30],"product_tag":[],"class_list":{"0":"post-782","1":"product","2":"type-product","3":"status-publish","4":"has-post-thumbnail","6":"product_brand-italboats","7":"product_cat-stingher","10":"first","11":"instock","12":"shipping-taxable","13":"product-type-simple"},"acf":[],"yoast_head":"<!-- This site is optimized with the Yoast SEO plugin v25.0 - https:\/\/yoast.com\/wordpress\/plugins\/seo\/ -->\n<title>Lancha RIB Stingher 380 Fast Rike | Italboats Espa\u00f1a<\/title>\n<meta name=\"description\" content=\"La lancha RIB Stingher 380 Fast Rike ofrece grandes prestaciones en una embarcaci\u00f3n RIB compacta. Ideal para yates y uso recreativo.\" \/>\n<meta name=\"robots\" content=\"index, follow, max-snippet:-1, max-image-preview:large, max-video-preview:-1\" \/>\n<link rel=\"canonical\" href=\"https:\/\/italboats.es\/es\/barco\/stingher-380-fast-rike\/\" \/>\n<meta property=\"og:locale\" content=\"es_ES\" \/>\n<meta property=\"og:type\" content=\"article\" \/>\n<meta property=\"og:title\" content=\"Lancha RIB Stingher 380 Fast Rike | Italboats Espa\u00f1a\" \/>\n<meta property=\"og:description\" content=\"La lancha RIB Stingher 380 Fast Rike ofrece grandes prestaciones en una embarcaci\u00f3n RIB compacta. Ideal para yates y uso recreativo.\" \/>\n<meta property=\"og:url\" content=\"https:\/\/italboats.es\/es\/barco\/stingher-380-fast-rike\/\" \/>\n<meta property=\"og:site_name\" content=\"Italboats Espa\u00f1a\" \/>\n<meta property=\"article:modified_time\" content=\"2025-05-16T12:25:02+00:00\" \/>\n<meta property=\"og:image\" content=\"https:\/\/italboats.es\/wp-content\/uploads\/2025\/04\/380_Y-1920x1080-1.jpg\" \/>\n\t<meta property=\"og:image:width\" content=\"1618\" \/>\n\t<meta property=\"og:image:height\" content=\"1080\" \/>\n\t<meta property=\"og:image:type\" content=\"image\/jpeg\" \/>\n<meta name=\"twitter:card\" content=\"summary_large_image\" \/>\n<meta name=\"twitter:label1\" content=\"Tiempo de lectura\" \/>\n\t<meta name=\"twitter:data1\" content=\"1 minuto\" \/>\n<script type=\"application\/ld+json\" class=\"yoast-schema-graph\">{\"@context\":\"https:\/\/schema.org\",\"@graph\":[{\"@type\":\"WebPage\",\"@id\":\"https:\/\/italboats.es\/es\/barco\/stingher-380-fast-rike\/\",\"url\":\"https:\/\/italboats.es\/es\/barco\/stingher-380-fast-rike\/\",\"name\":\"Lancha RIB Stingher 380 Fast Rike | Italboats Espa\u00f1a\",\"isPartOf\":{\"@id\":\"https:\/\/italboats.es\/es\/#website\"},\"primaryImageOfPage\":{\"@id\":\"https:\/\/italboats.es\/es\/barco\/stingher-380-fast-rike\/#primaryimage\"},\"image\":{\"@id\":\"https:\/\/italboats.es\/es\/barco\/stingher-380-fast-rike\/#primaryimage\"},\"thumbnailUrl\":\"https:\/\/italboats.es\/wp-content\/uploads\/2025\/04\/380_Y-1920x1080-1.jpg\",\"datePublished\":\"2025-04-27T11:56:14+00:00\",\"dateModified\":\"2025-05-16T12:25:02+00:00\",\"description\":\"La lancha RIB Stingher 380 Fast Rike ofrece grandes prestaciones en una embarcaci\u00f3n RIB compacta. Ideal para yates y uso recreativo.\",\"breadcrumb\":{\"@id\":\"https:\/\/italboats.es\/es\/barco\/stingher-380-fast-rike\/#breadcrumb\"},\"inLanguage\":\"es\",\"potentialAction\":[{\"@type\":\"ReadAction\",\"target\":[\"https:\/\/italboats.es\/es\/barco\/stingher-380-fast-rike\/\"]}]},{\"@type\":\"ImageObject\",\"inLanguage\":\"es\",\"@id\":\"https:\/\/italboats.es\/es\/barco\/stingher-380-fast-rike\/#primaryimage\",\"url\":\"https:\/\/italboats.es\/wp-content\/uploads\/2025\/04\/380_Y-1920x1080-1.jpg\",\"contentUrl\":\"https:\/\/italboats.es\/wp-content\/uploads\/2025\/04\/380_Y-1920x1080-1.jpg\",\"width\":1618,\"height\":1080,\"caption\":\"Stingher 380 Fast Rike RIB boat\"},{\"@type\":\"BreadcrumbList\",\"@id\":\"https:\/\/italboats.es\/es\/barco\/stingher-380-fast-rike\/#breadcrumb\",\"itemListElement\":[{\"@type\":\"ListItem\",\"position\":1,\"name\":\"Home\",\"item\":\"https:\/\/italboats.es\/es\/italboats\/\"},{\"@type\":\"ListItem\",\"position\":2,\"name\":\"Nuestra selecci\u00f3n\",\"item\":\"https:\/\/italboats.es\/es\/nuestra-seleccion\/\"},{\"@type\":\"ListItem\",\"position\":3,\"name\":\"Stingher 380 Fast Rike\"}]},{\"@type\":\"WebSite\",\"@id\":\"https:\/\/italboats.es\/es\/#website\",\"url\":\"https:\/\/italboats.es\/es\/\",\"name\":\"Italboats Espa\u00f1a\",\"description\":\"\",\"publisher\":{\"@id\":\"https:\/\/italboats.es\/es\/#organization\"},\"potentialAction\":[{\"@type\":\"SearchAction\",\"target\":{\"@type\":\"EntryPoint\",\"urlTemplate\":\"https:\/\/italboats.es\/es\/?s={search_term_string}\"},\"query-input\":{\"@type\":\"PropertyValueSpecification\",\"valueRequired\":true,\"valueName\":\"search_term_string\"}}],\"inLanguage\":\"es\"},{\"@type\":\"Organization\",\"@id\":\"https:\/\/italboats.es\/es\/#organization\",\"name\":\"Italboats Espa\u00f1a\",\"url\":\"https:\/\/italboats.es\/es\/\",\"logo\":{\"@type\":\"ImageObject\",\"inLanguage\":\"es\",\"@id\":\"https:\/\/italboats.es\/es\/#\/schema\/logo\/image\/\",\"url\":\"https:\/\/italboats.es\/wp-content\/uploads\/2025\/04\/Italboats_logo_light_wide-2.png\",\"contentUrl\":\"https:\/\/italboats.es\/wp-content\/uploads\/2025\/04\/Italboats_logo_light_wide-2.png\",\"width\":1251,\"height\":153,\"caption\":\"Italboats Espa\u00f1a\"},\"image\":{\"@id\":\"https:\/\/italboats.es\/es\/#\/schema\/logo\/image\/\"}}]}<\/script>\n<!-- \/ Yoast SEO plugin. -->","yoast_head_json":{"title":"Lancha RIB Stingher 380 Fast Rike | Italboats Espa\u00f1a","description":"La lancha RIB Stingher 380 Fast Rike ofrece grandes prestaciones en una embarcaci\u00f3n RIB compacta. Ideal para yates y uso recreativo.","robots":{"index":"index","follow":"follow","max-snippet":"max-snippet:-1","max-image-preview":"max-image-preview:large","max-video-preview":"max-video-preview:-1"},"canonical":"https:\/\/italboats.es\/es\/barco\/stingher-380-fast-rike\/","og_locale":"es_ES","og_type":"article","og_title":"Lancha RIB Stingher 380 Fast Rike | Italboats Espa\u00f1a","og_description":"La lancha RIB Stingher 380 Fast Rike ofrece grandes prestaciones en una embarcaci\u00f3n RIB compacta. Ideal para yates y uso recreativo.","og_url":"https:\/\/italboats.es\/es\/barco\/stingher-380-fast-rike\/","og_site_name":"Italboats Espa\u00f1a","article_modified_time":"2025-05-16T12:25:02+00:00","og_image":[{"width":1618,"height":1080,"url":"https:\/\/italboats.es\/wp-content\/uploads\/2025\/04\/380_Y-1920x1080-1.jpg","type":"image\/jpeg"}],"twitter_card":"summary_large_image","twitter_misc":{"Tiempo de lectura":"1 minuto"},"schema":{"@context":"https:\/\/schema.org","@graph":[{"@type":"WebPage","@id":"https:\/\/italboats.es\/es\/barco\/stingher-380-fast-rike\/","url":"https:\/\/italboats.es\/es\/barco\/stingher-380-fast-rike\/","name":"Lancha RIB Stingher 380 Fast Rike | Italboats Espa\u00f1a","isPartOf":{"@id":"https:\/\/italboats.es\/es\/#website"},"primaryImageOfPage":{"@id":"https:\/\/italboats.es\/es\/barco\/stingher-380-fast-rike\/#primaryimage"},"image":{"@id":"https:\/\/italboats.es\/es\/barco\/stingher-380-fast-rike\/#primaryimage"},"thumbnailUrl":"https:\/\/italboats.es\/wp-content\/uploads\/2025\/04\/380_Y-1920x1080-1.jpg","datePublished":"2025-04-27T11:56:14+00:00","dateModified":"2025-05-16T12:25:02+00:00","description":"La lancha RIB Stingher 380 Fast Rike ofrece grandes prestaciones en una embarcaci\u00f3n RIB compacta. Ideal para yates y uso recreativo.","breadcrumb":{"@id":"https:\/\/italboats.es\/es\/barco\/stingher-380-fast-rike\/#breadcrumb"},"inLanguage":"es","potentialAction":[{"@type":"ReadAction","target":["https:\/\/italboats.es\/es\/barco\/stingher-380-fast-rike\/"]}]},{"@type":"ImageObject","inLanguage":"es","@id":"https:\/\/italboats.es\/es\/barco\/stingher-380-fast-rike\/#primaryimage","url":"https:\/\/italboats.es\/wp-content\/uploads\/2025\/04\/380_Y-1920x1080-1.jpg","contentUrl":"https:\/\/italboats.es\/wp-content\/uploads\/2025\/04\/380_Y-1920x1080-1.jpg","width":1618,"height":1080,"caption":"Stingher 380 Fast Rike RIB boat"},{"@type":"BreadcrumbList","@id":"https:\/\/italboats.es\/es\/barco\/stingher-380-fast-rike\/#breadcrumb","itemListElement":[{"@type":"ListItem","position":1,"name":"Home","item":"https:\/\/italboats.es\/es\/italboats\/"},{"@type":"ListItem","position":2,"name":"Nuestra selecci\u00f3n","item":"https:\/\/italboats.es\/es\/nuestra-seleccion\/"},{"@type":"ListItem","position":3,"name":"Stingher 380 Fast Rike"}]},{"@type":"WebSite","@id":"https:\/\/italboats.es\/es\/#website","url":"https:\/\/italboats.es\/es\/","name":"Italboats Espa\u00f1a","description":"","publisher":{"@id":"https:\/\/italboats.es\/es\/#organization"},"potentialAction":[{"@type":"SearchAction","target":{"@type":"EntryPoint","urlTemplate":"https:\/\/italboats.es\/es\/?s={search_term_string}"},"query-input":{"@type":"PropertyValueSpecification","valueRequired":true,"valueName":"search_term_string"}}],"inLanguage":"es"},{"@type":"Organization","@id":"https:\/\/italboats.es\/es\/#organization","name":"Italboats Espa\u00f1a","url":"https:\/\/italboats.es\/es\/","logo":{"@type":"ImageObject","inLanguage":"es","@id":"https:\/\/italboats.es\/es\/#\/schema\/logo\/image\/","url":"https:\/\/italboats.es\/wp-content\/uploads\/2025\/04\/Italboats_logo_light_wide-2.png","contentUrl":"https:\/\/italboats.es\/wp-content\/uploads\/2025\/04\/Italboats_logo_light_wide-2.png","width":1251,"height":153,"caption":"Italboats Espa\u00f1a"},"image":{"@id":"https:\/\/italboats.es\/es\/#\/schema\/logo\/image\/"}}]}},"_links":{"self":[{"href":"https:\/\/italboats.es\/es\/wp-json\/wp\/v2\/product\/782","targetHints":{"allow":["GET"]}}],"collection":[{"href":"https:\/\/italboats.es\/es\/wp-json\/wp\/v2\/product"}],"about":[{"href":"https:\/\/italboats.es\/es\/wp-json\/wp\/v2\/types\/product"}],"replies":[{"embeddable":true,"href":"https:\/\/italboats.es\/es\/wp-json\/wp\/v2\/comments?post=782"}],"wp:featuredmedia":[{"embeddable":true,"href":"https:\/\/italboats.es\/es\/wp-json\/wp\/v2\/media\/512"}],"wp:attachment":[{"href":"https:\/\/italboats.es\/es\/wp-json\/wp\/v2\/media?parent=782"}],"wp:term":[{"taxonomy":"product_brand","embeddable":true,"href":"https:\/\/italboats.es\/es\/wp-json\/wp\/v2\/product_brand?post=782"},{"taxonomy":"product_cat","embeddable":true,"href":"https:\/\/italboats.es\/es\/wp-json\/wp\/v2\/product_cat?post=782"},{"taxonomy":"product_tag","embeddable":true,"href":"https:\/\/italboats.es\/es\/wp-json\/wp\/v2\/product_tag?post=782"}],"curies":[{"name":"wp","href":"https:\/\/api.w.org\/{rel}","templated":true}]}}