{"id":779,"date":"2025-04-28T07:38:38","date_gmt":"2025-04-28T05:38:38","guid":{"rendered":"https:\/\/italboats.es\/boat\/stingher-22gt\/"},"modified":"2025-05-16T14:24:53","modified_gmt":"2025-05-16T12:24:53","slug":"stingher-22gt","status":"publish","type":"product","link":"https:\/\/italboats.es\/es\/barco\/stingher-22gt\/","title":{"rendered":"Stingher 22GT"},"content":{"rendered":"<p class=\"\" data-start=\"169\" data-end=\"460\">El Stingher 22GT fue presentado en 2017 y adopta el famoso casco del 22 Diablo, conocido por ser la evoluci\u00f3n del exitoso Stingher 686XS. La cubierta tambi\u00e9n deriva del 22 Diablo, pero ha sido redise\u00f1ada para estar en sinton\u00eda con el estilo del resto de la serie Stingher GT.<\/p>\n<p class=\"\" data-start=\"462\" data-end=\"1013\">Los espacios se han optimizado para ofrecer los mismos accesorios que los modelos superiores, sin sacrificar libertad de movimiento ni alto nivel de confort. El asiento del piloto, con doble respaldo reclinable, permite una conducci\u00f3n de pie o sentado, e incluye mesa plegable, frigor\u00edfico, fregadero y cocina bajo petici\u00f3n. La nueva consola de conducci\u00f3n ofrece buena protecci\u00f3n contra el viento y cuenta con una puerta frontal con asiento integrado que, al abrirse, da acceso a la zona de vestidor\/aseo, donde es posible instalar un peque\u00f1o inodoro.<\/p>\n<p class=\"\" data-start=\"1015\" data-end=\"1399\">Est\u00e1 disponible en versi\u00f3n fueraborda simple, con una potencia m\u00e1xima de 200 CV, que permite alcanzar hasta 46 nudos en condiciones de mar favorables. Como en todas las semirr\u00edgidas de la gama Stingher, el casco de alto rendimiento es un aut\u00e9ntico V profundo, lo que proporciona una navegaci\u00f3n excepcionalmente seca y suave, con un manejo impecable y sin impactos bruscos.<\/p>\n<p class=\"\" data-start=\"1401\" data-end=\"1546\">El Stingher 22GT destaca por ser una embarcaci\u00f3n semirr\u00edgida pr\u00e1ctica, deportiva y c\u00f3moda al mismo tiempo, muy apreciada por toda la familia.<\/p>\n","protected":false},"excerpt":{"rendered":"<div id=\"_rich_text-33-1385\" class=\"oxy-rich-text\">\n<p>El m\u00e1s peque\u00f1o de la serie GT, pero ofrece prestaciones y caracter\u00edsticas muy por encima de cualquier otro modelo de su categor\u00eda.<\/p>\n<\/div>\n","protected":false},"featured_media":473,"comment_status":"open","ping_status":"closed","template":"","meta":{"_acf_changed":false},"product_brand":[17],"product_cat":[30],"product_tag":[],"class_list":{"0":"post-779","1":"product","2":"type-product","3":"status-publish","4":"has-post-thumbnail","6":"product_brand-italboats","7":"product_cat-stingher","10":"first","11":"instock","12":"shipping-taxable","13":"product-type-simple"},"acf":[],"yoast_head":"<!-- This site is optimized with the Yoast SEO plugin v25.0 - https:\/\/yoast.com\/wordpress\/plugins\/seo\/ -->\n<title>Lancha RIB Stingher 22GT | Embarcaciones RIB Italboats Espa\u00f1a<\/title>\n<meta name=\"description\" content=\"Vive el lujo en un formato compacto con la lancha RIB Stingher 22GT. Dise\u00f1o y rendimiento, disponible exclusivamente en Espa\u00f1a en Italboats.\" \/>\n<meta name=\"robots\" content=\"index, follow, max-snippet:-1, max-image-preview:large, max-video-preview:-1\" \/>\n<link rel=\"canonical\" href=\"https:\/\/italboats.es\/es\/barco\/stingher-22gt\/\" \/>\n<meta property=\"og:locale\" content=\"es_ES\" \/>\n<meta property=\"og:type\" content=\"article\" \/>\n<meta property=\"og:title\" content=\"Lancha RIB Stingher 22GT | Embarcaciones RIB Italboats Espa\u00f1a\" \/>\n<meta property=\"og:description\" content=\"Vive el lujo en un formato compacto con la lancha RIB Stingher 22GT. Dise\u00f1o y rendimiento, disponible exclusivamente en Espa\u00f1a en Italboats.\" \/>\n<meta property=\"og:url\" content=\"https:\/\/italboats.es\/es\/barco\/stingher-22gt\/\" \/>\n<meta property=\"og:site_name\" content=\"Italboats Espa\u00f1a\" \/>\n<meta property=\"article:modified_time\" content=\"2025-05-16T12:24:53+00:00\" \/>\n<meta property=\"og:image\" content=\"https:\/\/italboats.es\/wp-content\/uploads\/2025\/04\/Stinger_22GT-22.webp\" \/>\n\t<meta property=\"og:image:width\" content=\"1620\" \/>\n\t<meta property=\"og:image:height\" content=\"1080\" \/>\n\t<meta property=\"og:image:type\" content=\"image\/webp\" \/>\n<meta name=\"twitter:card\" content=\"summary_large_image\" \/>\n<meta name=\"twitter:label1\" content=\"Tiempo de lectura\" \/>\n\t<meta name=\"twitter:data1\" content=\"2 minutos\" \/>\n<script type=\"application\/ld+json\" class=\"yoast-schema-graph\">{\"@context\":\"https:\/\/schema.org\",\"@graph\":[{\"@type\":\"WebPage\",\"@id\":\"https:\/\/italboats.es\/es\/barco\/stingher-22gt\/\",\"url\":\"https:\/\/italboats.es\/es\/barco\/stingher-22gt\/\",\"name\":\"Lancha RIB Stingher 22GT | Embarcaciones RIB Italboats Espa\u00f1a\",\"isPartOf\":{\"@id\":\"https:\/\/italboats.es\/es\/#website\"},\"primaryImageOfPage\":{\"@id\":\"https:\/\/italboats.es\/es\/barco\/stingher-22gt\/#primaryimage\"},\"image\":{\"@id\":\"https:\/\/italboats.es\/es\/barco\/stingher-22gt\/#primaryimage\"},\"thumbnailUrl\":\"https:\/\/italboats.es\/wp-content\/uploads\/2025\/04\/Stinger_22GT-22.webp\",\"datePublished\":\"2025-04-28T05:38:38+00:00\",\"dateModified\":\"2025-05-16T12:24:53+00:00\",\"description\":\"Vive el lujo en un formato compacto con la lancha RIB Stingher 22GT. Dise\u00f1o y rendimiento, disponible exclusivamente en Espa\u00f1a en Italboats.\",\"breadcrumb\":{\"@id\":\"https:\/\/italboats.es\/es\/barco\/stingher-22gt\/#breadcrumb\"},\"inLanguage\":\"es\",\"potentialAction\":[{\"@type\":\"ReadAction\",\"target\":[\"https:\/\/italboats.es\/es\/barco\/stingher-22gt\/\"]}]},{\"@type\":\"ImageObject\",\"inLanguage\":\"es\",\"@id\":\"https:\/\/italboats.es\/es\/barco\/stingher-22gt\/#primaryimage\",\"url\":\"https:\/\/italboats.es\/wp-content\/uploads\/2025\/04\/Stinger_22GT-22.webp\",\"contentUrl\":\"https:\/\/italboats.es\/wp-content\/uploads\/2025\/04\/Stinger_22GT-22.webp\",\"width\":1620,\"height\":1080,\"caption\":\"Stingher 22GT RIB boat\"},{\"@type\":\"BreadcrumbList\",\"@id\":\"https:\/\/italboats.es\/es\/barco\/stingher-22gt\/#breadcrumb\",\"itemListElement\":[{\"@type\":\"ListItem\",\"position\":1,\"name\":\"Home\",\"item\":\"https:\/\/italboats.es\/es\/italboats\/\"},{\"@type\":\"ListItem\",\"position\":2,\"name\":\"Nuestra selecci\u00f3n\",\"item\":\"https:\/\/italboats.es\/es\/nuestra-seleccion\/\"},{\"@type\":\"ListItem\",\"position\":3,\"name\":\"Stingher 22GT\"}]},{\"@type\":\"WebSite\",\"@id\":\"https:\/\/italboats.es\/es\/#website\",\"url\":\"https:\/\/italboats.es\/es\/\",\"name\":\"Italboats Espa\u00f1a\",\"description\":\"\",\"publisher\":{\"@id\":\"https:\/\/italboats.es\/es\/#organization\"},\"potentialAction\":[{\"@type\":\"SearchAction\",\"target\":{\"@type\":\"EntryPoint\",\"urlTemplate\":\"https:\/\/italboats.es\/es\/?s={search_term_string}\"},\"query-input\":{\"@type\":\"PropertyValueSpecification\",\"valueRequired\":true,\"valueName\":\"search_term_string\"}}],\"inLanguage\":\"es\"},{\"@type\":\"Organization\",\"@id\":\"https:\/\/italboats.es\/es\/#organization\",\"name\":\"Italboats Espa\u00f1a\",\"url\":\"https:\/\/italboats.es\/es\/\",\"logo\":{\"@type\":\"ImageObject\",\"inLanguage\":\"es\",\"@id\":\"https:\/\/italboats.es\/es\/#\/schema\/logo\/image\/\",\"url\":\"https:\/\/italboats.es\/wp-content\/uploads\/2025\/04\/Italboats_logo_light_wide-2.png\",\"contentUrl\":\"https:\/\/italboats.es\/wp-content\/uploads\/2025\/04\/Italboats_logo_light_wide-2.png\",\"width\":1251,\"height\":153,\"caption\":\"Italboats Espa\u00f1a\"},\"image\":{\"@id\":\"https:\/\/italboats.es\/es\/#\/schema\/logo\/image\/\"}}]}<\/script>\n<!-- \/ Yoast SEO plugin. -->","yoast_head_json":{"title":"Lancha RIB Stingher 22GT | Embarcaciones RIB Italboats Espa\u00f1a","description":"Vive el lujo en un formato compacto con la lancha RIB Stingher 22GT. Dise\u00f1o y rendimiento, disponible exclusivamente en Espa\u00f1a en Italboats.","robots":{"index":"index","follow":"follow","max-snippet":"max-snippet:-1","max-image-preview":"max-image-preview:large","max-video-preview":"max-video-preview:-1"},"canonical":"https:\/\/italboats.es\/es\/barco\/stingher-22gt\/","og_locale":"es_ES","og_type":"article","og_title":"Lancha RIB Stingher 22GT | Embarcaciones RIB Italboats Espa\u00f1a","og_description":"Vive el lujo en un formato compacto con la lancha RIB Stingher 22GT. Dise\u00f1o y rendimiento, disponible exclusivamente en Espa\u00f1a en Italboats.","og_url":"https:\/\/italboats.es\/es\/barco\/stingher-22gt\/","og_site_name":"Italboats Espa\u00f1a","article_modified_time":"2025-05-16T12:24:53+00:00","og_image":[{"width":1620,"height":1080,"url":"https:\/\/italboats.es\/wp-content\/uploads\/2025\/04\/Stinger_22GT-22.webp","type":"image\/webp"}],"twitter_card":"summary_large_image","twitter_misc":{"Tiempo de lectura":"2 minutos"},"schema":{"@context":"https:\/\/schema.org","@graph":[{"@type":"WebPage","@id":"https:\/\/italboats.es\/es\/barco\/stingher-22gt\/","url":"https:\/\/italboats.es\/es\/barco\/stingher-22gt\/","name":"Lancha RIB Stingher 22GT | Embarcaciones RIB Italboats Espa\u00f1a","isPartOf":{"@id":"https:\/\/italboats.es\/es\/#website"},"primaryImageOfPage":{"@id":"https:\/\/italboats.es\/es\/barco\/stingher-22gt\/#primaryimage"},"image":{"@id":"https:\/\/italboats.es\/es\/barco\/stingher-22gt\/#primaryimage"},"thumbnailUrl":"https:\/\/italboats.es\/wp-content\/uploads\/2025\/04\/Stinger_22GT-22.webp","datePublished":"2025-04-28T05:38:38+00:00","dateModified":"2025-05-16T12:24:53+00:00","description":"Vive el lujo en un formato compacto con la lancha RIB Stingher 22GT. Dise\u00f1o y rendimiento, disponible exclusivamente en Espa\u00f1a en Italboats.","breadcrumb":{"@id":"https:\/\/italboats.es\/es\/barco\/stingher-22gt\/#breadcrumb"},"inLanguage":"es","potentialAction":[{"@type":"ReadAction","target":["https:\/\/italboats.es\/es\/barco\/stingher-22gt\/"]}]},{"@type":"ImageObject","inLanguage":"es","@id":"https:\/\/italboats.es\/es\/barco\/stingher-22gt\/#primaryimage","url":"https:\/\/italboats.es\/wp-content\/uploads\/2025\/04\/Stinger_22GT-22.webp","contentUrl":"https:\/\/italboats.es\/wp-content\/uploads\/2025\/04\/Stinger_22GT-22.webp","width":1620,"height":1080,"caption":"Stingher 22GT RIB boat"},{"@type":"BreadcrumbList","@id":"https:\/\/italboats.es\/es\/barco\/stingher-22gt\/#breadcrumb","itemListElement":[{"@type":"ListItem","position":1,"name":"Home","item":"https:\/\/italboats.es\/es\/italboats\/"},{"@type":"ListItem","position":2,"name":"Nuestra selecci\u00f3n","item":"https:\/\/italboats.es\/es\/nuestra-seleccion\/"},{"@type":"ListItem","position":3,"name":"Stingher 22GT"}]},{"@type":"WebSite","@id":"https:\/\/italboats.es\/es\/#website","url":"https:\/\/italboats.es\/es\/","name":"Italboats Espa\u00f1a","description":"","publisher":{"@id":"https:\/\/italboats.es\/es\/#organization"},"potentialAction":[{"@type":"SearchAction","target":{"@type":"EntryPoint","urlTemplate":"https:\/\/italboats.es\/es\/?s={search_term_string}"},"query-input":{"@type":"PropertyValueSpecification","valueRequired":true,"valueName":"search_term_string"}}],"inLanguage":"es"},{"@type":"Organization","@id":"https:\/\/italboats.es\/es\/#organization","name":"Italboats Espa\u00f1a","url":"https:\/\/italboats.es\/es\/","logo":{"@type":"ImageObject","inLanguage":"es","@id":"https:\/\/italboats.es\/es\/#\/schema\/logo\/image\/","url":"https:\/\/italboats.es\/wp-content\/uploads\/2025\/04\/Italboats_logo_light_wide-2.png","contentUrl":"https:\/\/italboats.es\/wp-content\/uploads\/2025\/04\/Italboats_logo_light_wide-2.png","width":1251,"height":153,"caption":"Italboats Espa\u00f1a"},"image":{"@id":"https:\/\/italboats.es\/es\/#\/schema\/logo\/image\/"}}]}},"_links":{"self":[{"href":"https:\/\/italboats.es\/es\/wp-json\/wp\/v2\/product\/779","targetHints":{"allow":["GET"]}}],"collection":[{"href":"https:\/\/italboats.es\/es\/wp-json\/wp\/v2\/product"}],"about":[{"href":"https:\/\/italboats.es\/es\/wp-json\/wp\/v2\/types\/product"}],"replies":[{"embeddable":true,"href":"https:\/\/italboats.es\/es\/wp-json\/wp\/v2\/comments?post=779"}],"wp:featuredmedia":[{"embeddable":true,"href":"https:\/\/italboats.es\/es\/wp-json\/wp\/v2\/media\/473"}],"wp:attachment":[{"href":"https:\/\/italboats.es\/es\/wp-json\/wp\/v2\/media?parent=779"}],"wp:term":[{"taxonomy":"product_brand","embeddable":true,"href":"https:\/\/italboats.es\/es\/wp-json\/wp\/v2\/product_brand?post=779"},{"taxonomy":"product_cat","embeddable":true,"href":"https:\/\/italboats.es\/es\/wp-json\/wp\/v2\/product_cat?post=779"},{"taxonomy":"product_tag","embeddable":true,"href":"https:\/\/italboats.es\/es\/wp-json\/wp\/v2\/product_tag?post=779"}],"curies":[{"name":"wp","href":"https:\/\/api.w.org\/{rel}","templated":true}]}}