{"id":774,"date":"2025-04-29T15:43:02","date_gmt":"2025-04-29T13:43:02","guid":{"rendered":"https:\/\/italboats.es\/boat\/stingher-606xs\/"},"modified":"2025-05-16T14:05:22","modified_gmt":"2025-05-16T12:05:22","slug":"stingher-606xs","status":"publish","type":"product","link":"https:\/\/italboats.es\/es\/barco\/stingher-606xs\/","title":{"rendered":"Stingher 606XS"},"content":{"rendered":"<p class=\"\" data-start=\"68\" data-end=\"374\">Italboats sigue perfeccionando el dise\u00f1o de sus cascos y la distribuci\u00f3n de sus cubiertas, con el objetivo de mejorar la navegaci\u00f3n y el confort a bordo. El Stingher 606 XS es un claro ejemplo de este enfoque, combinando una geometr\u00eda de casco inspirada con la inconfundible artesan\u00eda italiana en cubierta.<\/p>\n<p class=\"\" data-start=\"376\" data-end=\"781\">Con un casco de 6 metros dise\u00f1ado para ofrecer estabilidad, el Stingher 606 XS cuenta con dos listones de desv\u00edo negativos y un elegante perfil de quilla que se estrecha de 14 cm en la proa a 4 cm en la popa. Una modesta V en el espejo de popa proporciona una excelente sustentaci\u00f3n y amplitud en cubierta, lo que lo convierte en una opci\u00f3n ideal tanto para salidas de un d\u00eda como para acampadas n\u00e1uticas.<\/p>\n<p class=\"\" data-start=\"783\" data-end=\"1127\">Perfecto para salidas en familia, la cubierta est\u00e1 inteligentemente dise\u00f1ada con m\u00faltiples opciones de descanso y almacenamiento. Una proa de PRFV facilita el embarque y da paso a un amplio sol\u00e1rium convertible en una cama doble de m\u00e1s de 2 metros de largo. Un gran cofre bajo cubierta ofrece espacio suficiente para guardar equipos y defensas.<\/p>\n<p class=\"\" data-start=\"1129\" data-end=\"1537\">La consola central permite un paso lateral c\u00f3modo, y el puesto de gobierno est\u00e1 dise\u00f1ado ergon\u00f3micamente para conducir tanto sentado como de pie. Tambi\u00e9n incluye una guantera profunda, espacio pr\u00e1ctico bajo el tim\u00f3n y un sof\u00e1 trasero con capacidad para tres personas. Gracias a las extensiones del sol\u00e1rium, la zona trasera se convierte en un espacio ideal de relajaci\u00f3n, especialmente para los m\u00e1s peque\u00f1os.<\/p>\n<p class=\"\" data-start=\"1539\" data-end=\"2022\">Equipado con un motor fueraborda Mercury de 150 CV y 4 tiempos \u2014ligero, duradero y r\u00e1pido en la salida\u2014, el Stingher 606 XS ofrece un equilibrio perfecto entre eficiencia de combustible y velocidad. Aunque requiere una h\u00e9lice m\u00e1s optimizada para alcanzar la m\u00e1xima aceleraci\u00f3n, su rendimiento sigue siendo destacable: crucero a 18,5 nudos a 3000 rpm con un consumo de solo 0,8 L\/milla n\u00e1utica. A m\u00e1xima potencia alcanz\u00f3 los 41 nudos, demostrando su potencial con una h\u00e9lice adecuada.<\/p>\n<p class=\"\" data-start=\"2024\" data-end=\"2197\">El Stingher 606 XS ofrece una propuesta estilizada y familiar, con un manejo refinado, almacenamiento inteligente y el rendimiento necesario para recorrer largas distancias.<\/p>\n","protected":false},"excerpt":{"rendered":"<div id=\"_rich_text-33-1385\" class=\"oxy-rich-text\">\n<p>El Stingher 606 XS ofrece una propuesta estilizada y familiar, con un manejo refinado, almacenamiento inteligente y el rendimiento necesario para llegar lejos.<\/p>\n<\/div>\n","protected":false},"featured_media":513,"comment_status":"open","ping_status":"closed","template":"","meta":{"_acf_changed":false},"product_brand":[17],"product_cat":[30],"product_tag":[],"class_list":{"0":"post-774","1":"product","2":"type-product","3":"status-publish","4":"has-post-thumbnail","6":"product_brand-italboats","7":"product_cat-stingher","10":"first","11":"instock","12":"shipping-taxable","13":"product-type-simple"},"acf":[],"yoast_head":"<!-- This site is optimized with the Yoast SEO plugin v25.0 - https:\/\/yoast.com\/wordpress\/plugins\/seo\/ -->\n<title>Lancha RIB Stingher 606XS | Embarcaciones RIB Italboats Espa\u00f1a<\/title>\n<meta name=\"description\" content=\"La lancha RIB Stingher 606XS, potente y compacta, es perfecta para aventuras y funcionalidad. Disponible exclusivamente en Espa\u00f1a en Italboats.\" \/>\n<meta name=\"robots\" content=\"index, follow, max-snippet:-1, max-image-preview:large, max-video-preview:-1\" \/>\n<link rel=\"canonical\" href=\"https:\/\/italboats.es\/es\/barco\/stingher-606xs\/\" \/>\n<meta property=\"og:locale\" content=\"es_ES\" \/>\n<meta property=\"og:type\" content=\"article\" \/>\n<meta property=\"og:title\" content=\"Lancha RIB Stingher 606XS | Embarcaciones RIB Italboats Espa\u00f1a\" \/>\n<meta property=\"og:description\" content=\"La lancha RIB Stingher 606XS, potente y compacta, es perfecta para aventuras y funcionalidad. Disponible exclusivamente en Espa\u00f1a en Italboats.\" \/>\n<meta property=\"og:url\" content=\"https:\/\/italboats.es\/es\/barco\/stingher-606xs\/\" \/>\n<meta property=\"og:site_name\" content=\"Italboats Espa\u00f1a\" \/>\n<meta property=\"article:modified_time\" content=\"2025-05-16T12:05:22+00:00\" \/>\n<meta property=\"og:image\" content=\"https:\/\/italboats.es\/wp-content\/uploads\/2025\/04\/DJI_0697-1.jpg\" \/>\n\t<meta property=\"og:image:width\" content=\"1620\" \/>\n\t<meta property=\"og:image:height\" content=\"1080\" \/>\n\t<meta property=\"og:image:type\" content=\"image\/jpeg\" \/>\n<meta name=\"twitter:card\" content=\"summary_large_image\" \/>\n<meta name=\"twitter:label1\" content=\"Tiempo de lectura\" \/>\n\t<meta name=\"twitter:data1\" content=\"2 minutos\" \/>\n<script type=\"application\/ld+json\" class=\"yoast-schema-graph\">{\"@context\":\"https:\/\/schema.org\",\"@graph\":[{\"@type\":\"WebPage\",\"@id\":\"https:\/\/italboats.es\/es\/barco\/stingher-606xs\/\",\"url\":\"https:\/\/italboats.es\/es\/barco\/stingher-606xs\/\",\"name\":\"Lancha RIB Stingher 606XS | Embarcaciones RIB Italboats Espa\u00f1a\",\"isPartOf\":{\"@id\":\"https:\/\/italboats.es\/es\/#website\"},\"primaryImageOfPage\":{\"@id\":\"https:\/\/italboats.es\/es\/barco\/stingher-606xs\/#primaryimage\"},\"image\":{\"@id\":\"https:\/\/italboats.es\/es\/barco\/stingher-606xs\/#primaryimage\"},\"thumbnailUrl\":\"https:\/\/italboats.es\/wp-content\/uploads\/2025\/04\/DJI_0697-1.jpg\",\"datePublished\":\"2025-04-29T13:43:02+00:00\",\"dateModified\":\"2025-05-16T12:05:22+00:00\",\"description\":\"La lancha RIB Stingher 606XS, potente y compacta, es perfecta para aventuras y funcionalidad. Disponible exclusivamente en Espa\u00f1a en Italboats.\",\"breadcrumb\":{\"@id\":\"https:\/\/italboats.es\/es\/barco\/stingher-606xs\/#breadcrumb\"},\"inLanguage\":\"es\",\"potentialAction\":[{\"@type\":\"ReadAction\",\"target\":[\"https:\/\/italboats.es\/es\/barco\/stingher-606xs\/\"]}]},{\"@type\":\"ImageObject\",\"inLanguage\":\"es\",\"@id\":\"https:\/\/italboats.es\/es\/barco\/stingher-606xs\/#primaryimage\",\"url\":\"https:\/\/italboats.es\/wp-content\/uploads\/2025\/04\/DJI_0697-1.jpg\",\"contentUrl\":\"https:\/\/italboats.es\/wp-content\/uploads\/2025\/04\/DJI_0697-1.jpg\",\"width\":1620,\"height\":1080,\"caption\":\"Stingher 606XS RIB boat\"},{\"@type\":\"BreadcrumbList\",\"@id\":\"https:\/\/italboats.es\/es\/barco\/stingher-606xs\/#breadcrumb\",\"itemListElement\":[{\"@type\":\"ListItem\",\"position\":1,\"name\":\"Home\",\"item\":\"https:\/\/italboats.es\/es\/italboats\/\"},{\"@type\":\"ListItem\",\"position\":2,\"name\":\"Nuestra selecci\u00f3n\",\"item\":\"https:\/\/italboats.es\/es\/nuestra-seleccion\/\"},{\"@type\":\"ListItem\",\"position\":3,\"name\":\"Stingher 606XS\"}]},{\"@type\":\"WebSite\",\"@id\":\"https:\/\/italboats.es\/es\/#website\",\"url\":\"https:\/\/italboats.es\/es\/\",\"name\":\"Italboats Espa\u00f1a\",\"description\":\"\",\"publisher\":{\"@id\":\"https:\/\/italboats.es\/es\/#organization\"},\"potentialAction\":[{\"@type\":\"SearchAction\",\"target\":{\"@type\":\"EntryPoint\",\"urlTemplate\":\"https:\/\/italboats.es\/es\/?s={search_term_string}\"},\"query-input\":{\"@type\":\"PropertyValueSpecification\",\"valueRequired\":true,\"valueName\":\"search_term_string\"}}],\"inLanguage\":\"es\"},{\"@type\":\"Organization\",\"@id\":\"https:\/\/italboats.es\/es\/#organization\",\"name\":\"Italboats Espa\u00f1a\",\"url\":\"https:\/\/italboats.es\/es\/\",\"logo\":{\"@type\":\"ImageObject\",\"inLanguage\":\"es\",\"@id\":\"https:\/\/italboats.es\/es\/#\/schema\/logo\/image\/\",\"url\":\"https:\/\/italboats.es\/wp-content\/uploads\/2025\/04\/Italboats_logo_light_wide-2.png\",\"contentUrl\":\"https:\/\/italboats.es\/wp-content\/uploads\/2025\/04\/Italboats_logo_light_wide-2.png\",\"width\":1251,\"height\":153,\"caption\":\"Italboats Espa\u00f1a\"},\"image\":{\"@id\":\"https:\/\/italboats.es\/es\/#\/schema\/logo\/image\/\"}}]}<\/script>\n<!-- \/ Yoast SEO plugin. -->","yoast_head_json":{"title":"Lancha RIB Stingher 606XS | Embarcaciones RIB Italboats Espa\u00f1a","description":"La lancha RIB Stingher 606XS, potente y compacta, es perfecta para aventuras y funcionalidad. Disponible exclusivamente en Espa\u00f1a en Italboats.","robots":{"index":"index","follow":"follow","max-snippet":"max-snippet:-1","max-image-preview":"max-image-preview:large","max-video-preview":"max-video-preview:-1"},"canonical":"https:\/\/italboats.es\/es\/barco\/stingher-606xs\/","og_locale":"es_ES","og_type":"article","og_title":"Lancha RIB Stingher 606XS | Embarcaciones RIB Italboats Espa\u00f1a","og_description":"La lancha RIB Stingher 606XS, potente y compacta, es perfecta para aventuras y funcionalidad. Disponible exclusivamente en Espa\u00f1a en Italboats.","og_url":"https:\/\/italboats.es\/es\/barco\/stingher-606xs\/","og_site_name":"Italboats Espa\u00f1a","article_modified_time":"2025-05-16T12:05:22+00:00","og_image":[{"width":1620,"height":1080,"url":"https:\/\/italboats.es\/wp-content\/uploads\/2025\/04\/DJI_0697-1.jpg","type":"image\/jpeg"}],"twitter_card":"summary_large_image","twitter_misc":{"Tiempo de lectura":"2 minutos"},"schema":{"@context":"https:\/\/schema.org","@graph":[{"@type":"WebPage","@id":"https:\/\/italboats.es\/es\/barco\/stingher-606xs\/","url":"https:\/\/italboats.es\/es\/barco\/stingher-606xs\/","name":"Lancha RIB Stingher 606XS | Embarcaciones RIB Italboats Espa\u00f1a","isPartOf":{"@id":"https:\/\/italboats.es\/es\/#website"},"primaryImageOfPage":{"@id":"https:\/\/italboats.es\/es\/barco\/stingher-606xs\/#primaryimage"},"image":{"@id":"https:\/\/italboats.es\/es\/barco\/stingher-606xs\/#primaryimage"},"thumbnailUrl":"https:\/\/italboats.es\/wp-content\/uploads\/2025\/04\/DJI_0697-1.jpg","datePublished":"2025-04-29T13:43:02+00:00","dateModified":"2025-05-16T12:05:22+00:00","description":"La lancha RIB Stingher 606XS, potente y compacta, es perfecta para aventuras y funcionalidad. Disponible exclusivamente en Espa\u00f1a en Italboats.","breadcrumb":{"@id":"https:\/\/italboats.es\/es\/barco\/stingher-606xs\/#breadcrumb"},"inLanguage":"es","potentialAction":[{"@type":"ReadAction","target":["https:\/\/italboats.es\/es\/barco\/stingher-606xs\/"]}]},{"@type":"ImageObject","inLanguage":"es","@id":"https:\/\/italboats.es\/es\/barco\/stingher-606xs\/#primaryimage","url":"https:\/\/italboats.es\/wp-content\/uploads\/2025\/04\/DJI_0697-1.jpg","contentUrl":"https:\/\/italboats.es\/wp-content\/uploads\/2025\/04\/DJI_0697-1.jpg","width":1620,"height":1080,"caption":"Stingher 606XS RIB boat"},{"@type":"BreadcrumbList","@id":"https:\/\/italboats.es\/es\/barco\/stingher-606xs\/#breadcrumb","itemListElement":[{"@type":"ListItem","position":1,"name":"Home","item":"https:\/\/italboats.es\/es\/italboats\/"},{"@type":"ListItem","position":2,"name":"Nuestra selecci\u00f3n","item":"https:\/\/italboats.es\/es\/nuestra-seleccion\/"},{"@type":"ListItem","position":3,"name":"Stingher 606XS"}]},{"@type":"WebSite","@id":"https:\/\/italboats.es\/es\/#website","url":"https:\/\/italboats.es\/es\/","name":"Italboats Espa\u00f1a","description":"","publisher":{"@id":"https:\/\/italboats.es\/es\/#organization"},"potentialAction":[{"@type":"SearchAction","target":{"@type":"EntryPoint","urlTemplate":"https:\/\/italboats.es\/es\/?s={search_term_string}"},"query-input":{"@type":"PropertyValueSpecification","valueRequired":true,"valueName":"search_term_string"}}],"inLanguage":"es"},{"@type":"Organization","@id":"https:\/\/italboats.es\/es\/#organization","name":"Italboats Espa\u00f1a","url":"https:\/\/italboats.es\/es\/","logo":{"@type":"ImageObject","inLanguage":"es","@id":"https:\/\/italboats.es\/es\/#\/schema\/logo\/image\/","url":"https:\/\/italboats.es\/wp-content\/uploads\/2025\/04\/Italboats_logo_light_wide-2.png","contentUrl":"https:\/\/italboats.es\/wp-content\/uploads\/2025\/04\/Italboats_logo_light_wide-2.png","width":1251,"height":153,"caption":"Italboats Espa\u00f1a"},"image":{"@id":"https:\/\/italboats.es\/es\/#\/schema\/logo\/image\/"}}]}},"_links":{"self":[{"href":"https:\/\/italboats.es\/es\/wp-json\/wp\/v2\/product\/774","targetHints":{"allow":["GET"]}}],"collection":[{"href":"https:\/\/italboats.es\/es\/wp-json\/wp\/v2\/product"}],"about":[{"href":"https:\/\/italboats.es\/es\/wp-json\/wp\/v2\/types\/product"}],"replies":[{"embeddable":true,"href":"https:\/\/italboats.es\/es\/wp-json\/wp\/v2\/comments?post=774"}],"wp:featuredmedia":[{"embeddable":true,"href":"https:\/\/italboats.es\/es\/wp-json\/wp\/v2\/media\/513"}],"wp:attachment":[{"href":"https:\/\/italboats.es\/es\/wp-json\/wp\/v2\/media?parent=774"}],"wp:term":[{"taxonomy":"product_brand","embeddable":true,"href":"https:\/\/italboats.es\/es\/wp-json\/wp\/v2\/product_brand?post=774"},{"taxonomy":"product_cat","embeddable":true,"href":"https:\/\/italboats.es\/es\/wp-json\/wp\/v2\/product_cat?post=774"},{"taxonomy":"product_tag","embeddable":true,"href":"https:\/\/italboats.es\/es\/wp-json\/wp\/v2\/product_tag?post=774"}],"curies":[{"name":"wp","href":"https:\/\/api.w.org\/{rel}","templated":true}]}}