{"id":772,"date":"2025-04-29T16:25:51","date_gmt":"2025-04-29T14:25:51","guid":{"rendered":"https:\/\/italboats.es\/boat\/stingher-24gt\/"},"modified":"2025-05-16T14:01:15","modified_gmt":"2025-05-16T12:01:15","slug":"stingher-24gt","status":"publish","type":"product","link":"https:\/\/italboats.es\/es\/barco\/stingher-24gt\/","title":{"rendered":"Stingher 24GT"},"content":{"rendered":"<p>Nacido del dise\u00f1o y del \u00e9xito de nuestro modelo m\u00e1s vendido de la gama Italboats, el 24GT es el hermano peque\u00f1o del 28GT.<\/p>\n<p>Similar en dise\u00f1o, pero construido sobre un casco de 7,5 metros de eslora, el 24GT incorpora todas las caracter\u00edsticas m\u00e1s populares, incluyendo una amplia zona en proa, aseo dentro de la consola, asientos envolventes en popa y, el favorito de todos, el respaldo abatible que da acceso a las grandes plataformas de popa.<\/p>\n<p>El nuevo dise\u00f1o del casco incluye un escal\u00f3n y una marcada forma en V en la proa que permite una navegaci\u00f3n suave y eficiente incluso en condiciones dif\u00edciles. Nuestros tubos de gran tama\u00f1o proporcionan adem\u00e1s estabilidad, protecci\u00f3n frente al agua y una calidad de navegaci\u00f3n inigualable para que disfrutes del mar en todo momento.<\/p>\n","protected":false},"excerpt":{"rendered":"<div id=\"_rich_text-33-1385\" class=\"oxy-rich-text\">\n<p>Nacido del \u00e9xito de nuestro modelo m\u00e1s vendido de la gama Italboats, el 24GT es el hermano peque\u00f1o del 28GT.<\/p>\n<\/div>\n","protected":false},"featured_media":536,"comment_status":"open","ping_status":"closed","template":"","meta":{"_acf_changed":false},"product_brand":[17],"product_cat":[30],"product_tag":[],"class_list":{"0":"post-772","1":"product","2":"type-product","3":"status-publish","4":"has-post-thumbnail","6":"product_brand-italboats","7":"product_cat-stingher","10":"first","11":"instock","12":"shipping-taxable","13":"product-type-simple"},"acf":[],"yoast_head":"<!-- This site is optimized with the Yoast SEO plugin v25.0 - https:\/\/yoast.com\/wordpress\/plugins\/seo\/ -->\n<title>Lancha RIB Stingher 24GT | Lanchas RIB de Lujo para la Aventura<\/title>\n<meta name=\"description\" content=\"Rendimiento y elegancia se unen en la Stingher 24GT lancha RIB. Dise\u00f1ada para la costa espa\u00f1ola. Solo en Italboats Espa\u00f1a.\" \/>\n<meta name=\"robots\" content=\"index, follow, max-snippet:-1, max-image-preview:large, max-video-preview:-1\" \/>\n<link rel=\"canonical\" href=\"https:\/\/italboats.es\/es\/barco\/stingher-24gt\/\" \/>\n<meta property=\"og:locale\" content=\"es_ES\" \/>\n<meta property=\"og:type\" content=\"article\" \/>\n<meta property=\"og:title\" content=\"Lancha RIB Stingher 24GT | Lanchas RIB de Lujo para la Aventura\" \/>\n<meta property=\"og:description\" content=\"Rendimiento y elegancia se unen en la Stingher 24GT lancha RIB. Dise\u00f1ada para la costa espa\u00f1ola. Solo en Italboats Espa\u00f1a.\" \/>\n<meta property=\"og:url\" content=\"https:\/\/italboats.es\/es\/barco\/stingher-24gt\/\" \/>\n<meta property=\"og:site_name\" content=\"Italboats Espa\u00f1a\" \/>\n<meta property=\"article:modified_time\" content=\"2025-05-16T12:01:15+00:00\" \/>\n<meta property=\"og:image\" content=\"https:\/\/italboats.es\/wp-content\/uploads\/2025\/04\/DSC08880-scaled-1.jpg\" \/>\n\t<meta property=\"og:image:width\" content=\"1618\" \/>\n\t<meta property=\"og:image:height\" content=\"1080\" \/>\n\t<meta property=\"og:image:type\" content=\"image\/jpeg\" \/>\n<meta name=\"twitter:card\" content=\"summary_large_image\" \/>\n<meta name=\"twitter:label1\" content=\"Tiempo de lectura\" \/>\n\t<meta name=\"twitter:data1\" content=\"1 minuto\" \/>\n<script type=\"application\/ld+json\" class=\"yoast-schema-graph\">{\"@context\":\"https:\/\/schema.org\",\"@graph\":[{\"@type\":\"WebPage\",\"@id\":\"https:\/\/italboats.es\/es\/barco\/stingher-24gt\/\",\"url\":\"https:\/\/italboats.es\/es\/barco\/stingher-24gt\/\",\"name\":\"Lancha RIB Stingher 24GT | Lanchas RIB de Lujo para la Aventura\",\"isPartOf\":{\"@id\":\"https:\/\/italboats.es\/es\/#website\"},\"primaryImageOfPage\":{\"@id\":\"https:\/\/italboats.es\/es\/barco\/stingher-24gt\/#primaryimage\"},\"image\":{\"@id\":\"https:\/\/italboats.es\/es\/barco\/stingher-24gt\/#primaryimage\"},\"thumbnailUrl\":\"https:\/\/italboats.es\/wp-content\/uploads\/2025\/04\/DSC08880-scaled-1.jpg\",\"datePublished\":\"2025-04-29T14:25:51+00:00\",\"dateModified\":\"2025-05-16T12:01:15+00:00\",\"description\":\"Rendimiento y elegancia se unen en la Stingher 24GT lancha RIB. Dise\u00f1ada para la costa espa\u00f1ola. Solo en Italboats Espa\u00f1a.\",\"breadcrumb\":{\"@id\":\"https:\/\/italboats.es\/es\/barco\/stingher-24gt\/#breadcrumb\"},\"inLanguage\":\"es\",\"potentialAction\":[{\"@type\":\"ReadAction\",\"target\":[\"https:\/\/italboats.es\/es\/barco\/stingher-24gt\/\"]}]},{\"@type\":\"ImageObject\",\"inLanguage\":\"es\",\"@id\":\"https:\/\/italboats.es\/es\/barco\/stingher-24gt\/#primaryimage\",\"url\":\"https:\/\/italboats.es\/wp-content\/uploads\/2025\/04\/DSC08880-scaled-1.jpg\",\"contentUrl\":\"https:\/\/italboats.es\/wp-content\/uploads\/2025\/04\/DSC08880-scaled-1.jpg\",\"width\":1618,\"height\":1080,\"caption\":\"Stingher 24GT RIB boat\"},{\"@type\":\"BreadcrumbList\",\"@id\":\"https:\/\/italboats.es\/es\/barco\/stingher-24gt\/#breadcrumb\",\"itemListElement\":[{\"@type\":\"ListItem\",\"position\":1,\"name\":\"Home\",\"item\":\"https:\/\/italboats.es\/es\/italboats\/\"},{\"@type\":\"ListItem\",\"position\":2,\"name\":\"Nuestra selecci\u00f3n\",\"item\":\"https:\/\/italboats.es\/es\/nuestra-seleccion\/\"},{\"@type\":\"ListItem\",\"position\":3,\"name\":\"Stingher 24GT\"}]},{\"@type\":\"WebSite\",\"@id\":\"https:\/\/italboats.es\/es\/#website\",\"url\":\"https:\/\/italboats.es\/es\/\",\"name\":\"Italboats Espa\u00f1a\",\"description\":\"\",\"publisher\":{\"@id\":\"https:\/\/italboats.es\/es\/#organization\"},\"potentialAction\":[{\"@type\":\"SearchAction\",\"target\":{\"@type\":\"EntryPoint\",\"urlTemplate\":\"https:\/\/italboats.es\/es\/?s={search_term_string}\"},\"query-input\":{\"@type\":\"PropertyValueSpecification\",\"valueRequired\":true,\"valueName\":\"search_term_string\"}}],\"inLanguage\":\"es\"},{\"@type\":\"Organization\",\"@id\":\"https:\/\/italboats.es\/es\/#organization\",\"name\":\"Italboats Espa\u00f1a\",\"url\":\"https:\/\/italboats.es\/es\/\",\"logo\":{\"@type\":\"ImageObject\",\"inLanguage\":\"es\",\"@id\":\"https:\/\/italboats.es\/es\/#\/schema\/logo\/image\/\",\"url\":\"https:\/\/italboats.es\/wp-content\/uploads\/2025\/04\/Italboats_logo_light_wide-2.png\",\"contentUrl\":\"https:\/\/italboats.es\/wp-content\/uploads\/2025\/04\/Italboats_logo_light_wide-2.png\",\"width\":1251,\"height\":153,\"caption\":\"Italboats Espa\u00f1a\"},\"image\":{\"@id\":\"https:\/\/italboats.es\/es\/#\/schema\/logo\/image\/\"}}]}<\/script>\n<!-- \/ Yoast SEO plugin. -->","yoast_head_json":{"title":"Lancha RIB Stingher 24GT | Lanchas RIB de Lujo para la Aventura","description":"Rendimiento y elegancia se unen en la Stingher 24GT lancha RIB. Dise\u00f1ada para la costa espa\u00f1ola. Solo en Italboats Espa\u00f1a.","robots":{"index":"index","follow":"follow","max-snippet":"max-snippet:-1","max-image-preview":"max-image-preview:large","max-video-preview":"max-video-preview:-1"},"canonical":"https:\/\/italboats.es\/es\/barco\/stingher-24gt\/","og_locale":"es_ES","og_type":"article","og_title":"Lancha RIB Stingher 24GT | Lanchas RIB de Lujo para la Aventura","og_description":"Rendimiento y elegancia se unen en la Stingher 24GT lancha RIB. Dise\u00f1ada para la costa espa\u00f1ola. Solo en Italboats Espa\u00f1a.","og_url":"https:\/\/italboats.es\/es\/barco\/stingher-24gt\/","og_site_name":"Italboats Espa\u00f1a","article_modified_time":"2025-05-16T12:01:15+00:00","og_image":[{"width":1618,"height":1080,"url":"https:\/\/italboats.es\/wp-content\/uploads\/2025\/04\/DSC08880-scaled-1.jpg","type":"image\/jpeg"}],"twitter_card":"summary_large_image","twitter_misc":{"Tiempo de lectura":"1 minuto"},"schema":{"@context":"https:\/\/schema.org","@graph":[{"@type":"WebPage","@id":"https:\/\/italboats.es\/es\/barco\/stingher-24gt\/","url":"https:\/\/italboats.es\/es\/barco\/stingher-24gt\/","name":"Lancha RIB Stingher 24GT | Lanchas RIB de Lujo para la Aventura","isPartOf":{"@id":"https:\/\/italboats.es\/es\/#website"},"primaryImageOfPage":{"@id":"https:\/\/italboats.es\/es\/barco\/stingher-24gt\/#primaryimage"},"image":{"@id":"https:\/\/italboats.es\/es\/barco\/stingher-24gt\/#primaryimage"},"thumbnailUrl":"https:\/\/italboats.es\/wp-content\/uploads\/2025\/04\/DSC08880-scaled-1.jpg","datePublished":"2025-04-29T14:25:51+00:00","dateModified":"2025-05-16T12:01:15+00:00","description":"Rendimiento y elegancia se unen en la Stingher 24GT lancha RIB. Dise\u00f1ada para la costa espa\u00f1ola. Solo en Italboats Espa\u00f1a.","breadcrumb":{"@id":"https:\/\/italboats.es\/es\/barco\/stingher-24gt\/#breadcrumb"},"inLanguage":"es","potentialAction":[{"@type":"ReadAction","target":["https:\/\/italboats.es\/es\/barco\/stingher-24gt\/"]}]},{"@type":"ImageObject","inLanguage":"es","@id":"https:\/\/italboats.es\/es\/barco\/stingher-24gt\/#primaryimage","url":"https:\/\/italboats.es\/wp-content\/uploads\/2025\/04\/DSC08880-scaled-1.jpg","contentUrl":"https:\/\/italboats.es\/wp-content\/uploads\/2025\/04\/DSC08880-scaled-1.jpg","width":1618,"height":1080,"caption":"Stingher 24GT RIB boat"},{"@type":"BreadcrumbList","@id":"https:\/\/italboats.es\/es\/barco\/stingher-24gt\/#breadcrumb","itemListElement":[{"@type":"ListItem","position":1,"name":"Home","item":"https:\/\/italboats.es\/es\/italboats\/"},{"@type":"ListItem","position":2,"name":"Nuestra selecci\u00f3n","item":"https:\/\/italboats.es\/es\/nuestra-seleccion\/"},{"@type":"ListItem","position":3,"name":"Stingher 24GT"}]},{"@type":"WebSite","@id":"https:\/\/italboats.es\/es\/#website","url":"https:\/\/italboats.es\/es\/","name":"Italboats Espa\u00f1a","description":"","publisher":{"@id":"https:\/\/italboats.es\/es\/#organization"},"potentialAction":[{"@type":"SearchAction","target":{"@type":"EntryPoint","urlTemplate":"https:\/\/italboats.es\/es\/?s={search_term_string}"},"query-input":{"@type":"PropertyValueSpecification","valueRequired":true,"valueName":"search_term_string"}}],"inLanguage":"es"},{"@type":"Organization","@id":"https:\/\/italboats.es\/es\/#organization","name":"Italboats Espa\u00f1a","url":"https:\/\/italboats.es\/es\/","logo":{"@type":"ImageObject","inLanguage":"es","@id":"https:\/\/italboats.es\/es\/#\/schema\/logo\/image\/","url":"https:\/\/italboats.es\/wp-content\/uploads\/2025\/04\/Italboats_logo_light_wide-2.png","contentUrl":"https:\/\/italboats.es\/wp-content\/uploads\/2025\/04\/Italboats_logo_light_wide-2.png","width":1251,"height":153,"caption":"Italboats Espa\u00f1a"},"image":{"@id":"https:\/\/italboats.es\/es\/#\/schema\/logo\/image\/"}}]}},"_links":{"self":[{"href":"https:\/\/italboats.es\/es\/wp-json\/wp\/v2\/product\/772","targetHints":{"allow":["GET"]}}],"collection":[{"href":"https:\/\/italboats.es\/es\/wp-json\/wp\/v2\/product"}],"about":[{"href":"https:\/\/italboats.es\/es\/wp-json\/wp\/v2\/types\/product"}],"replies":[{"embeddable":true,"href":"https:\/\/italboats.es\/es\/wp-json\/wp\/v2\/comments?post=772"}],"wp:featuredmedia":[{"embeddable":true,"href":"https:\/\/italboats.es\/es\/wp-json\/wp\/v2\/media\/536"}],"wp:attachment":[{"href":"https:\/\/italboats.es\/es\/wp-json\/wp\/v2\/media?parent=772"}],"wp:term":[{"taxonomy":"product_brand","embeddable":true,"href":"https:\/\/italboats.es\/es\/wp-json\/wp\/v2\/product_brand?post=772"},{"taxonomy":"product_cat","embeddable":true,"href":"https:\/\/italboats.es\/es\/wp-json\/wp\/v2\/product_cat?post=772"},{"taxonomy":"product_tag","embeddable":true,"href":"https:\/\/italboats.es\/es\/wp-json\/wp\/v2\/product_tag?post=772"}],"curies":[{"name":"wp","href":"https:\/\/api.w.org\/{rel}","templated":true}]}}