{"id":768,"date":"2025-04-29T16:50:01","date_gmt":"2025-04-29T14:50:01","guid":{"rendered":"https:\/\/italboats.es\/boat\/stingher-28gt\/"},"modified":"2025-05-16T13:58:12","modified_gmt":"2025-05-16T11:58:12","slug":"stingher-28gt","status":"publish","type":"product","link":"https:\/\/italboats.es\/es\/barco\/stingher-28gt\/","title":{"rendered":"Stingher 28GT"},"content":{"rendered":"<p class=\"\" data-start=\"87\" data-end=\"221\">El Stingher 28 GT es el modelo insignia de la gama GT de Italboats, y representa la m\u00e1xima expresi\u00f3n de estilo, confort y rendimiento.<\/p>\n<p class=\"\" data-start=\"223\" data-end=\"477\">El casco es de nuevo dise\u00f1o: una evoluci\u00f3n del reconocido 27 GT, presenta una V mucho m\u00e1s profunda con incidencia variable, lo que garantiza una navegaci\u00f3n excepcionalmente seca y suave incluso en mares agitados, al tiempo que ofrece un manejo impecable.<\/p>\n<p class=\"\" data-start=\"479\" data-end=\"614\">Gracias a su impresionante anchura interior de 190 cm, ha sido posible crear un c\u00f3modo comedor en popa y dos amplias zonas de sol\u00e1rium.<\/p>\n<p class=\"\" data-start=\"616\" data-end=\"966\">La consola de gobierno est\u00e1 equipada con un amplio salpicadero para la instalaci\u00f3n de instrumentos de navegaci\u00f3n como GPS de hasta 12\u201d, radio VHF, equipo de m\u00fasica y otros mandos. En la parte frontal dispone de una gran puerta con asiento integrado, que al abrirse revela un compartimento con WC el\u00e9ctrico y ducha superior, apto como aseo o vestidor.<\/p>\n<p class=\"\" data-start=\"968\" data-end=\"1328\">La posici\u00f3n del asiento del conductor es extremadamente c\u00f3moda y, gracias al asiento doble reclinable, permite conducir tanto sentado como de pie, manteniendo siempre una excelente visibilidad durante la navegaci\u00f3n. El asiento alberga un frigor\u00edfico de acero inoxidable de 50 L, un fregadero tambi\u00e9n de acero inoxidable y una cocina opcional a gas o el\u00e9ctrica.<\/p>\n<p class=\"\" data-start=\"1330\" data-end=\"1604\">En la popa se encuentra una zona de comedor con mesa de teca con capacidad para 5 personas, convertible en un segundo gran sol\u00e1rium que se suma al de proa. El respaldo trasero puede abatirse completamente, ampliando a\u00fan m\u00e1s el sol\u00e1rium y facilitando el acceso a la cubierta.<\/p>\n","protected":false},"excerpt":{"rendered":"<div id=\"_rich_text-33-1385\" class=\"oxy-rich-text\">\n<p>El Stingher 28 GT es el modelo insignia de la gama GT de Italboats, y representa la m\u00e1xima expresi\u00f3n de estilo, confort y rendimiento.<\/p>\n<\/div>\n","protected":false},"featured_media":566,"comment_status":"open","ping_status":"closed","template":"","meta":{"_acf_changed":false},"product_brand":[17],"product_cat":[30],"product_tag":[],"class_list":{"0":"post-768","1":"product","2":"type-product","3":"status-publish","4":"has-post-thumbnail","6":"product_brand-italboats","7":"product_cat-stingher","10":"first","11":"instock","12":"shipping-taxable","13":"product-type-simple"},"acf":[],"yoast_head":"<!-- This site is optimized with the Yoast SEO plugin v25.0 - https:\/\/yoast.com\/wordpress\/plugins\/seo\/ -->\n<title>Lancha RIB Stingher 28GT | Lujo Estilizado sobre el Agua<\/title>\n<meta name=\"description\" content=\"La lancha RIB Stingher 28GT combina velocidad, comodidad y la mejor artesan\u00eda italiana. Exclusiva de Italboats Espa\u00f1a para tus d\u00edas de sol en el mar.\" \/>\n<meta name=\"robots\" content=\"index, follow, max-snippet:-1, max-image-preview:large, max-video-preview:-1\" \/>\n<link rel=\"canonical\" href=\"https:\/\/italboats.es\/es\/barco\/stingher-28gt\/\" \/>\n<meta property=\"og:locale\" content=\"es_ES\" \/>\n<meta property=\"og:type\" content=\"article\" \/>\n<meta property=\"og:title\" content=\"Lancha RIB Stingher 28GT | Lujo Estilizado sobre el Agua\" \/>\n<meta property=\"og:description\" content=\"La lancha RIB Stingher 28GT combina velocidad, comodidad y la mejor artesan\u00eda italiana. Exclusiva de Italboats Espa\u00f1a para tus d\u00edas de sol en el mar.\" \/>\n<meta property=\"og:url\" content=\"https:\/\/italboats.es\/es\/barco\/stingher-28gt\/\" \/>\n<meta property=\"og:site_name\" content=\"Italboats Espa\u00f1a\" \/>\n<meta property=\"article:modified_time\" content=\"2025-05-16T11:58:12+00:00\" \/>\n<meta property=\"og:image\" content=\"https:\/\/italboats.es\/wp-content\/uploads\/2025\/04\/S.28_05-scaled-1920x1080-1-1.jpg\" \/>\n\t<meta property=\"og:image:width\" content=\"1620\" \/>\n\t<meta property=\"og:image:height\" content=\"1080\" \/>\n\t<meta property=\"og:image:type\" content=\"image\/jpeg\" \/>\n<meta name=\"twitter:card\" content=\"summary_large_image\" \/>\n<meta name=\"twitter:label1\" content=\"Tiempo de lectura\" \/>\n\t<meta name=\"twitter:data1\" content=\"2 minutos\" \/>\n<script type=\"application\/ld+json\" class=\"yoast-schema-graph\">{\"@context\":\"https:\/\/schema.org\",\"@graph\":[{\"@type\":\"WebPage\",\"@id\":\"https:\/\/italboats.es\/es\/barco\/stingher-28gt\/\",\"url\":\"https:\/\/italboats.es\/es\/barco\/stingher-28gt\/\",\"name\":\"Lancha RIB Stingher 28GT | Lujo Estilizado sobre el Agua\",\"isPartOf\":{\"@id\":\"https:\/\/italboats.es\/es\/#website\"},\"primaryImageOfPage\":{\"@id\":\"https:\/\/italboats.es\/es\/barco\/stingher-28gt\/#primaryimage\"},\"image\":{\"@id\":\"https:\/\/italboats.es\/es\/barco\/stingher-28gt\/#primaryimage\"},\"thumbnailUrl\":\"https:\/\/italboats.es\/wp-content\/uploads\/2025\/04\/S.28_05-scaled-1920x1080-1-1.jpg\",\"datePublished\":\"2025-04-29T14:50:01+00:00\",\"dateModified\":\"2025-05-16T11:58:12+00:00\",\"description\":\"La lancha RIB Stingher 28GT combina velocidad, comodidad y la mejor artesan\u00eda italiana. Exclusiva de Italboats Espa\u00f1a para tus d\u00edas de sol en el mar.\",\"breadcrumb\":{\"@id\":\"https:\/\/italboats.es\/es\/barco\/stingher-28gt\/#breadcrumb\"},\"inLanguage\":\"es\",\"potentialAction\":[{\"@type\":\"ReadAction\",\"target\":[\"https:\/\/italboats.es\/es\/barco\/stingher-28gt\/\"]}]},{\"@type\":\"ImageObject\",\"inLanguage\":\"es\",\"@id\":\"https:\/\/italboats.es\/es\/barco\/stingher-28gt\/#primaryimage\",\"url\":\"https:\/\/italboats.es\/wp-content\/uploads\/2025\/04\/S.28_05-scaled-1920x1080-1-1.jpg\",\"contentUrl\":\"https:\/\/italboats.es\/wp-content\/uploads\/2025\/04\/S.28_05-scaled-1920x1080-1-1.jpg\",\"width\":1620,\"height\":1080,\"caption\":\"Stingher 28GT RIB boat\"},{\"@type\":\"BreadcrumbList\",\"@id\":\"https:\/\/italboats.es\/es\/barco\/stingher-28gt\/#breadcrumb\",\"itemListElement\":[{\"@type\":\"ListItem\",\"position\":1,\"name\":\"Home\",\"item\":\"https:\/\/italboats.es\/es\/italboats\/\"},{\"@type\":\"ListItem\",\"position\":2,\"name\":\"Nuestra selecci\u00f3n\",\"item\":\"https:\/\/italboats.es\/es\/nuestra-seleccion\/\"},{\"@type\":\"ListItem\",\"position\":3,\"name\":\"Stingher 28GT\"}]},{\"@type\":\"WebSite\",\"@id\":\"https:\/\/italboats.es\/es\/#website\",\"url\":\"https:\/\/italboats.es\/es\/\",\"name\":\"Italboats Espa\u00f1a\",\"description\":\"\",\"publisher\":{\"@id\":\"https:\/\/italboats.es\/es\/#organization\"},\"potentialAction\":[{\"@type\":\"SearchAction\",\"target\":{\"@type\":\"EntryPoint\",\"urlTemplate\":\"https:\/\/italboats.es\/es\/?s={search_term_string}\"},\"query-input\":{\"@type\":\"PropertyValueSpecification\",\"valueRequired\":true,\"valueName\":\"search_term_string\"}}],\"inLanguage\":\"es\"},{\"@type\":\"Organization\",\"@id\":\"https:\/\/italboats.es\/es\/#organization\",\"name\":\"Italboats Espa\u00f1a\",\"url\":\"https:\/\/italboats.es\/es\/\",\"logo\":{\"@type\":\"ImageObject\",\"inLanguage\":\"es\",\"@id\":\"https:\/\/italboats.es\/es\/#\/schema\/logo\/image\/\",\"url\":\"https:\/\/italboats.es\/wp-content\/uploads\/2025\/04\/Italboats_logo_light_wide-2.png\",\"contentUrl\":\"https:\/\/italboats.es\/wp-content\/uploads\/2025\/04\/Italboats_logo_light_wide-2.png\",\"width\":1251,\"height\":153,\"caption\":\"Italboats Espa\u00f1a\"},\"image\":{\"@id\":\"https:\/\/italboats.es\/es\/#\/schema\/logo\/image\/\"}}]}<\/script>\n<!-- \/ Yoast SEO plugin. -->","yoast_head_json":{"title":"Lancha RIB Stingher 28GT | Lujo Estilizado sobre el Agua","description":"La lancha RIB Stingher 28GT combina velocidad, comodidad y la mejor artesan\u00eda italiana. Exclusiva de Italboats Espa\u00f1a para tus d\u00edas de sol en el mar.","robots":{"index":"index","follow":"follow","max-snippet":"max-snippet:-1","max-image-preview":"max-image-preview:large","max-video-preview":"max-video-preview:-1"},"canonical":"https:\/\/italboats.es\/es\/barco\/stingher-28gt\/","og_locale":"es_ES","og_type":"article","og_title":"Lancha RIB Stingher 28GT | Lujo Estilizado sobre el Agua","og_description":"La lancha RIB Stingher 28GT combina velocidad, comodidad y la mejor artesan\u00eda italiana. Exclusiva de Italboats Espa\u00f1a para tus d\u00edas de sol en el mar.","og_url":"https:\/\/italboats.es\/es\/barco\/stingher-28gt\/","og_site_name":"Italboats Espa\u00f1a","article_modified_time":"2025-05-16T11:58:12+00:00","og_image":[{"width":1620,"height":1080,"url":"https:\/\/italboats.es\/wp-content\/uploads\/2025\/04\/S.28_05-scaled-1920x1080-1-1.jpg","type":"image\/jpeg"}],"twitter_card":"summary_large_image","twitter_misc":{"Tiempo de lectura":"2 minutos"},"schema":{"@context":"https:\/\/schema.org","@graph":[{"@type":"WebPage","@id":"https:\/\/italboats.es\/es\/barco\/stingher-28gt\/","url":"https:\/\/italboats.es\/es\/barco\/stingher-28gt\/","name":"Lancha RIB Stingher 28GT | Lujo Estilizado sobre el Agua","isPartOf":{"@id":"https:\/\/italboats.es\/es\/#website"},"primaryImageOfPage":{"@id":"https:\/\/italboats.es\/es\/barco\/stingher-28gt\/#primaryimage"},"image":{"@id":"https:\/\/italboats.es\/es\/barco\/stingher-28gt\/#primaryimage"},"thumbnailUrl":"https:\/\/italboats.es\/wp-content\/uploads\/2025\/04\/S.28_05-scaled-1920x1080-1-1.jpg","datePublished":"2025-04-29T14:50:01+00:00","dateModified":"2025-05-16T11:58:12+00:00","description":"La lancha RIB Stingher 28GT combina velocidad, comodidad y la mejor artesan\u00eda italiana. Exclusiva de Italboats Espa\u00f1a para tus d\u00edas de sol en el mar.","breadcrumb":{"@id":"https:\/\/italboats.es\/es\/barco\/stingher-28gt\/#breadcrumb"},"inLanguage":"es","potentialAction":[{"@type":"ReadAction","target":["https:\/\/italboats.es\/es\/barco\/stingher-28gt\/"]}]},{"@type":"ImageObject","inLanguage":"es","@id":"https:\/\/italboats.es\/es\/barco\/stingher-28gt\/#primaryimage","url":"https:\/\/italboats.es\/wp-content\/uploads\/2025\/04\/S.28_05-scaled-1920x1080-1-1.jpg","contentUrl":"https:\/\/italboats.es\/wp-content\/uploads\/2025\/04\/S.28_05-scaled-1920x1080-1-1.jpg","width":1620,"height":1080,"caption":"Stingher 28GT RIB boat"},{"@type":"BreadcrumbList","@id":"https:\/\/italboats.es\/es\/barco\/stingher-28gt\/#breadcrumb","itemListElement":[{"@type":"ListItem","position":1,"name":"Home","item":"https:\/\/italboats.es\/es\/italboats\/"},{"@type":"ListItem","position":2,"name":"Nuestra selecci\u00f3n","item":"https:\/\/italboats.es\/es\/nuestra-seleccion\/"},{"@type":"ListItem","position":3,"name":"Stingher 28GT"}]},{"@type":"WebSite","@id":"https:\/\/italboats.es\/es\/#website","url":"https:\/\/italboats.es\/es\/","name":"Italboats Espa\u00f1a","description":"","publisher":{"@id":"https:\/\/italboats.es\/es\/#organization"},"potentialAction":[{"@type":"SearchAction","target":{"@type":"EntryPoint","urlTemplate":"https:\/\/italboats.es\/es\/?s={search_term_string}"},"query-input":{"@type":"PropertyValueSpecification","valueRequired":true,"valueName":"search_term_string"}}],"inLanguage":"es"},{"@type":"Organization","@id":"https:\/\/italboats.es\/es\/#organization","name":"Italboats Espa\u00f1a","url":"https:\/\/italboats.es\/es\/","logo":{"@type":"ImageObject","inLanguage":"es","@id":"https:\/\/italboats.es\/es\/#\/schema\/logo\/image\/","url":"https:\/\/italboats.es\/wp-content\/uploads\/2025\/04\/Italboats_logo_light_wide-2.png","contentUrl":"https:\/\/italboats.es\/wp-content\/uploads\/2025\/04\/Italboats_logo_light_wide-2.png","width":1251,"height":153,"caption":"Italboats Espa\u00f1a"},"image":{"@id":"https:\/\/italboats.es\/es\/#\/schema\/logo\/image\/"}}]}},"_links":{"self":[{"href":"https:\/\/italboats.es\/es\/wp-json\/wp\/v2\/product\/768","targetHints":{"allow":["GET"]}}],"collection":[{"href":"https:\/\/italboats.es\/es\/wp-json\/wp\/v2\/product"}],"about":[{"href":"https:\/\/italboats.es\/es\/wp-json\/wp\/v2\/types\/product"}],"replies":[{"embeddable":true,"href":"https:\/\/italboats.es\/es\/wp-json\/wp\/v2\/comments?post=768"}],"wp:featuredmedia":[{"embeddable":true,"href":"https:\/\/italboats.es\/es\/wp-json\/wp\/v2\/media\/566"}],"wp:attachment":[{"href":"https:\/\/italboats.es\/es\/wp-json\/wp\/v2\/media?parent=768"}],"wp:term":[{"taxonomy":"product_brand","embeddable":true,"href":"https:\/\/italboats.es\/es\/wp-json\/wp\/v2\/product_brand?post=768"},{"taxonomy":"product_cat","embeddable":true,"href":"https:\/\/italboats.es\/es\/wp-json\/wp\/v2\/product_cat?post=768"},{"taxonomy":"product_tag","embeddable":true,"href":"https:\/\/italboats.es\/es\/wp-json\/wp\/v2\/product_tag?post=768"}],"curies":[{"name":"wp","href":"https:\/\/api.w.org\/{rel}","templated":true}]}}