{"id":962,"date":"2025-04-29T16:04:59","date_gmt":"2025-04-29T14:04:59","guid":{"rendered":"https:\/\/italboats.es\/contact-us-spanish\/"},"modified":"2025-05-16T11:59:50","modified_gmt":"2025-05-16T09:59:50","slug":"contacto","status":"publish","type":"page","link":"https:\/\/italboats.es\/es\/contacto\/","title":{"rendered":"Contacto"},"content":{"rendered":"<div id=\"cs-content\" class=\"cs-content\"><\/div>\n","protected":false},"excerpt":{"rendered":"<p>Cont&aacute;ctanos Env&iacute;enos un correo electr&oacute;nico: info@italboats.esLl\u00e1manos: +34 6 791 988 42Whatsapp: 679198842Direcci&oacute;n: Puerto Marina Greenwich 7503590 Altea, AlicanteFormulario de contacto: Nombre Apellido N\u00famero de tel\u00e9fono Correo electr\u00f3nico Provincia &#8212;Por favor, elige una opci\u00f3n&#8212;Andaluc\u00edaArag\u00f3nAsturiasIslas BalearesCanariasCantabriaCastilla-La ManchaCastilla y Le\u00f3nCatalu\u00f1aComunidad ValencianaExtremaduraGaliciaMadridMurciaNavarraPa\u00eds VascoLa RiojaCeutaMelilla Estoy interesado en &#8211; seleccionar barco &#8212;Por favor, elige una opci\u00f3n&#8212;Stingher 32GTStingher 28GTStingher 24GTStingher 606XSStingher 22GTStingher 380 Fast RikeStingher 340 &#8230;<\/p>\n","protected":false},"author":1,"featured_media":0,"parent":0,"menu_order":0,"comment_status":"closed","ping_status":"closed","template":"template-blank-4.php","meta":{"_acf_changed":false,"footnotes":""},"class_list":["post-962","page","type-page","status-publish","hentry","no-post-thumbnail"],"acf":[],"yoast_head":"<!-- This site is optimized with the Yoast SEO plugin v25.0 - https:\/\/yoast.com\/wordpress\/plugins\/seo\/ -->\n<title>Cont\u00e1ctanos | Lanchas RIB de Lujo Italboats Espa\u00f1a<\/title>\n<meta name=\"description\" content=\"Contacta con Italboats, distribuidor de lanchas RIB de lujo, para solicitar informaci\u00f3n, pruebas de mar o comprar nuestras embarcaciones RIB.\" \/>\n<meta name=\"robots\" content=\"index, follow, max-snippet:-1, max-image-preview:large, max-video-preview:-1\" \/>\n<link rel=\"canonical\" href=\"https:\/\/italboats.es\/es\/contacto\/\" \/>\n<meta property=\"og:locale\" content=\"es_ES\" \/>\n<meta property=\"og:type\" content=\"article\" \/>\n<meta property=\"og:title\" content=\"Cont\u00e1ctanos | Lanchas RIB de Lujo Italboats Espa\u00f1a\" \/>\n<meta property=\"og:description\" content=\"Contacta con Italboats, distribuidor de lanchas RIB de lujo, para solicitar informaci\u00f3n, pruebas de mar o comprar nuestras embarcaciones RIB.\" \/>\n<meta property=\"og:url\" content=\"https:\/\/italboats.es\/es\/contacto\/\" \/>\n<meta property=\"og:site_name\" content=\"Italboats Espa\u00f1a\" \/>\n<meta property=\"article:modified_time\" content=\"2025-05-16T09:59:50+00:00\" \/>\n<meta name=\"twitter:card\" content=\"summary_large_image\" \/>\n<meta name=\"twitter:label1\" content=\"Tiempo de lectura\" \/>\n\t<meta name=\"twitter:data1\" content=\"1 minuto\" \/>\n<script type=\"application\/ld+json\" class=\"yoast-schema-graph\">{\"@context\":\"https:\/\/schema.org\",\"@graph\":[{\"@type\":\"WebPage\",\"@id\":\"https:\/\/italboats.es\/es\/contacto\/\",\"url\":\"https:\/\/italboats.es\/es\/contacto\/\",\"name\":\"Cont\u00e1ctanos | Lanchas RIB de Lujo Italboats Espa\u00f1a\",\"isPartOf\":{\"@id\":\"https:\/\/italboats.es\/es\/#website\"},\"datePublished\":\"2025-04-29T14:04:59+00:00\",\"dateModified\":\"2025-05-16T09:59:50+00:00\",\"description\":\"Contacta con Italboats, distribuidor de lanchas RIB de lujo, para solicitar informaci\u00f3n, pruebas de mar o comprar nuestras embarcaciones RIB.\",\"breadcrumb\":{\"@id\":\"https:\/\/italboats.es\/es\/contacto\/#breadcrumb\"},\"inLanguage\":\"es\",\"potentialAction\":[{\"@type\":\"ReadAction\",\"target\":[\"https:\/\/italboats.es\/es\/contacto\/\"]}]},{\"@type\":\"BreadcrumbList\",\"@id\":\"https:\/\/italboats.es\/es\/contacto\/#breadcrumb\",\"itemListElement\":[{\"@type\":\"ListItem\",\"position\":1,\"name\":\"Home\",\"item\":\"https:\/\/italboats.es\/es\/italboats\/\"},{\"@type\":\"ListItem\",\"position\":2,\"name\":\"Contacto\"}]},{\"@type\":\"WebSite\",\"@id\":\"https:\/\/italboats.es\/es\/#website\",\"url\":\"https:\/\/italboats.es\/es\/\",\"name\":\"Italboats Espa\u00f1a\",\"description\":\"\",\"publisher\":{\"@id\":\"https:\/\/italboats.es\/es\/#organization\"},\"potentialAction\":[{\"@type\":\"SearchAction\",\"target\":{\"@type\":\"EntryPoint\",\"urlTemplate\":\"https:\/\/italboats.es\/es\/?s={search_term_string}\"},\"query-input\":{\"@type\":\"PropertyValueSpecification\",\"valueRequired\":true,\"valueName\":\"search_term_string\"}}],\"inLanguage\":\"es\"},{\"@type\":\"Organization\",\"@id\":\"https:\/\/italboats.es\/es\/#organization\",\"name\":\"Italboats Espa\u00f1a\",\"url\":\"https:\/\/italboats.es\/es\/\",\"logo\":{\"@type\":\"ImageObject\",\"inLanguage\":\"es\",\"@id\":\"https:\/\/italboats.es\/es\/#\/schema\/logo\/image\/\",\"url\":\"https:\/\/italboats.es\/wp-content\/uploads\/2025\/04\/Italboats_logo_light_wide-2.png\",\"contentUrl\":\"https:\/\/italboats.es\/wp-content\/uploads\/2025\/04\/Italboats_logo_light_wide-2.png\",\"width\":1251,\"height\":153,\"caption\":\"Italboats Espa\u00f1a\"},\"image\":{\"@id\":\"https:\/\/italboats.es\/es\/#\/schema\/logo\/image\/\"}}]}<\/script>\n<!-- \/ Yoast SEO plugin. -->","yoast_head_json":{"title":"Cont\u00e1ctanos | Lanchas RIB de Lujo Italboats Espa\u00f1a","description":"Contacta con Italboats, distribuidor de lanchas RIB de lujo, para solicitar informaci\u00f3n, pruebas de mar o comprar nuestras embarcaciones RIB.","robots":{"index":"index","follow":"follow","max-snippet":"max-snippet:-1","max-image-preview":"max-image-preview:large","max-video-preview":"max-video-preview:-1"},"canonical":"https:\/\/italboats.es\/es\/contacto\/","og_locale":"es_ES","og_type":"article","og_title":"Cont\u00e1ctanos | Lanchas RIB de Lujo Italboats Espa\u00f1a","og_description":"Contacta con Italboats, distribuidor de lanchas RIB de lujo, para solicitar informaci\u00f3n, pruebas de mar o comprar nuestras embarcaciones RIB.","og_url":"https:\/\/italboats.es\/es\/contacto\/","og_site_name":"Italboats Espa\u00f1a","article_modified_time":"2025-05-16T09:59:50+00:00","twitter_card":"summary_large_image","twitter_misc":{"Tiempo de lectura":"1 minuto"},"schema":{"@context":"https:\/\/schema.org","@graph":[{"@type":"WebPage","@id":"https:\/\/italboats.es\/es\/contacto\/","url":"https:\/\/italboats.es\/es\/contacto\/","name":"Cont\u00e1ctanos | Lanchas RIB de Lujo Italboats Espa\u00f1a","isPartOf":{"@id":"https:\/\/italboats.es\/es\/#website"},"datePublished":"2025-04-29T14:04:59+00:00","dateModified":"2025-05-16T09:59:50+00:00","description":"Contacta con Italboats, distribuidor de lanchas RIB de lujo, para solicitar informaci\u00f3n, pruebas de mar o comprar nuestras embarcaciones RIB.","breadcrumb":{"@id":"https:\/\/italboats.es\/es\/contacto\/#breadcrumb"},"inLanguage":"es","potentialAction":[{"@type":"ReadAction","target":["https:\/\/italboats.es\/es\/contacto\/"]}]},{"@type":"BreadcrumbList","@id":"https:\/\/italboats.es\/es\/contacto\/#breadcrumb","itemListElement":[{"@type":"ListItem","position":1,"name":"Home","item":"https:\/\/italboats.es\/es\/italboats\/"},{"@type":"ListItem","position":2,"name":"Contacto"}]},{"@type":"WebSite","@id":"https:\/\/italboats.es\/es\/#website","url":"https:\/\/italboats.es\/es\/","name":"Italboats Espa\u00f1a","description":"","publisher":{"@id":"https:\/\/italboats.es\/es\/#organization"},"potentialAction":[{"@type":"SearchAction","target":{"@type":"EntryPoint","urlTemplate":"https:\/\/italboats.es\/es\/?s={search_term_string}"},"query-input":{"@type":"PropertyValueSpecification","valueRequired":true,"valueName":"search_term_string"}}],"inLanguage":"es"},{"@type":"Organization","@id":"https:\/\/italboats.es\/es\/#organization","name":"Italboats Espa\u00f1a","url":"https:\/\/italboats.es\/es\/","logo":{"@type":"ImageObject","inLanguage":"es","@id":"https:\/\/italboats.es\/es\/#\/schema\/logo\/image\/","url":"https:\/\/italboats.es\/wp-content\/uploads\/2025\/04\/Italboats_logo_light_wide-2.png","contentUrl":"https:\/\/italboats.es\/wp-content\/uploads\/2025\/04\/Italboats_logo_light_wide-2.png","width":1251,"height":153,"caption":"Italboats Espa\u00f1a"},"image":{"@id":"https:\/\/italboats.es\/es\/#\/schema\/logo\/image\/"}}]}},"_links":{"self":[{"href":"https:\/\/italboats.es\/es\/wp-json\/wp\/v2\/pages\/962","targetHints":{"allow":["GET"]}}],"collection":[{"href":"https:\/\/italboats.es\/es\/wp-json\/wp\/v2\/pages"}],"about":[{"href":"https:\/\/italboats.es\/es\/wp-json\/wp\/v2\/types\/page"}],"author":[{"embeddable":true,"href":"https:\/\/italboats.es\/es\/wp-json\/wp\/v2\/users\/1"}],"replies":[{"embeddable":true,"href":"https:\/\/italboats.es\/es\/wp-json\/wp\/v2\/comments?post=962"}],"version-history":[{"count":15,"href":"https:\/\/italboats.es\/es\/wp-json\/wp\/v2\/pages\/962\/revisions"}],"predecessor-version":[{"id":1013,"href":"https:\/\/italboats.es\/es\/wp-json\/wp\/v2\/pages\/962\/revisions\/1013"}],"wp:attachment":[{"href":"https:\/\/italboats.es\/es\/wp-json\/wp\/v2\/media?parent=962"}],"curies":[{"name":"wp","href":"https:\/\/api.w.org\/{rel}","templated":true}]}}