{"id":843,"date":"2025-05-02T14:12:55","date_gmt":"2025-05-02T12:12:55","guid":{"rendered":"https:\/\/italboats.es\/stingher-spanish\/"},"modified":"2025-05-16T11:07:23","modified_gmt":"2025-05-16T09:07:23","slug":"stingher","status":"publish","type":"page","link":"https:\/\/italboats.es\/es\/stingher\/","title":{"rendered":"Stingher"},"content":{"rendered":"<div id=\"cs-content\" class=\"cs-content\"><\/div>\n","protected":false},"excerpt":{"rendered":"<p>LuJO,RENDIMIENTO,PERSONALIZACI&Oacute;N Al m&aacute;s alto nivelVer selecci&oacute;nCont&aacute;ctanosConstruida a la perfecci&oacute;n Es la gama que puso a Italboats en el mapa. La colecci&oacute;n Stinger que ves hoy es el resultado de 36 a&ntilde;os de dise&ntilde;o y desarrollo de producto para crear la embarcaci&oacute;n de d&iacute;a definitiva.Personalizaci&oacute;n sin l&iacute;mites Stingher rompe con las opciones t&iacute;picas disponibles en el mercado de semirr&iacute;gidas al ofrecer &#8230;<\/p>\n","protected":false},"author":1,"featured_media":0,"parent":0,"menu_order":0,"comment_status":"closed","ping_status":"closed","template":"template-blank-4.php","meta":{"_acf_changed":false,"footnotes":""},"class_list":["post-843","page","type-page","status-publish","hentry","no-post-thumbnail"],"acf":[],"yoast_head":"<!-- This site is optimized with the Yoast SEO plugin v25.0 - https:\/\/yoast.com\/wordpress\/plugins\/seo\/ -->\n<title>Lanchas RIB Stingher | Lanchas de Lujo en Venta en Espa\u00f1a<\/title>\n<meta name=\"description\" content=\"Descubre las embarcaciones RIB Stingher de Italboats: dise\u00f1o superior, lujo y comodidad en cada detalle. Encuentra tu modelo ideal en Espa\u00f1a.\" \/>\n<meta name=\"robots\" content=\"index, follow, max-snippet:-1, max-image-preview:large, max-video-preview:-1\" \/>\n<link rel=\"canonical\" href=\"https:\/\/italboats.es\/es\/stingher\/\" \/>\n<meta property=\"og:locale\" content=\"es_ES\" \/>\n<meta property=\"og:type\" content=\"article\" \/>\n<meta property=\"og:title\" content=\"Lanchas RIB Stingher | Lanchas de Lujo en Venta en Espa\u00f1a\" \/>\n<meta property=\"og:description\" content=\"Descubre las embarcaciones RIB Stingher de Italboats: dise\u00f1o superior, lujo y comodidad en cada detalle. Encuentra tu modelo ideal en Espa\u00f1a.\" \/>\n<meta property=\"og:url\" content=\"https:\/\/italboats.es\/es\/stingher\/\" \/>\n<meta property=\"og:site_name\" content=\"Italboats Espa\u00f1a\" \/>\n<meta property=\"article:modified_time\" content=\"2025-05-16T09:07:23+00:00\" \/>\n<meta name=\"twitter:card\" content=\"summary_large_image\" \/>\n<meta name=\"twitter:label1\" content=\"Tiempo de lectura\" \/>\n\t<meta name=\"twitter:data1\" content=\"2 minutos\" \/>\n<script type=\"application\/ld+json\" class=\"yoast-schema-graph\">{\"@context\":\"https:\/\/schema.org\",\"@graph\":[{\"@type\":\"WebPage\",\"@id\":\"https:\/\/italboats.es\/es\/stingher\/\",\"url\":\"https:\/\/italboats.es\/es\/stingher\/\",\"name\":\"Lanchas RIB Stingher | Lanchas de Lujo en Venta en Espa\u00f1a\",\"isPartOf\":{\"@id\":\"https:\/\/italboats.es\/es\/#website\"},\"datePublished\":\"2025-05-02T12:12:55+00:00\",\"dateModified\":\"2025-05-16T09:07:23+00:00\",\"description\":\"Descubre las embarcaciones RIB Stingher de Italboats: dise\u00f1o superior, lujo y comodidad en cada detalle. Encuentra tu modelo ideal en Espa\u00f1a.\",\"breadcrumb\":{\"@id\":\"https:\/\/italboats.es\/es\/stingher\/#breadcrumb\"},\"inLanguage\":\"es\",\"potentialAction\":[{\"@type\":\"ReadAction\",\"target\":[\"https:\/\/italboats.es\/es\/stingher\/\"]}]},{\"@type\":\"BreadcrumbList\",\"@id\":\"https:\/\/italboats.es\/es\/stingher\/#breadcrumb\",\"itemListElement\":[{\"@type\":\"ListItem\",\"position\":1,\"name\":\"Home\",\"item\":\"https:\/\/italboats.es\/es\/italboats\/\"},{\"@type\":\"ListItem\",\"position\":2,\"name\":\"Stingher\"}]},{\"@type\":\"WebSite\",\"@id\":\"https:\/\/italboats.es\/es\/#website\",\"url\":\"https:\/\/italboats.es\/es\/\",\"name\":\"Italboats Espa\u00f1a\",\"description\":\"\",\"publisher\":{\"@id\":\"https:\/\/italboats.es\/es\/#organization\"},\"potentialAction\":[{\"@type\":\"SearchAction\",\"target\":{\"@type\":\"EntryPoint\",\"urlTemplate\":\"https:\/\/italboats.es\/es\/?s={search_term_string}\"},\"query-input\":{\"@type\":\"PropertyValueSpecification\",\"valueRequired\":true,\"valueName\":\"search_term_string\"}}],\"inLanguage\":\"es\"},{\"@type\":\"Organization\",\"@id\":\"https:\/\/italboats.es\/es\/#organization\",\"name\":\"Italboats Espa\u00f1a\",\"url\":\"https:\/\/italboats.es\/es\/\",\"logo\":{\"@type\":\"ImageObject\",\"inLanguage\":\"es\",\"@id\":\"https:\/\/italboats.es\/es\/#\/schema\/logo\/image\/\",\"url\":\"https:\/\/italboats.es\/wp-content\/uploads\/2025\/04\/Italboats_logo_light_wide-2.png\",\"contentUrl\":\"https:\/\/italboats.es\/wp-content\/uploads\/2025\/04\/Italboats_logo_light_wide-2.png\",\"width\":1251,\"height\":153,\"caption\":\"Italboats Espa\u00f1a\"},\"image\":{\"@id\":\"https:\/\/italboats.es\/es\/#\/schema\/logo\/image\/\"}}]}<\/script>\n<!-- \/ Yoast SEO plugin. -->","yoast_head_json":{"title":"Lanchas RIB Stingher | Lanchas de Lujo en Venta en Espa\u00f1a","description":"Descubre las embarcaciones RIB Stingher de Italboats: dise\u00f1o superior, lujo y comodidad en cada detalle. Encuentra tu modelo ideal en Espa\u00f1a.","robots":{"index":"index","follow":"follow","max-snippet":"max-snippet:-1","max-image-preview":"max-image-preview:large","max-video-preview":"max-video-preview:-1"},"canonical":"https:\/\/italboats.es\/es\/stingher\/","og_locale":"es_ES","og_type":"article","og_title":"Lanchas RIB Stingher | Lanchas de Lujo en Venta en Espa\u00f1a","og_description":"Descubre las embarcaciones RIB Stingher de Italboats: dise\u00f1o superior, lujo y comodidad en cada detalle. Encuentra tu modelo ideal en Espa\u00f1a.","og_url":"https:\/\/italboats.es\/es\/stingher\/","og_site_name":"Italboats Espa\u00f1a","article_modified_time":"2025-05-16T09:07:23+00:00","twitter_card":"summary_large_image","twitter_misc":{"Tiempo de lectura":"2 minutos"},"schema":{"@context":"https:\/\/schema.org","@graph":[{"@type":"WebPage","@id":"https:\/\/italboats.es\/es\/stingher\/","url":"https:\/\/italboats.es\/es\/stingher\/","name":"Lanchas RIB Stingher | Lanchas de Lujo en Venta en Espa\u00f1a","isPartOf":{"@id":"https:\/\/italboats.es\/es\/#website"},"datePublished":"2025-05-02T12:12:55+00:00","dateModified":"2025-05-16T09:07:23+00:00","description":"Descubre las embarcaciones RIB Stingher de Italboats: dise\u00f1o superior, lujo y comodidad en cada detalle. Encuentra tu modelo ideal en Espa\u00f1a.","breadcrumb":{"@id":"https:\/\/italboats.es\/es\/stingher\/#breadcrumb"},"inLanguage":"es","potentialAction":[{"@type":"ReadAction","target":["https:\/\/italboats.es\/es\/stingher\/"]}]},{"@type":"BreadcrumbList","@id":"https:\/\/italboats.es\/es\/stingher\/#breadcrumb","itemListElement":[{"@type":"ListItem","position":1,"name":"Home","item":"https:\/\/italboats.es\/es\/italboats\/"},{"@type":"ListItem","position":2,"name":"Stingher"}]},{"@type":"WebSite","@id":"https:\/\/italboats.es\/es\/#website","url":"https:\/\/italboats.es\/es\/","name":"Italboats Espa\u00f1a","description":"","publisher":{"@id":"https:\/\/italboats.es\/es\/#organization"},"potentialAction":[{"@type":"SearchAction","target":{"@type":"EntryPoint","urlTemplate":"https:\/\/italboats.es\/es\/?s={search_term_string}"},"query-input":{"@type":"PropertyValueSpecification","valueRequired":true,"valueName":"search_term_string"}}],"inLanguage":"es"},{"@type":"Organization","@id":"https:\/\/italboats.es\/es\/#organization","name":"Italboats Espa\u00f1a","url":"https:\/\/italboats.es\/es\/","logo":{"@type":"ImageObject","inLanguage":"es","@id":"https:\/\/italboats.es\/es\/#\/schema\/logo\/image\/","url":"https:\/\/italboats.es\/wp-content\/uploads\/2025\/04\/Italboats_logo_light_wide-2.png","contentUrl":"https:\/\/italboats.es\/wp-content\/uploads\/2025\/04\/Italboats_logo_light_wide-2.png","width":1251,"height":153,"caption":"Italboats Espa\u00f1a"},"image":{"@id":"https:\/\/italboats.es\/es\/#\/schema\/logo\/image\/"}}]}},"_links":{"self":[{"href":"https:\/\/italboats.es\/es\/wp-json\/wp\/v2\/pages\/843","targetHints":{"allow":["GET"]}}],"collection":[{"href":"https:\/\/italboats.es\/es\/wp-json\/wp\/v2\/pages"}],"about":[{"href":"https:\/\/italboats.es\/es\/wp-json\/wp\/v2\/types\/page"}],"author":[{"embeddable":true,"href":"https:\/\/italboats.es\/es\/wp-json\/wp\/v2\/users\/1"}],"replies":[{"embeddable":true,"href":"https:\/\/italboats.es\/es\/wp-json\/wp\/v2\/comments?post=843"}],"version-history":[{"count":18,"href":"https:\/\/italboats.es\/es\/wp-json\/wp\/v2\/pages\/843\/revisions"}],"predecessor-version":[{"id":961,"href":"https:\/\/italboats.es\/es\/wp-json\/wp\/v2\/pages\/843\/revisions\/961"}],"wp:attachment":[{"href":"https:\/\/italboats.es\/es\/wp-json\/wp\/v2\/media?parent=843"}],"curies":[{"name":"wp","href":"https:\/\/api.w.org\/{rel}","templated":true}]}}