{"id":836,"date":"2025-04-28T10:25:04","date_gmt":"2025-04-28T08:25:04","guid":{"rendered":"https:\/\/italboats.es\/italboats-spanish\/"},"modified":"2025-05-19T10:58:11","modified_gmt":"2025-05-19T08:58:11","slug":"italboats","status":"publish","type":"page","link":"https:\/\/italboats.es\/es\/","title":{"rendered":"Italboats"},"content":{"rendered":"<div id=\"cs-content\" class=\"cs-content\"><\/div>\n","protected":false},"excerpt":{"rendered":"<p>Italboats Espa&ntilde;aembarcaciones de alta gamadise&ntilde;o italiano Hechas a mano a la perfecci&oacute;nVer selecci&oacute;nCont&aacute;ctanosEN BUSCA DE la Seleccione entre nuestras 3 gamas diferentes de barcos italianos de primera calidad hechos a mano que se adaptan a sus necesidades de navegaci&oacute;n.Avant GardeFabricadas desde 1987 Fundada por Giuseppe Risolo en 1987, Italboats ha perfeccionado el arte de la construcci&oacute;n naval durante m&aacute;s de &#8230;<\/p>\n","protected":false},"author":1,"featured_media":0,"parent":0,"menu_order":0,"comment_status":"closed","ping_status":"closed","template":"template-blank-4.php","meta":{"_acf_changed":false,"footnotes":""},"class_list":["post-836","page","type-page","status-publish","hentry","no-post-thumbnail"],"acf":[],"yoast_head":"<!-- This site is optimized with the Yoast SEO plugin v25.0 - https:\/\/yoast.com\/wordpress\/plugins\/seo\/ -->\n<title>Lanchas RIB de Lujo | Distribuidor Oficial Italboats Espa\u00f1a<\/title>\n<meta name=\"description\" content=\"Descubre Italboats, la marca italiana l\u00edder en lanchas RIB de lujo, ahora disponible exclusivamente en Espa\u00f1a. Explora nuestra gama completa.\" \/>\n<meta name=\"robots\" content=\"index, follow, max-snippet:-1, max-image-preview:large, max-video-preview:-1\" \/>\n<link rel=\"canonical\" href=\"https:\/\/italboats.es\/es\/\" \/>\n<meta property=\"og:locale\" content=\"es_ES\" \/>\n<meta property=\"og:type\" content=\"article\" \/>\n<meta property=\"og:title\" content=\"Lanchas RIB de Lujo | Distribuidor Oficial Italboats Espa\u00f1a\" \/>\n<meta property=\"og:description\" content=\"Descubre Italboats, la marca italiana l\u00edder en lanchas RIB de lujo, ahora disponible exclusivamente en Espa\u00f1a. Explora nuestra gama completa.\" \/>\n<meta property=\"og:url\" content=\"https:\/\/italboats.es\/es\/\" \/>\n<meta property=\"og:site_name\" content=\"Italboats Espa\u00f1a\" \/>\n<meta property=\"article:modified_time\" content=\"2025-05-19T08:58:11+00:00\" \/>\n<meta name=\"twitter:card\" content=\"summary_large_image\" \/>\n<meta name=\"twitter:label1\" content=\"Tiempo de lectura\" \/>\n\t<meta name=\"twitter:data1\" content=\"3 minutos\" \/>\n<script type=\"application\/ld+json\" class=\"yoast-schema-graph\">{\"@context\":\"https:\/\/schema.org\",\"@graph\":[{\"@type\":\"WebPage\",\"@id\":\"https:\/\/italboats.es\/es\/\",\"url\":\"https:\/\/italboats.es\/es\/\",\"name\":\"Lanchas RIB de Lujo | Distribuidor Oficial Italboats Espa\u00f1a\",\"isPartOf\":{\"@id\":\"https:\/\/italboats.es\/es\/#website\"},\"datePublished\":\"2025-04-28T08:25:04+00:00\",\"dateModified\":\"2025-05-19T08:58:11+00:00\",\"description\":\"Descubre Italboats, la marca italiana l\u00edder en lanchas RIB de lujo, ahora disponible exclusivamente en Espa\u00f1a. Explora nuestra gama completa.\",\"breadcrumb\":{\"@id\":\"https:\/\/italboats.es\/es\/#breadcrumb\"},\"inLanguage\":\"es\",\"potentialAction\":[{\"@type\":\"ReadAction\",\"target\":[\"https:\/\/italboats.es\/es\/\"]}]},{\"@type\":\"BreadcrumbList\",\"@id\":\"https:\/\/italboats.es\/es\/#breadcrumb\",\"itemListElement\":[{\"@type\":\"ListItem\",\"position\":1,\"name\":\"Home\",\"item\":\"https:\/\/italboats.es\/es\/italboats\/\"},{\"@type\":\"ListItem\",\"position\":2,\"name\":\"Italboats\"}]},{\"@type\":\"WebSite\",\"@id\":\"https:\/\/italboats.es\/es\/#website\",\"url\":\"https:\/\/italboats.es\/es\/\",\"name\":\"Italboats Espa\u00f1a\",\"description\":\"\",\"publisher\":{\"@id\":\"https:\/\/italboats.es\/es\/#organization\"},\"potentialAction\":[{\"@type\":\"SearchAction\",\"target\":{\"@type\":\"EntryPoint\",\"urlTemplate\":\"https:\/\/italboats.es\/es\/?s={search_term_string}\"},\"query-input\":{\"@type\":\"PropertyValueSpecification\",\"valueRequired\":true,\"valueName\":\"search_term_string\"}}],\"inLanguage\":\"es\"},{\"@type\":\"Organization\",\"@id\":\"https:\/\/italboats.es\/es\/#organization\",\"name\":\"Italboats Espa\u00f1a\",\"url\":\"https:\/\/italboats.es\/es\/\",\"logo\":{\"@type\":\"ImageObject\",\"inLanguage\":\"es\",\"@id\":\"https:\/\/italboats.es\/es\/#\/schema\/logo\/image\/\",\"url\":\"https:\/\/italboats.es\/wp-content\/uploads\/2025\/04\/Italboats_logo_light_wide-2.png\",\"contentUrl\":\"https:\/\/italboats.es\/wp-content\/uploads\/2025\/04\/Italboats_logo_light_wide-2.png\",\"width\":1251,\"height\":153,\"caption\":\"Italboats Espa\u00f1a\"},\"image\":{\"@id\":\"https:\/\/italboats.es\/es\/#\/schema\/logo\/image\/\"}}]}<\/script>\n<!-- \/ Yoast SEO plugin. -->","yoast_head_json":{"title":"Lanchas RIB de Lujo | Distribuidor Oficial Italboats Espa\u00f1a","description":"Descubre Italboats, la marca italiana l\u00edder en lanchas RIB de lujo, ahora disponible exclusivamente en Espa\u00f1a. Explora nuestra gama completa.","robots":{"index":"index","follow":"follow","max-snippet":"max-snippet:-1","max-image-preview":"max-image-preview:large","max-video-preview":"max-video-preview:-1"},"canonical":"https:\/\/italboats.es\/es\/","og_locale":"es_ES","og_type":"article","og_title":"Lanchas RIB de Lujo | Distribuidor Oficial Italboats Espa\u00f1a","og_description":"Descubre Italboats, la marca italiana l\u00edder en lanchas RIB de lujo, ahora disponible exclusivamente en Espa\u00f1a. Explora nuestra gama completa.","og_url":"https:\/\/italboats.es\/es\/","og_site_name":"Italboats Espa\u00f1a","article_modified_time":"2025-05-19T08:58:11+00:00","twitter_card":"summary_large_image","twitter_misc":{"Tiempo de lectura":"3 minutos"},"schema":{"@context":"https:\/\/schema.org","@graph":[{"@type":"WebPage","@id":"https:\/\/italboats.es\/es\/","url":"https:\/\/italboats.es\/es\/","name":"Lanchas RIB de Lujo | Distribuidor Oficial Italboats Espa\u00f1a","isPartOf":{"@id":"https:\/\/italboats.es\/es\/#website"},"datePublished":"2025-04-28T08:25:04+00:00","dateModified":"2025-05-19T08:58:11+00:00","description":"Descubre Italboats, la marca italiana l\u00edder en lanchas RIB de lujo, ahora disponible exclusivamente en Espa\u00f1a. Explora nuestra gama completa.","breadcrumb":{"@id":"https:\/\/italboats.es\/es\/#breadcrumb"},"inLanguage":"es","potentialAction":[{"@type":"ReadAction","target":["https:\/\/italboats.es\/es\/"]}]},{"@type":"BreadcrumbList","@id":"https:\/\/italboats.es\/es\/#breadcrumb","itemListElement":[{"@type":"ListItem","position":1,"name":"Home","item":"https:\/\/italboats.es\/es\/italboats\/"},{"@type":"ListItem","position":2,"name":"Italboats"}]},{"@type":"WebSite","@id":"https:\/\/italboats.es\/es\/#website","url":"https:\/\/italboats.es\/es\/","name":"Italboats Espa\u00f1a","description":"","publisher":{"@id":"https:\/\/italboats.es\/es\/#organization"},"potentialAction":[{"@type":"SearchAction","target":{"@type":"EntryPoint","urlTemplate":"https:\/\/italboats.es\/es\/?s={search_term_string}"},"query-input":{"@type":"PropertyValueSpecification","valueRequired":true,"valueName":"search_term_string"}}],"inLanguage":"es"},{"@type":"Organization","@id":"https:\/\/italboats.es\/es\/#organization","name":"Italboats Espa\u00f1a","url":"https:\/\/italboats.es\/es\/","logo":{"@type":"ImageObject","inLanguage":"es","@id":"https:\/\/italboats.es\/es\/#\/schema\/logo\/image\/","url":"https:\/\/italboats.es\/wp-content\/uploads\/2025\/04\/Italboats_logo_light_wide-2.png","contentUrl":"https:\/\/italboats.es\/wp-content\/uploads\/2025\/04\/Italboats_logo_light_wide-2.png","width":1251,"height":153,"caption":"Italboats Espa\u00f1a"},"image":{"@id":"https:\/\/italboats.es\/es\/#\/schema\/logo\/image\/"}}]}},"_links":{"self":[{"href":"https:\/\/italboats.es\/es\/wp-json\/wp\/v2\/pages\/836","targetHints":{"allow":["GET"]}}],"collection":[{"href":"https:\/\/italboats.es\/es\/wp-json\/wp\/v2\/pages"}],"about":[{"href":"https:\/\/italboats.es\/es\/wp-json\/wp\/v2\/types\/page"}],"author":[{"embeddable":true,"href":"https:\/\/italboats.es\/es\/wp-json\/wp\/v2\/users\/1"}],"replies":[{"embeddable":true,"href":"https:\/\/italboats.es\/es\/wp-json\/wp\/v2\/comments?post=836"}],"version-history":[{"count":31,"href":"https:\/\/italboats.es\/es\/wp-json\/wp\/v2\/pages\/836\/revisions"}],"predecessor-version":[{"id":1027,"href":"https:\/\/italboats.es\/es\/wp-json\/wp\/v2\/pages\/836\/revisions\/1027"}],"wp:attachment":[{"href":"https:\/\/italboats.es\/es\/wp-json\/wp\/v2\/media?parent=836"}],"curies":[{"name":"wp","href":"https:\/\/api.w.org\/{rel}","templated":true}]}}